{"id":2667,"date":"2024-05-13T08:52:39","date_gmt":"2024-05-13T05:52:39","guid":{"rendered":"http:\/\/jnats.eu\/?post_type=product&#038;p=2667"},"modified":"2024-06-04T20:07:48","modified_gmt":"2024-06-04T17:07:48","slug":"naniwa-aotoishi-2000-ir-0260","status":"publish","type":"product","link":"https:\/\/jnats.eu\/es\/producto-2\/naniwa-aotoishi-2000-ir-0260\/","title":{"rendered":"Naniwa Aotoishi #2000 IR-0260"},"content":{"rendered":"<p>La Naniwa Aotoishi es una piedra de afilar de gran tama\u00f1o dise\u00f1ada para afilar sus cuchillos desafilados (como en el control). #2000 es un tama\u00f1o de grano muy pr\u00e1ctico. Lo suficientemente grueso para afilar cuchillos usados r\u00e1pidamente, y lo suficientemente fino para terminar realmente afilado. Como utilizar\u00e1 a menudo una piedra de afilar de este grano, se desgastar\u00e1n con bastante rapidez. Para garantizar una larga vida \u00fatil, Naniwa se ha asegurado de que esta piedra de afilar sea extremadamente gruesa. Al menos el doble de gruesa que una piedra de afilar normal.<\/p>\n\n\n\n<p>Con el paso de los a\u00f1os, el Aotoishi se ha hecho cada vez m\u00e1s popular. No s\u00f3lo por su grosor, sino tambi\u00e9n por su eficacia y versatilidad. El nombre Aotoishi hace referencia a su color verde y al hecho de que es una piedra de afilar. Sin embargo, sus numerosos aficionados suelen referirse a Aotoishi como el \"ladrillo verde de la alegr\u00eda\".<\/p>\n\n\n\n<figure class=\"wp-block-embed is-type-video is-provider-youtube wp-block-embed-youtube wp-embed-aspect-16-9 wp-has-aspect-ratio\"><div class=\"wp-block-embed__wrapper\">\n<div class=\"video-container\"><iframe title=\"Naniwa Aotoshi, &quot;ladrillo verde de la alegr\u00eda&quot;. Una sesi\u00f3n de afilado con piedra\" width=\"1170\" height=\"658\" src=\"https:\/\/www.youtube.com\/embed\/avkcYvT65QM?feature=oembed\" frameborder=\"0\" allow=\"accelerometer; autoplay; clipboard-write; encrypted-media; gyroscope; picture-in-picture; web-share\" referrerpolicy=\"strict-origin-when-cross-origin\" allowfullscreen><\/iframe><\/div>\n<\/div><\/figure>","protected":false},"excerpt":{"rendered":"<ul>\n<li>Se utiliza para la fase intermedia o final del afilado<\/li>\n<li>\u00d3xido de aluminio blanco<\/li>\n<li>Granulometr\u00eda: #2000<\/li>\n<li>Necesitas remojarte<\/li>\n<li>Dimensiones: 210 x 70 x 55 mm<\/li>\n<li>Peso: 1780 g<\/li>\n<\/ul>","protected":false},"featured_media":2668,"comment_status":"open","ping_status":"closed","template":"","meta":[],"product_brand":[],"product_cat":[290],"product_tag":[197],"class_list":{"0":"post-2667","1":"product","2":"type-product","3":"status-publish","4":"has-post-thumbnail","6":"product_cat-whetstones","7":"product_tag-naniwa","8":"product_shipping_class-iprastas","10":"first","11":"outofstock","12":"shipping-taxable","13":"purchasable","14":"product-type-simple"},"_links":{"self":[{"href":"https:\/\/jnats.eu\/es\/wp-json\/wp\/v2\/product\/2667","targetHints":{"allow":["GET"]}}],"collection":[{"href":"https:\/\/jnats.eu\/es\/wp-json\/wp\/v2\/product"}],"about":[{"href":"https:\/\/jnats.eu\/es\/wp-json\/wp\/v2\/types\/product"}],"replies":[{"embeddable":true,"href":"https:\/\/jnats.eu\/es\/wp-json\/wp\/v2\/comments?post=2667"}],"wp:featuredmedia":[{"embeddable":true,"href":"https:\/\/jnats.eu\/es\/wp-json\/wp\/v2\/media\/2668"}],"wp:attachment":[{"href":"https:\/\/jnats.eu\/es\/wp-json\/wp\/v2\/media?parent=2667"}],"wp:term":[{"taxonomy":"product_brand","embeddable":true,"href":"https:\/\/jnats.eu\/es\/wp-json\/wp\/v2\/product_brand?post=2667"},{"taxonomy":"product_cat","embeddable":true,"href":"https:\/\/jnats.eu\/es\/wp-json\/wp\/v2\/product_cat?post=2667"},{"taxonomy":"product_tag","embeddable":true,"href":"https:\/\/jnats.eu\/es\/wp-json\/wp\/v2\/product_tag?post=2667"}],"curies":[{"name":"wp","href":"https:\/\/api.w.org\/{rel}","templated":true}]}}