{"id":2669,"date":"2024-05-13T09:01:52","date_gmt":"2024-05-13T06:01:52","guid":{"rendered":"http:\/\/jnats.eu\/?post_type=product&#038;p=2669"},"modified":"2024-07-09T23:11:51","modified_gmt":"2024-07-09T20:11:51","slug":"king-deluxe-stone-1000","status":"publish","type":"product","link":"https:\/\/jnats.eu\/es\/producto-2\/king-deluxe-stone-1000\/","title":{"rendered":"Rey Deluxe Piedra #1000"},"content":{"rendered":"<p>\u00a1Ya basta de usar tus 5 mm! Compre un art\u00edculo del que no le avergonzar\u00e1 tomar un pu\u00f1ado o presumir ante los dem\u00e1s. \u00a1Ten respeto por ti mismo!<\/p>\n\n\n\n<p>La piedra de afilar perfecta para mantener la hoja afilada. Puedes usarlo para tijeras, cuchillos, navajas, etc.<br>Antes de usar, sum\u00e9rjala en agua durante unos 3 minutos para saturar la piedra con agua. Si la superficie de la piedra se seca durante el trabajo, roc\u00edela con agua.<\/p>\n\n\n\n<p>\u00daselo siempre sobre una superficie lisa, estable y antideslizante. Enjuague bien con agua despu\u00e9s de su uso. D\u00e9jelo secar y gu\u00e1rdelo en un lugar alejado de la luz solar directa.<\/p>\n\n\n\n<p>Si parte de la piedra se astilla al caer, aseg\u00farese de alisar la parte astillada para evitar da\u00f1os a la hoja al afilar con ella.<\/p>\n\n\n\n<p>Matsunaga Stone Co., Ltd. es un fabricante y vendedor de productos abrasivos y otros productos con sede en la prefectura de Osaka. Ofrecen la serie King Grindstone, desarrollada a trav\u00e9s de a\u00f1os de investigaci\u00f3n y utilizando la \u00faltima tecnolog\u00eda, as\u00ed como piedras de amolar para cortar, afilar, pulir y una variedad de otras aplicaciones.<\/p>","protected":false},"excerpt":{"rendered":"<ul>\n<li>Utilizado para la etapa de afilado medio.<\/li>\n<li>Oxido de aluminio<\/li>\n<li>Grano: #1000<\/li>\n<li>Necesitas remojarte<\/li>\n<li>Dimensiones: 209 x 70 x 60 mm<\/li>\n<li>Peso: 1700 gramos<\/li>\n<\/ul>","protected":false},"featured_media":2670,"comment_status":"open","ping_status":"closed","template":"","meta":[],"product_brand":[],"product_cat":[290],"product_tag":[292],"class_list":{"0":"post-2669","1":"product","2":"type-product","3":"status-publish","4":"has-post-thumbnail","6":"product_cat-whetstones","7":"product_tag-king","8":"product_shipping_class-iprastas","10":"first","11":"outofstock","12":"shipping-taxable","13":"purchasable","14":"product-type-simple"},"_links":{"self":[{"href":"https:\/\/jnats.eu\/es\/wp-json\/wp\/v2\/product\/2669","targetHints":{"allow":["GET"]}}],"collection":[{"href":"https:\/\/jnats.eu\/es\/wp-json\/wp\/v2\/product"}],"about":[{"href":"https:\/\/jnats.eu\/es\/wp-json\/wp\/v2\/types\/product"}],"replies":[{"embeddable":true,"href":"https:\/\/jnats.eu\/es\/wp-json\/wp\/v2\/comments?post=2669"}],"wp:featuredmedia":[{"embeddable":true,"href":"https:\/\/jnats.eu\/es\/wp-json\/wp\/v2\/media\/2670"}],"wp:attachment":[{"href":"https:\/\/jnats.eu\/es\/wp-json\/wp\/v2\/media?parent=2669"}],"wp:term":[{"taxonomy":"product_brand","embeddable":true,"href":"https:\/\/jnats.eu\/es\/wp-json\/wp\/v2\/product_brand?post=2669"},{"taxonomy":"product_cat","embeddable":true,"href":"https:\/\/jnats.eu\/es\/wp-json\/wp\/v2\/product_cat?post=2669"},{"taxonomy":"product_tag","embeddable":true,"href":"https:\/\/jnats.eu\/es\/wp-json\/wp\/v2\/product_tag?post=2669"}],"curies":[{"name":"wp","href":"https:\/\/api.w.org\/{rel}","templated":true}]}}