{"id":2696,"date":"2025-04-30T14:35:08","date_gmt":"2025-04-30T11:35:08","guid":{"rendered":"http:\/\/jnats.eu\/?post_type=product&#038;p=2696"},"modified":"2025-05-04T13:57:31","modified_gmt":"2025-05-04T10:57:31","slug":"naudotas-japoniskas-skustuvo-galandinimo-dirzas-sp1-4-in-1","status":"publish","type":"product","link":"https:\/\/jnats.eu\/es\/producto-2\/naudotas-japoniskas-skustuvo-galandinimo-dirzas-sp1-4-in-1\/","title":{"rendered":"Cinta afiladora japonesa usada SP1 4 en 1"},"content":{"rendered":"<p>Al afeitarse con una maquinilla plegable, la hoja pierde filo con el tiempo. En ese caso, puede afilar la maquinilla con las siguientes bandas de cuero. Una banda de lino (no disponible aqu\u00ed) se utiliza para afilar las cuchillas cuando est\u00e1n m\u00e1s sueltas o despu\u00e9s de afilarlas en una piedra para eliminar los restos met\u00e1licos de la maquinilla que puedan clavarse en la piel.<\/p>\n\n\n\n<p>Cuelga un lado de la correa y tensa el otro con la mano. <\/p>\n\n\n\n<p>Los cinturones se componen de dos capas de cuero: una capa superior de cuero de caballo cordob\u00e9s de trabajo y una capa inferior de cuero m\u00e1s barato.<\/p>\n\n\n\n<figure class=\"wp-block-embed is-type-video is-provider-youtube wp-block-embed-youtube wp-embed-aspect-16-9 wp-has-aspect-ratio\"><div class=\"wp-block-embed__wrapper\">\n<div class=\"video-container\"><iframe title=\"Afiladora de navajas japonesa usada Strop SP1 4 en 1\" width=\"1170\" height=\"658\" src=\"https:\/\/www.youtube.com\/embed\/xsmryXOKC6Q?feature=oembed\" frameborder=\"0\" allow=\"accelerometer; autoplay; clipboard-write; encrypted-media; gyroscope; picture-in-picture; web-share\" referrerpolicy=\"strict-origin-when-cross-origin\" allowfullscreen><\/iframe><\/div>\n<\/div><\/figure>","protected":false},"excerpt":{"rendered":"<ul>\n<li>Cinta afiladora japonesa usada SP1 en cuatro piezas.<\/li>\n<li>Cuatro correas unidas por una hebilla.<\/li>\n<li>Dos est\u00e1n en buen estado, dos en estado regular.<\/li>\n<li>Dimensiones: 600x62x1,7 mm<\/li>\n<\/ul>","protected":false},"featured_media":4501,"comment_status":"open","ping_status":"closed","template":"","meta":[],"product_brand":[],"product_cat":[23],"product_tag":[294,293],"class_list":{"0":"post-2696","1":"product","2":"type-product","3":"status-publish","4":"has-post-thumbnail","6":"product_cat-razors","7":"product_tag-dirzas","8":"product_tag-strop","9":"product_shipping_class-light","11":"first","12":"outofstock","13":"shipping-taxable","14":"purchasable","15":"product-type-simple"},"_links":{"self":[{"href":"https:\/\/jnats.eu\/es\/wp-json\/wp\/v2\/product\/2696","targetHints":{"allow":["GET"]}}],"collection":[{"href":"https:\/\/jnats.eu\/es\/wp-json\/wp\/v2\/product"}],"about":[{"href":"https:\/\/jnats.eu\/es\/wp-json\/wp\/v2\/types\/product"}],"replies":[{"embeddable":true,"href":"https:\/\/jnats.eu\/es\/wp-json\/wp\/v2\/comments?post=2696"}],"wp:featuredmedia":[{"embeddable":true,"href":"https:\/\/jnats.eu\/es\/wp-json\/wp\/v2\/media\/4501"}],"wp:attachment":[{"href":"https:\/\/jnats.eu\/es\/wp-json\/wp\/v2\/media?parent=2696"}],"wp:term":[{"taxonomy":"product_brand","embeddable":true,"href":"https:\/\/jnats.eu\/es\/wp-json\/wp\/v2\/product_brand?post=2696"},{"taxonomy":"product_cat","embeddable":true,"href":"https:\/\/jnats.eu\/es\/wp-json\/wp\/v2\/product_cat?post=2696"},{"taxonomy":"product_tag","embeddable":true,"href":"https:\/\/jnats.eu\/es\/wp-json\/wp\/v2\/product_tag?post=2696"}],"curies":[{"name":"wp","href":"https:\/\/api.w.org\/{rel}","templated":true}]}}