{"id":2749,"date":"2024-05-30T11:29:14","date_gmt":"2024-05-30T08:29:14","guid":{"rendered":"http:\/\/jnats.eu\/?post_type=product&#038;p=2749"},"modified":"2024-08-09T23:30:23","modified_gmt":"2024-08-09T20:30:23","slug":"ohira-suita-suminagashi","status":"publish","type":"product","link":"https:\/\/jnats.eu\/es\/producto-2\/ohira-suita-suminagashi\/","title":{"rendered":"Ohira Suita Suminagashi"},"content":{"rendered":"<p>Fino y duro, Ohira Suita Suminagashi es f\u00e1cil de usar e ideal para pulir y afilar cuchillos de cocina. Si presionas con fuerza, la piedra liberar\u00e1 la suspensi\u00f3n y afilar\u00e1 el cuchillo, si aplicas una presi\u00f3n m\u00e1s ligera, se pulir\u00e1. La respuesta es lo suficientemente fluida e informativa como para brindarle al usuario una buena idea del proceso de afilado. Esta piedra ser\u00eda un excelente y valioso caballo de batalla para afilar y pulir. Las l\u00edneas son seguras. <\/p>\n\n\n\n<p><strong>Ohira (\u5927\u5e73, Oohira, Ohirayama)<\/strong> Mina occidental, famosa por la calidad de Uchigumori y Suita. Aunque la mina todav\u00eda se explota ocasionalmente, cada vez es m\u00e1s dif\u00edcil encontrar uchigumori y Ohira suita exportables. Debido a la calidad superior de Ohira suita y uchigumori, no es raro que piedras de otras minas sean estampadas y vendidas como Ohira.<\/p>\n\n\n\n<figure class=\"wp-block-embed is-type-video is-provider-youtube wp-block-embed-youtube wp-embed-aspect-16-9 wp-has-aspect-ratio\"><div class=\"wp-block-embed__wrapper\">\n<div class=\"video-container\"><iframe title=\"Ohira Suita Suminagashi, Nakayama Ikimurasaki, Ozuku Asagi Razor Finisher\" width=\"1170\" height=\"658\" src=\"https:\/\/www.youtube.com\/embed\/cywJ94xv11o?feature=oembed\" frameborder=\"0\" allow=\"accelerometer; autoplay; clipboard-write; encrypted-media; gyroscope; picture-in-picture; web-share\" referrerpolicy=\"strict-origin-when-cross-origin\" allowfullscreen><\/iframe><\/div>\n<\/div><\/figure>","protected":false},"excerpt":{"rendered":"<p><!-- wp:list --><\/p>\n<ul><!-- wp:list-item --><\/p>\n<li>Adecuado para el acabado de navajas, cuchillos, tijeras, carpinter\u00eda y otras herramientas.<\/li>\n<p><!-- \/wp:list-item --><\/p>\n<p><!-- wp:list-item --><\/p>\n<li>Dimensiones: 205x74x55mm<\/li>\n<p><!-- \/wp:list-item --><\/p>\n<p><!-- wp:list-item --><\/p>\n<li>Peso: 2130 gramos<\/li>\n<p><!-- \/wp:list-item --><\/p>\n<p><!-- wp:list-item --><\/p>\n<li>Dureza: Lv 4.7<\/li>\n<p><!-- \/wp:list-item --><\/p>\n<p><!-- wp:list-item --><\/p>\n<li>Las l\u00edneas son seguras<\/li>\n<p><!-- \/wp:list-item --><\/p>\n<p><!-- wp:list-item --><\/p>\n<li>Ambos lados est\u00e1n nivelados y listos para trabajar. Hay algunos hoyos en los bordes.<\/li>\n<p><!-- \/wp:list-item --><\/ul>\n<p><!-- \/wp:list --><\/p>","protected":false},"featured_media":2751,"comment_status":"open","ping_status":"closed","template":"","meta":[],"product_brand":[],"product_cat":[22],"product_tag":[47,50,295],"class_list":{"0":"post-2749","1":"product","2":"type-product","3":"status-publish","4":"has-post-thumbnail","6":"product_cat-jnats","7":"product_tag-ohira","8":"product_tag-suita","9":"product_tag-suminagashi","10":"product_shipping_class-iprastas","12":"first","13":"instock","14":"shipping-taxable","15":"purchasable","16":"product-type-simple"},"_links":{"self":[{"href":"https:\/\/jnats.eu\/es\/wp-json\/wp\/v2\/product\/2749","targetHints":{"allow":["GET"]}}],"collection":[{"href":"https:\/\/jnats.eu\/es\/wp-json\/wp\/v2\/product"}],"about":[{"href":"https:\/\/jnats.eu\/es\/wp-json\/wp\/v2\/types\/product"}],"replies":[{"embeddable":true,"href":"https:\/\/jnats.eu\/es\/wp-json\/wp\/v2\/comments?post=2749"}],"wp:featuredmedia":[{"embeddable":true,"href":"https:\/\/jnats.eu\/es\/wp-json\/wp\/v2\/media\/2751"}],"wp:attachment":[{"href":"https:\/\/jnats.eu\/es\/wp-json\/wp\/v2\/media?parent=2749"}],"wp:term":[{"taxonomy":"product_brand","embeddable":true,"href":"https:\/\/jnats.eu\/es\/wp-json\/wp\/v2\/product_brand?post=2749"},{"taxonomy":"product_cat","embeddable":true,"href":"https:\/\/jnats.eu\/es\/wp-json\/wp\/v2\/product_cat?post=2749"},{"taxonomy":"product_tag","embeddable":true,"href":"https:\/\/jnats.eu\/es\/wp-json\/wp\/v2\/product_tag?post=2749"}],"curies":[{"name":"wp","href":"https:\/\/api.w.org\/{rel}","templated":true}]}}