{"id":2776,"date":"2025-08-21T08:23:35","date_gmt":"2025-08-21T05:23:35","guid":{"rendered":"http:\/\/jnats.eu\/?post_type=product&#038;p=2776"},"modified":"2025-09-30T11:22:08","modified_gmt":"2025-09-30T08:22:08","slug":"iwasaki-kamisori-swedish-steel","status":"publish","type":"product","link":"https:\/\/jnats.eu\/es\/producto-2\/iwasaki-kamisori-swedish-steel\/","title":{"rendered":"Iwasaki kamisori Acero sueco (NOS)"},"content":{"rendered":"<figure class=\"wp-block-embed is-type-video is-provider-youtube wp-block-embed-youtube wp-embed-aspect-9-16 wp-has-aspect-ratio\"><div class=\"wp-block-embed__wrapper\">\n<div class=\"video-container\"><iframe title=\"Iwasaki kamisori Acero sueco (NOS)\" width=\"563\" height=\"1000\" src=\"https:\/\/www.youtube.com\/embed\/DL6KQ6jBGuI?feature=oembed\" frameborder=\"0\" allow=\"accelerometer; autoplay; clipboard-write; encrypted-media; gyroscope; picture-in-picture; web-share\" referrerpolicy=\"strict-origin-when-cross-origin\" allowfullscreen><\/iframe><\/div>\n<\/div><\/figure>\n\n\n\n<p>La Iwasaki es una de las m\u00e1s apreciadas entre los coleccionistas y los aficionados al afeitado tradicional por la calidad de su acero templado y su elaboraci\u00f3n. La maquinilla se fabric\u00f3 en el periodo Showa, alrededor de la d\u00e9cada de 1950. Tiene una longitud de 15 cm, un filo de 4,6 cm y un peso de 36 g. Se trata de una kamisori de tama\u00f1o medio y peso ligero.<\/p>\n\n\n\n<p>Similar a una espada samur\u00e1i tradicional, esta Kamisori ha sido forjada a mano a partir de 2 capas, la parte cortante est\u00e1 hecha de acero con alto contenido de carbono y la parte de soporte es de acero inoxidable m\u00e1s simple. La capa intermedia es dura para un afeitado duradero y un afeitado agradable, mientras que la capa de soporte proporciona la flexibilidad necesaria.<\/p>\n\n\n\n<p>Ambas capas son buenas para resistir la corrosi\u00f3n, pero ning\u00fan acero es completamente inoxidable, as\u00ed que mant\u00e9n siempre tu navaja seca y prot\u00e9gela con una fina capa de aceite despu\u00e9s del afeitado. <\/p>","protected":false},"excerpt":{"rendered":"<ul>\n<li>Material de la hoja: Acero sueco forjado y endurecido bastante duro - 63 HRC. Por lo tanto, conserva su nitidez durante mucho tiempo.<\/li>\n<li>Dimensiones de la hoja aprox. (todos los kamisori son ligeramente diferentes porque est\u00e1n hechos a mano): 46x20x4,5 mm<\/li>\n<li>Material del mango: acero forjado<\/li>\n<li>Longitud total: 151 mm<\/li>\n<li>Peso 36 gramos<\/li>\n<li>Origen: Jap\u00f3n<\/li>\n<\/ul>","protected":false},"featured_media":5125,"comment_status":"open","ping_status":"closed","template":"","meta":[],"product_brand":[],"product_cat":[23],"product_tag":[130,25,298],"class_list":{"0":"post-2776","1":"product","2":"type-product","3":"status-publish","4":"has-post-thumbnail","6":"product_cat-razors","7":"product_tag-iwasaki","8":"product_tag-kamisori","9":"product_tag-swedish-steel","10":"product_shipping_class-light","12":"first","13":"outofstock","14":"shipping-taxable","15":"product-type-variable"},"_links":{"self":[{"href":"https:\/\/jnats.eu\/es\/wp-json\/wp\/v2\/product\/2776","targetHints":{"allow":["GET"]}}],"collection":[{"href":"https:\/\/jnats.eu\/es\/wp-json\/wp\/v2\/product"}],"about":[{"href":"https:\/\/jnats.eu\/es\/wp-json\/wp\/v2\/types\/product"}],"replies":[{"embeddable":true,"href":"https:\/\/jnats.eu\/es\/wp-json\/wp\/v2\/comments?post=2776"}],"wp:featuredmedia":[{"embeddable":true,"href":"https:\/\/jnats.eu\/es\/wp-json\/wp\/v2\/media\/5125"}],"wp:attachment":[{"href":"https:\/\/jnats.eu\/es\/wp-json\/wp\/v2\/media?parent=2776"}],"wp:term":[{"taxonomy":"product_brand","embeddable":true,"href":"https:\/\/jnats.eu\/es\/wp-json\/wp\/v2\/product_brand?post=2776"},{"taxonomy":"product_cat","embeddable":true,"href":"https:\/\/jnats.eu\/es\/wp-json\/wp\/v2\/product_cat?post=2776"},{"taxonomy":"product_tag","embeddable":true,"href":"https:\/\/jnats.eu\/es\/wp-json\/wp\/v2\/product_tag?post=2776"}],"curies":[{"name":"wp","href":"https:\/\/api.w.org\/{rel}","templated":true}]}}