{"id":283,"date":"2024-02-29T10:57:24","date_gmt":"2024-02-29T08:57:24","guid":{"rendered":"http:\/\/jnats.eu\/?post_type=product&#038;p=283"},"modified":"2025-03-04T09:10:26","modified_gmt":"2025-03-04T07:10:26","slug":"asagi-shobudani","status":"publish","type":"product","link":"https:\/\/jnats.eu\/es\/producto-2\/asagi-shobudani\/","title":{"rendered":"Shobudani Asagi piedra natural japonesa para afilar"},"content":{"rendered":"<ul class=\"wp-block-list\">\n<li><strong>Dureza: Lv 4<\/strong><\/li>\n\n\n\n<li><strong>Dimensiones: 206x76x33mm<\/strong><\/li>\n\n\n\n<li><strong>Peso: 1320 gramos<\/strong><\/li>\n\n\n\n<li><em>Debilidades: hay una peque\u00f1a ranura a unos 3 cm del borde en la parte de trabajo.<\/em><\/li>\n\n\n\n<li>Perfecto para terminar las maquinillas de afeitar y lograr un afeitado s\u00faper suave. Por supuesto, ser\u00e1 adecuado para terminar el afilado de cuchillos, carpinter\u00eda y otras herramientas. Como la mayor\u00eda de las piedras naturales japonesas, esta proporciona una vida \u00fatil m\u00e1s larga (en comparaci\u00f3n con las sint\u00e9ticas) y un buen filo. Adem\u00e1s, evita la formaci\u00f3n de compuertas durante el afilado, lo que hace que el proceso sea m\u00e1s f\u00e1cil y r\u00e1pido. Se recomienda trabajar con agua tibia, porque solo as\u00ed se revelan las mejores propiedades abrasivas.<\/li>\n<\/ul>\n\n\n\n<figure class=\"wp-block-embed is-type-video is-provider-youtube wp-block-embed-youtube wp-embed-aspect-16-9 wp-has-aspect-ratio\"><div class=\"wp-block-embed__wrapper\">\n<div class=\"video-container\"><iframe title=\"Jnats: piedras de afilar Umegahata Tomae, Ozuku, Shobudani Asagi\" width=\"1170\" height=\"658\" src=\"https:\/\/www.youtube.com\/embed\/mTqJM3yPskA?start=310&#038;feature=oembed\" frameborder=\"0\" allow=\"accelerometer; autoplay; clipboard-write; encrypted-media; gyroscope; picture-in-picture; web-share\" referrerpolicy=\"strict-origin-when-cross-origin\" allowfullscreen><\/iframe><\/div>\n<\/div><\/figure>\n\n\n\n<p>Las principales ventajas de las piedras de afilar japonesas naturales:<\/p>\n\n\n\n<ul class=\"wp-block-list\">\n<li>Las herramientas se mantienen afiladas m\u00e1s tiempo<\/li>\n\n\n\n<li>Las piedras no se contaminan con residuos met\u00e1licos<\/li>\n\n\n\n<li>F\u00e1cil desmontaje de la v\u00e1lvula de compuerta<\/li>\n\n\n\n<li>Una respuesta sorprendente que permite sentir exactamente lo que ocurre en la superficie met\u00e1lica.<\/li>\n<\/ul>","protected":false},"excerpt":{"rendered":"<ul>\n<li><strong>Dureza: Lv 4<\/strong><\/li>\n<li><strong>Dimensiones: 206x76x33mm<\/strong><\/li>\n<li><strong>Peso: 1320 gramos<\/strong><\/li>\n<li><em>Debilidades: hay una peque\u00f1a ranura a unos 3 cm del borde en la parte de trabajo.<\/em><\/li>\n<li>Perfecto para terminar las maquinillas de afeitar y lograr un afeitado s\u00faper suave. Por supuesto, ser\u00e1 adecuado para terminar el afilado de cuchillos, carpinter\u00eda y otras herramientas. Como la mayor\u00eda de las piedras naturales japonesas, esta proporciona una vida \u00fatil m\u00e1s larga (en comparaci\u00f3n con las sint\u00e9ticas) y un buen filo. Adem\u00e1s, evita la formaci\u00f3n de compuertas durante el afilado, lo que hace que el proceso sea m\u00e1s f\u00e1cil y r\u00e1pido. Se recomienda trabajar con agua tibia, porque solo as\u00ed se revelan las mejores propiedades abrasivas.<\/li>\n<\/ul>","protected":false},"featured_media":1251,"comment_status":"open","ping_status":"closed","template":"","meta":[],"product_brand":[],"product_cat":[22],"product_tag":[45,44],"class_list":{"0":"post-283","1":"product","2":"type-product","3":"status-publish","4":"has-post-thumbnail","6":"product_cat-jnats","7":"product_tag-asagi","8":"product_tag-shobudani","9":"product_shipping_class-iprastas","11":"first","12":"outofstock","13":"sale","14":"shipping-taxable","15":"purchasable","16":"product-type-simple"},"_links":{"self":[{"href":"https:\/\/jnats.eu\/es\/wp-json\/wp\/v2\/product\/283","targetHints":{"allow":["GET"]}}],"collection":[{"href":"https:\/\/jnats.eu\/es\/wp-json\/wp\/v2\/product"}],"about":[{"href":"https:\/\/jnats.eu\/es\/wp-json\/wp\/v2\/types\/product"}],"replies":[{"embeddable":true,"href":"https:\/\/jnats.eu\/es\/wp-json\/wp\/v2\/comments?post=283"}],"wp:featuredmedia":[{"embeddable":true,"href":"https:\/\/jnats.eu\/es\/wp-json\/wp\/v2\/media\/1251"}],"wp:attachment":[{"href":"https:\/\/jnats.eu\/es\/wp-json\/wp\/v2\/media?parent=283"}],"wp:term":[{"taxonomy":"product_brand","embeddable":true,"href":"https:\/\/jnats.eu\/es\/wp-json\/wp\/v2\/product_brand?post=283"},{"taxonomy":"product_cat","embeddable":true,"href":"https:\/\/jnats.eu\/es\/wp-json\/wp\/v2\/product_cat?post=283"},{"taxonomy":"product_tag","embeddable":true,"href":"https:\/\/jnats.eu\/es\/wp-json\/wp\/v2\/product_tag?post=283"}],"curies":[{"name":"wp","href":"https:\/\/api.w.org\/{rel}","templated":true}]}}