{"id":313,"date":"2024-03-02T14:13:44","date_gmt":"2024-03-02T12:13:44","guid":{"rendered":"http:\/\/jnats.eu\/?post_type=product&#038;p=313"},"modified":"2026-01-30T18:16:12","modified_gmt":"2026-01-30T16:16:12","slug":"navajas-japonesas-vintage-kamisori-nos","status":"publish","type":"product","link":"https:\/\/jnats.eu\/es\/producto-2\/navajas-japonesas-vintage-kamisori-nos\/","title":{"rendered":"Iwasaki Sanjo Seisakusho \u4e09\u6761\u88fd\u4f5c\u6240 Shizusaburo y Henkotsu Vintage maquinillas de afeitar japonesas Kamisori NOS"},"content":{"rendered":"<p>El legendario herrero Shigeyoshi Iwasaki naci\u00f3 en 1933 y tuvo como maestro, entre otros, a su padre, el Dr. Iwasaki Kousuke, creador de Iwasaki Kamisori, tambi\u00e9n metal\u00fargico, famoso por la clasificaci\u00f3n del acero japon\u00e9s, es decir, \"papel amarillo\", \"papel blanco\", \"papel azul\". etc.<br>Tambi\u00e9n se dedic\u00f3 al estudio de las antiguas espadas y cuchillos conservados en el Museo Syousou-In, construido en el siglo VIII.<br>Cuando no trabajaba en su fragua, ense\u00f1aba t\u00e9cnicas y teor\u00eda metal\u00fargica a j\u00f3venes herreros de Sanjo como Shigefusa y Yoshikane. Ahora Shigeyoshi Iwasaki est\u00e1 jubilado, pero su aprendiz, el Sr. Ryoichi Mizuochi, fabrica otras maravillosas navajas con el logotipo bien conocido entre los aficionados: \u00a1tres rayas en un c\u00edrculo!<\/p>\n\n\n\n<p><strong>El Henkotsu es tambi\u00e9n uno de los kamisori antiguos m\u00e1s apreciados de Jap\u00f3n.<\/strong><\/p>\n\n\n\n<p>Presentamos una colecci\u00f3n exclusiva de maquinillas de afeitar japonesas antiguas, la serie Kamisori, dise\u00f1ada para redefinir la experiencia del cuidado de la barba con precisi\u00f3n y artesan\u00eda tradicional japonesa.<br><br>Elaborada con el m\u00e1ximo cuidado y atenci\u00f3n al detalle, cada navaja Kamisori encarna la elegancia y eficiencia atemporales asociadas con la herencia japonesa. Estas maquinillas de afeitar combinan a la perfecci\u00f3n t\u00e9cnicas tradicionales con caracter\u00edsticas modernas para brindar la mejor experiencia de afeitado al hombre exigente. La hoja de acero al carbono duro est\u00e1 forjada en una funda de acero m\u00e1s suave para lograr el m\u00e1ximo filo y durabilidad. As\u00ed se fabrican desde hace muchos siglos las famosas espadas katana japonesas.<br><br>Principales caracter\u00edsticas:<br><br>Aut\u00e9ntica artesan\u00eda japonesa: las maquinillas de afeitar Kamisori est\u00e1n meticulosamente elaboradas a mano por expertos artesanos que han perfeccionado su oficio a lo largo de generaciones, garantizando una calidad y precisi\u00f3n inigualables.<br><br>Materiales de primera calidad: en sus maquinillas de afeitar solo se utilizan los mejores materiales, incluido acero de alta calidad y aleaciones japonesas aut\u00e9nticas para garantizar durabilidad y longevidad.<br><br>Dise\u00f1o atemporal: El dise\u00f1o de la maquinilla de afeitar Kamisori est\u00e1 inspirado en la est\u00e9tica japonesa centenaria, con l\u00edneas limpias, elegancia minimalista y mangos ergon\u00f3micos para un f\u00e1cil control y maniobrabilidad.<br><br>Excelente rendimiento de afeitado: experimente la m\u00e1xima precisi\u00f3n de afeitado con las maquinillas de afeitar Kamisori, dise\u00f1adas para un afeitado suave y apurado con una irritaci\u00f3n m\u00ednima gracias a las hojas afiladas y la distribuci\u00f3n equilibrada del peso.<br><br>Versatilidad: Ya sea que prefiera un afeitado limpio o detalles intrincados, las maquinillas de afeitar Kamisori son lo suficientemente vers\u00e1tiles como para adaptarse a una variedad de estilos y preferencias de afeitado, lo que las convierte en una herramienta de cuidado esencial para el caballero moderno.<br><br>Una pieza de colecci\u00f3n: cada navaja Kamisori es un testimonio de la rica herencia de la artesan\u00eda japonesa, lo que la convierte no solo en un accesorio de aseo funcional, sino tambi\u00e9n en una preciada pieza de colecci\u00f3n para los entusiastas de la cultura tradicional del afeitado.<br><br>Disfrute del arte tradicional del afeitado japon\u00e9s con maquinillas de afeitar Kamisori antiguas y lleve su rutina de afeitado a nuevas alturas de sofisticaci\u00f3n y lujo. Experimente la diferencia que la ingenier\u00eda de precisi\u00f3n y el dise\u00f1o atemporal pueden marcar para lograr el afeitado perfecto en todo momento.<\/p>","protected":false},"excerpt":{"rendered":"<ul>\n<li>NOS (New old stock) Maquinillas de afeitar tradicionales japonesas sin usar, cuidadosamente conservadas y con cajas de mediados del siglo pasado.<\/li>\n<li>Tiene signos de corrosi\u00f3n.<\/li>\n<li>La hoja de acero al carbono duro est\u00e1 forjada en una funda de acero m\u00e1s suave para lograr el m\u00e1ximo filo y durabilidad. As\u00ed se fabrican desde hace muchos siglos las famosas espadas katana japonesas.<\/li>\n<li>\n<p>Navajas muy raras, primeras obras de Shigeyoshi Iwasaki. A mediados del siglo pasado, Iwasaki fue el \u00fanico en utilizar tres l\u00edneas dentro de un c\u00edrculo en un logotipo. Iwasaki trabajaba en las maquinillas Nippon antes de crear el logotipo. Shizusaburo cre\u00f3 su propio logotipo tras la aparici\u00f3n de esta maquinilla.<\/p>\n<\/li>\n<li><strong>Izquierda n\u00ba 2<\/strong><\/li>\n<li>Longitud total: 150 mm<\/li>\n<li>Hoja: 43x21x5 mm<\/li>\n<li>Peso: 36 g<\/li>\n<\/ul>","protected":false},"featured_media":1083,"comment_status":"open","ping_status":"closed","template":"","meta":[],"product_brand":[],"product_cat":[23],"product_tag":[25,55],"class_list":{"0":"post-313","1":"product","2":"type-product","3":"status-publish","4":"has-post-thumbnail","6":"product_cat-razors","7":"product_tag-kamisori","8":"product_tag-nos","9":"product_shipping_class-light","11":"first","12":"instock","13":"sold-individually","14":"shipping-taxable","15":"product-type-variable"},"_links":{"self":[{"href":"https:\/\/jnats.eu\/es\/wp-json\/wp\/v2\/product\/313","targetHints":{"allow":["GET"]}}],"collection":[{"href":"https:\/\/jnats.eu\/es\/wp-json\/wp\/v2\/product"}],"about":[{"href":"https:\/\/jnats.eu\/es\/wp-json\/wp\/v2\/types\/product"}],"replies":[{"embeddable":true,"href":"https:\/\/jnats.eu\/es\/wp-json\/wp\/v2\/comments?post=313"}],"wp:featuredmedia":[{"embeddable":true,"href":"https:\/\/jnats.eu\/es\/wp-json\/wp\/v2\/media\/1083"}],"wp:attachment":[{"href":"https:\/\/jnats.eu\/es\/wp-json\/wp\/v2\/media?parent=313"}],"wp:term":[{"taxonomy":"product_brand","embeddable":true,"href":"https:\/\/jnats.eu\/es\/wp-json\/wp\/v2\/product_brand?post=313"},{"taxonomy":"product_cat","embeddable":true,"href":"https:\/\/jnats.eu\/es\/wp-json\/wp\/v2\/product_cat?post=313"},{"taxonomy":"product_tag","embeddable":true,"href":"https:\/\/jnats.eu\/es\/wp-json\/wp\/v2\/product_tag?post=313"}],"curies":[{"name":"wp","href":"https:\/\/api.w.org\/{rel}","templated":true}]}}