{"id":3175,"date":"2025-02-12T14:37:19","date_gmt":"2025-02-12T12:37:19","guid":{"rendered":"https:\/\/jnats.eu\/?post_type=product&#038;p=3175"},"modified":"2026-02-15T19:34:41","modified_gmt":"2026-02-15T17:34:41","slug":"gargantas","status":"publish","type":"product","link":"https:\/\/jnats.eu\/es\/producto-2\/gargantas\/","title":{"rendered":"Piedra de afilar mediana Aizu"},"content":{"rendered":"<p>Como la mayor\u00eda de las Aizu, esta piedra tiene una dureza bastante moderada y no suelta f\u00e1cilmente su suspensi\u00f3n. Afila eficazmente siempre que la superficie permanezca h\u00fameda. Forma ideal. Esta piedra equivale a productos artificiales de grano 800-1500 aproximadamente. Se puede utilizar para terminar el afilado de cuchillos o para preparar la superficie para un acabado posterior con otra piedra natural. Puede aumentar la velocidad y la facilidad del afilado utilizando una pasta forzada por una placa de diamante.<\/p>\n\n\n\n<p>Esta piedra tiene el caracter\u00edstico color gris claro de Aizu con manchas oscuras y blancas.<\/p>\n\n\n\n<figure class=\"wp-block-embed is-type-video is-provider-youtube wp-block-embed-youtube wp-embed-aspect-16-9 wp-has-aspect-ratio\"><div class=\"wp-block-embed__wrapper\">\n<div class=\"video-container\"><iframe title=\"Aizu Piedra de afilar mediana Jnats\" width=\"1170\" height=\"658\" src=\"https:\/\/www.youtube.com\/embed\/YkGH4UyfKrg?feature=oembed\" frameborder=\"0\" allow=\"accelerometer; autoplay; clipboard-write; encrypted-media; gyroscope; picture-in-picture; web-share\" referrerpolicy=\"strict-origin-when-cross-origin\" allowfullscreen><\/iframe><\/div>\n<\/div><\/figure>\n\n\n\n<p><strong>Aizu (\u4f1a\u6d25\u7825)<\/strong><br>Esta mina, a diferencia de la mayor\u00eda, no est\u00e1 cerca de Kioto, sino m\u00e1s al norte, cerca de Fukushima. Estas piedras son quiz\u00e1 las nakatoishi de grano medio m\u00e1s deseables de Jap\u00f3n. El color de las piedras de afilar naturales de Aizu suele variar del gris claro o azulado al verde menta con motas blancas y raros \"anillos de loto\" negros o grises. La mina se cerr\u00f3 en la d\u00e9cada de 1960 debido a problemas de salud entre los trabajadores.<\/p>\n\n\n\n<p>Vea el v\u00eddeo para comprobar c\u00f3mo funciona esta piedra Aizu:<\/p>\n\n\n\n<figure class=\"wp-block-embed is-type-video is-provider-youtube wp-block-embed-youtube wp-embed-aspect-16-9 wp-has-aspect-ratio\"><div class=\"wp-block-embed__wrapper\">\n<div class=\"video-container\"><iframe title=\"Piedras de afilar Aizu Lv 3 - 4.5 vs acero Aogami\" width=\"1170\" height=\"658\" src=\"https:\/\/www.youtube.com\/embed\/VdMya5Knqzs?feature=oembed\" frameborder=\"0\" allow=\"accelerometer; autoplay; clipboard-write; encrypted-media; gyroscope; picture-in-picture; web-share\" referrerpolicy=\"strict-origin-when-cross-origin\" allowfullscreen><\/iframe><\/div>\n<\/div><\/figure>","protected":false},"excerpt":{"rendered":"<ul>\n<li>Peso: 480 g aproximadamente<\/li>\n<li>Dimensiones: 150x45x30 mm<\/li>\n<li>Granulometr\u00eda aproximada #800-1500<\/li>\n<li>Dureza Nvl 3<\/li>\n<li>Es m\u00e1s adecuada para la fase intermedia del pulido o como donante de lechada (nagura) que para el afilado directo, ya que estas piedras son muy blandas.<\/li>\n<\/ul>","protected":false},"featured_media":3933,"comment_status":"open","ping_status":"closed","template":"","meta":[],"product_brand":[],"product_cat":[22],"product_tag":[299,300],"class_list":{"0":"post-3175","1":"product","2":"type-product","3":"status-publish","4":"has-post-thumbnail","6":"product_cat-jnats","7":"product_tag-aizu","8":"product_tag-medium","9":"product_shipping_class-iprastas","11":"first","12":"instock","13":"sale","14":"shipping-taxable","15":"purchasable","16":"product-type-simple"},"_links":{"self":[{"href":"https:\/\/jnats.eu\/es\/wp-json\/wp\/v2\/product\/3175","targetHints":{"allow":["GET"]}}],"collection":[{"href":"https:\/\/jnats.eu\/es\/wp-json\/wp\/v2\/product"}],"about":[{"href":"https:\/\/jnats.eu\/es\/wp-json\/wp\/v2\/types\/product"}],"replies":[{"embeddable":true,"href":"https:\/\/jnats.eu\/es\/wp-json\/wp\/v2\/comments?post=3175"}],"wp:featuredmedia":[{"embeddable":true,"href":"https:\/\/jnats.eu\/es\/wp-json\/wp\/v2\/media\/3933"}],"wp:attachment":[{"href":"https:\/\/jnats.eu\/es\/wp-json\/wp\/v2\/media?parent=3175"}],"wp:term":[{"taxonomy":"product_brand","embeddable":true,"href":"https:\/\/jnats.eu\/es\/wp-json\/wp\/v2\/product_brand?post=3175"},{"taxonomy":"product_cat","embeddable":true,"href":"https:\/\/jnats.eu\/es\/wp-json\/wp\/v2\/product_cat?post=3175"},{"taxonomy":"product_tag","embeddable":true,"href":"https:\/\/jnats.eu\/es\/wp-json\/wp\/v2\/product_tag?post=3175"}],"curies":[{"name":"wp","href":"https:\/\/api.w.org\/{rel}","templated":true}]}}