{"id":3184,"date":"2025-09-30T11:13:34","date_gmt":"2025-09-30T08:13:34","guid":{"rendered":"https:\/\/jnats.eu\/?post_type=product&#038;p=3184"},"modified":"2026-04-11T09:18:41","modified_gmt":"2026-04-11T06:18:41","slug":"jun-mikawa-shiro-nagura-mejiro-button-rinkinys","status":"publish","type":"product","link":"https:\/\/jnats.eu\/es\/producto-2\/jun-mikawa-shiro-nagura-mejiro-button-rinkinys\/","title":{"rendered":"Mikawa Shiro Nagura Koma + Mejiro + Botan set"},"content":{"rendered":"<p>Al igual que otras naguras, Mikawa Asano se utiliza tradicionalmente para crear una suspensi\u00f3n abrasiva sobre una piedra de afilar natural. La diferencia con los dem\u00e1s es cari\u00f1o. Asano es un intento de crear un sistema de calificaci\u00f3n gratuito que permitir\u00e1 al usuario elegir una progresi\u00f3n de afilado de grueso a fino.<\/p>\n\n\n\n<p>La u\u00f1a uspensia acelera el trabajo de las piedras naturales m\u00e1s lentas, afila los carburos de acero y mantiene las herramientas afiladas durante mucho m\u00e1s tiempo. Tambi\u00e9n se puede utilizar en piedras sint\u00e9ticas, haci\u00e9ndolas m\u00e1s suaves y limpias. Tambi\u00e9n es posible acabar las maquinillas en suspensi\u00f3n l\u00edquida si se desea un afeitado no agresivo y seguro.<\/p>\n\n\n\n<figure class=\"wp-block-embed is-type-video is-provider-youtube wp-block-embed-youtube wp-embed-aspect-16-9 wp-has-aspect-ratio\"><div class=\"wp-block-embed__wrapper\">\n<div class=\"video-container\"><iframe title=\"Afilado de un Henkotsu Kamisori en una piedra de afilar Nakayama Asagi Premium | Mejiro, Tenjo &amp; Koma Nagura\" width=\"1170\" height=\"658\" src=\"https:\/\/www.youtube.com\/embed\/xLUXM45tq0o?start=491&#038;feature=oembed\" frameborder=\"0\" allow=\"accelerometer; autoplay; clipboard-write; encrypted-media; gyroscope; picture-in-picture; web-share\" referrerpolicy=\"strict-origin-when-cross-origin\" allowfullscreen><\/iframe><\/div>\n<\/div><\/figure>\n\n\n\n<p>De hecho, una vuelta, cualquiera de ellas, es suficiente para afilar, ya que las part\u00edculas abrasivas naturales se descomponen y se vuelven m\u00e1s finas durante el afilado. Si es necesario, la suspensi\u00f3n se puede crear nuevamente usando el mismo Mikawa Nagura.<\/p>\n\n\n\n<p>La excepci\u00f3n a la regla es Muchi. Este \u00faltimo puede resultar demasiado \u00e1spero en algunos casos y no es recomendable utilizarlo para afeitadoras.<\/p>\n\n\n\n<p>Este tipo de piedra se extrae de la mina Junmikawa Shiro en el distrito de Kitashitara de la prefectura de Aichi. La roca encontrada all\u00ed consta de 10 a 12 capas, dependiendo de la zona excavada. De estas capas hay 8 utilizables y 4 de ellas son las m\u00e1s populares. Las \u00e1reas con 12 capas utilizables incluyen dos capas Tenjyo diferentes, as\u00ed como Yae Botan y Botan, que son muy similares. Como ocurre con todas las piedras naturales japonesas, cada ejemplar individual puede variar.<\/p>\n\n\n\n<p>Mikawa nagura se clasifica de m\u00e1s grueso a m\u00e1s fino de la siguiente manera:&nbsp;<strong>Mushi [\u30e0\u30b7] &gt; Ban [\u30d0\u30f3] &gt; Atsu [\u30a2\u30c4] &gt; Yae Botan [\u516b\u91cd\u30dc\u30bf\u30f3] &gt; Botan [\u30dc\u30bf\u30f3] &gt; Tenjyo [\u5929\u4e0a] &gt; Mejiro [\u76ee\u767d] &gt; Koma [\u30b3\u30de]<\/strong><\/p>\n\n\n\n<p>Los Mikawa nagura se clasifican seg\u00fan su velocidad de funcionamiento de la siguiente manera:<strong> Ban &gt; Koma &gt; Yae Botan &gt; Botan &gt; Atsu &gt;Tenjo &gt; Mejiro.<\/strong><\/p>\n\n\n\n<p>Despu\u00e9s de los nagurs, el afilado suele realizarse sobre la misma piedra limpia que sirvi\u00f3 de base. Algunos finalizan el proceso de afilado de las navajas con una suspensi\u00f3n l\u00edquida y de esta forma consiguen un afeitado suave y seguro, porque entonces la hoja deja de ser agresiva para la piel, pero corta el pelo.<\/p>\n\n\n\n<h2 class=\"wp-block-heading\">Tipos Jun Mikawa Shiro Nagura<\/h2>\n\n\n\n<figure class=\"wp-block-table\"><table class=\"has-fixed-layout\"><thead><tr><th>Nombre japon\u00e9s<\/th><th>Kanji\/escritura<\/th><th>Descripci\u00f3n<\/th><th>Uso t\u00edpico<\/th><\/tr><\/thead><tbody><tr><td>Coma<\/td><td>\u99d2 \/ \u30b3\u30de<\/td><td>El nagura m\u00e1s peque\u00f1o y uno de los m\u00e1s eficaces de la serie Shiro de Jun Mikawa. Crea una suspensi\u00f3n muy fina.<\/td><td>Ronda final, navajas y cuchillos<\/td><\/tr><tr><td>Mejiro<\/td><td>\u76ee\u767d<\/td><td>Muy peque\u00f1o, casi del tama\u00f1o de un Coma.<\/td><td>Fase final del pulido<\/td><\/tr><tr><td>Tenjyo (Tenjou)<\/td><td>\u5929\u4e0a<\/td><td>Equilibrada relaci\u00f3n entre finura y potencia de afilado. Uno de los afiladores m\u00e1s vers\u00e1tiles.<\/td><td>Etapa media-tard\u00eda<\/td><\/tr><tr><td>Bot\u00e1nica<\/td><td>\u7261\u4e39<\/td><td>Buen poder abrasivo, suspensi\u00f3n bastante activa. Se utiliza siempre con una piedra de base.<\/td><td>Fase inicial de nagura<\/td><\/tr><tr><td>Yae Botan<\/td><td>\u516b\u91cd\u7261\u4e39<\/td><td>Similar al Botan, pero a menudo una suspensi\u00f3n ligeramente m\u00e1s suave y fina.<\/td><td>Fase inicial-media<\/td><\/tr><tr><td>Atsu<\/td><td>\u539a<\/td><td>Un poco m\u00e1s \u00e1spero.<\/td><td>A veces se utiliza para trabajos bruscos<\/td><\/tr><tr><td>Prohibici\u00f3n<\/td><td>\u76e4<\/td><td>Uno de los Mikawa nagura m\u00e1s duros.<\/td><td>Para afilado grueso<\/td><\/tr><\/tbody><\/table><\/figure>\n\n\n\n<p>Clases de calidad:<\/p>\n\n\n\n<ul class=\"wp-block-list\">\n<li><strong>\u5225\u4e0a (Betsuj\u014d)<\/strong> - alta calidad<\/li>\n\n\n\n<li><strong>\u7279\u7d1a (Tokky\u016b)<\/strong> - m\u00e1xima calidad<\/li>\n<\/ul>\n\n\n\n<h2 class=\"wp-block-heading\">Orden de finura (de menor a mayor)<\/h2>\n\n\n\n<figure class=\"wp-block-table\"><table class=\"has-fixed-layout\"><thead><tr><th>Detalle<\/th><th>Tipo<\/th><\/tr><\/thead><tbody><tr><td>1 (m\u00e1s fino)<\/td><td>\u99d2 \/ \u30b3\u30de Koma<\/td><\/tr><tr><td>2<\/td><td>Mejiro<\/td><\/tr><tr><td>3<\/td><td>Tenjyo<\/td><\/tr><tr><td>4<\/td><td>\u7261\u4e39 Botan<\/td><\/tr><tr><td>5<\/td><td>\u516b\u91cd\u7261\u4e39 Yae Botan<\/td><\/tr><tr><td>6<\/td><td>\u539a Atsu<\/td><\/tr><tr><td>7<\/td><td>\u76e4 Ban<\/td><\/tr><\/tbody><\/table><\/figure>\n\n\n\n<hr class=\"wp-block-separator has-alpha-channel-opacity\"\/>\n\n\n\n<p>En la pr\u00e1ctica, en particular <strong>en afilado de navajas<\/strong>, se suele utilizar una progresi\u00f3n:<\/p>\n\n\n\n<p><strong>\u7261\u4e39 Botan \u2192 \u5929\u4e0a Tenjyo \u2192 \u76ee\u767d Mejiro \u2192 \u99d2 Koma<\/strong><\/p>","protected":false},"excerpt":{"rendered":"<ol>\n<li>Koma + Mejiro + Botan peso total 185 g\u00a0<\/li>\n<li>Koma + Mejiro + Botan peso total 190 g<\/li>\n<li>Koma + Mejiro + Botan peso total 200 g<\/li>\n<li>Koma + Mejiro + Botan peso total 183 g<\/li>\n<li>Koma + Mejiro + Botan peso total 178 g<\/li>\n<li>Koma + Mejiro + Botan peso total 185 g<\/li>\n<li>Koma + Mejiro + Botan peso total 225 g<\/li>\n<li>Peso de Mejiro 218 g<\/li>\n<li>Peso de Mejiro 438 g<\/li>\n<\/ol>\n<p>Si no ve el art\u00edculo en la lista desplegable, es que est\u00e1 vendido.<\/p>","protected":false},"featured_media":5278,"comment_status":"open","ping_status":"closed","template":"","meta":[],"product_brand":[],"product_cat":[22],"product_tag":[152,301,153],"class_list":{"0":"post-3184","1":"product","2":"type-product","3":"status-publish","4":"has-post-thumbnail","6":"product_cat-jnats","7":"product_tag-button","8":"product_tag-mejiro","9":"product_tag-nagura","10":"product_shipping_class-light","12":"first","13":"instock","14":"shipping-taxable","15":"purchasable","16":"product-type-variable"},"_links":{"self":[{"href":"https:\/\/jnats.eu\/es\/wp-json\/wp\/v2\/product\/3184","targetHints":{"allow":["GET"]}}],"collection":[{"href":"https:\/\/jnats.eu\/es\/wp-json\/wp\/v2\/product"}],"about":[{"href":"https:\/\/jnats.eu\/es\/wp-json\/wp\/v2\/types\/product"}],"replies":[{"embeddable":true,"href":"https:\/\/jnats.eu\/es\/wp-json\/wp\/v2\/comments?post=3184"}],"wp:featuredmedia":[{"embeddable":true,"href":"https:\/\/jnats.eu\/es\/wp-json\/wp\/v2\/media\/5278"}],"wp:attachment":[{"href":"https:\/\/jnats.eu\/es\/wp-json\/wp\/v2\/media?parent=3184"}],"wp:term":[{"taxonomy":"product_brand","embeddable":true,"href":"https:\/\/jnats.eu\/es\/wp-json\/wp\/v2\/product_brand?post=3184"},{"taxonomy":"product_cat","embeddable":true,"href":"https:\/\/jnats.eu\/es\/wp-json\/wp\/v2\/product_cat?post=3184"},{"taxonomy":"product_tag","embeddable":true,"href":"https:\/\/jnats.eu\/es\/wp-json\/wp\/v2\/product_tag?post=3184"}],"curies":[{"name":"wp","href":"https:\/\/api.w.org\/{rel}","templated":true}]}}