{"id":3257,"date":"2024-09-09T09:52:17","date_gmt":"2024-09-09T06:52:17","guid":{"rendered":"https:\/\/jnats.eu\/?post_type=product&#038;p=3257"},"modified":"2024-11-23T10:54:43","modified_gmt":"2024-11-23T08:54:43","slug":"naniwa-jyunpaku-galandinimo-akmuo-8000","status":"publish","type":"product","link":"https:\/\/jnats.eu\/es\/producto-2\/naniwa-jyunpaku-galandinimo-akmuo-8000\/","title":{"rendered":"Piedra de afilar Naniwa Jyunpaku #8000 +30 afilado +47 3000"},"content":{"rendered":"<p>La piedra de afilar Naniwa Jyunpaku 8000 es extremadamente fina para dar a los cuchillos un filo muy afilado. Jyunpaku es uno de los productos m\u00e1s populares de la gama Naniwa.<\/p>\n\n\n\n<p>En el mundo del afilado, esta piedra tambi\u00e9n se conoce como \"Blancanieves\". No s\u00f3lo por su color blanco como la nieve, sino tambi\u00e9n por sus impresionantes resultados de afilado, similares a los de un espejo. A pesar de esta reputaci\u00f3n y de su gran demanda, hay relativamente pocas de estas piedras de afilar en el mercado, porque Naniwa produce una cantidad limitada de Jyunpaku. De este modo se asegura el control de la calidad de cada piedra de afilar. <\/p>\n\n\n\n<p>La Naniwa Jyunpaku debe sumergirse en agua durante unos minutos antes de su uso. En comparaci\u00f3n con otras piedras de agua m\u00e1s baratas, comprobar\u00e1 que esta piedra de afilar no necesita mucha agua adicional y la absorbe realmente bien. Por lo tanto, no tendr\u00e1 que mojar la piedra tan a menudo cuando est\u00e9 afilando el cuchillo. Las part\u00edculas de metal oscuro son, por supuesto, muy visibles en la superficie de afilado clara, por lo que le recomendamos que limpie la superficie de la piedra despu\u00e9s de su uso con un producto dise\u00f1ado para este fin. De este modo, la piedra se mantiene blanca y bonita.<\/p>\n\n\n\n<p>Deje que la piedra se seque a temperatura ambiente despu\u00e9s de usarla. <\/p>","protected":false},"excerpt":{"rendered":"<ul>\n<li>Dimensiones: 210x70x20mm<\/li>\n<li>Peso: 660 gramos<\/li>\n<li>Granulometr\u00eda: #8000<\/li>\n<li>Antes de usarla, la piedra debe remojarse en agua durante unos minutos hasta que dejen de formarse burbujas de aire.<\/li>\n<\/ul>","protected":false},"featured_media":3259,"comment_status":"open","ping_status":"closed","template":"","meta":[],"product_brand":[],"product_cat":[290],"product_tag":[303,197],"class_list":{"0":"post-3257","1":"product","2":"type-product","3":"status-publish","4":"has-post-thumbnail","6":"product_cat-whetstones","7":"product_tag-303","8":"product_tag-naniwa","9":"product_shipping_class-iprastas","11":"first","12":"outofstock","13":"shipping-taxable","14":"purchasable","15":"product-type-simple"},"_links":{"self":[{"href":"https:\/\/jnats.eu\/es\/wp-json\/wp\/v2\/product\/3257","targetHints":{"allow":["GET"]}}],"collection":[{"href":"https:\/\/jnats.eu\/es\/wp-json\/wp\/v2\/product"}],"about":[{"href":"https:\/\/jnats.eu\/es\/wp-json\/wp\/v2\/types\/product"}],"replies":[{"embeddable":true,"href":"https:\/\/jnats.eu\/es\/wp-json\/wp\/v2\/comments?post=3257"}],"wp:featuredmedia":[{"embeddable":true,"href":"https:\/\/jnats.eu\/es\/wp-json\/wp\/v2\/media\/3259"}],"wp:attachment":[{"href":"https:\/\/jnats.eu\/es\/wp-json\/wp\/v2\/media?parent=3257"}],"wp:term":[{"taxonomy":"product_brand","embeddable":true,"href":"https:\/\/jnats.eu\/es\/wp-json\/wp\/v2\/product_brand?post=3257"},{"taxonomy":"product_cat","embeddable":true,"href":"https:\/\/jnats.eu\/es\/wp-json\/wp\/v2\/product_cat?post=3257"},{"taxonomy":"product_tag","embeddable":true,"href":"https:\/\/jnats.eu\/es\/wp-json\/wp\/v2\/product_tag?post=3257"}],"curies":[{"name":"wp","href":"https:\/\/api.w.org\/{rel}","templated":true}]}}