{"id":3315,"date":"2024-09-30T12:40:24","date_gmt":"2024-09-30T09:40:24","guid":{"rendered":"https:\/\/jnats.eu\/?post_type=product&#038;p=3315"},"modified":"2026-01-23T14:41:19","modified_gmt":"2026-01-23T12:41:19","slug":"aoto-medium-whetstone-sun-tiger","status":"publish","type":"product","link":"https:\/\/jnats.eu\/es\/producto-2\/aoto-medium-whetstone-sun-tiger\/","title":{"rendered":"Aoto Piedra de afilar mediana Tigre del Sol"},"content":{"rendered":"<p>Piedra de afilar Aoto (piedra azul en japon\u00e9s) vintage de grano medio procedente de la regi\u00f3n de Tanba. Tama\u00f1o del grano aproximadamente #2000. Es muy f\u00e1cil de usar y con una presi\u00f3n m\u00e1s fuerte se puede acumular una cantidad impresionante de pasta. Con la cantidad adecuada de agua, puede dejar un acabado muy uniforme con mucho contraste y ara\u00f1azos apenas visibles. Bebe agua.<\/p>\n\n\n\n<p>Con caja del fabricante en buen estado.<\/p>\n\n\n\n<figure class=\"wp-block-embed is-type-video is-provider-youtube wp-block-embed-youtube wp-embed-aspect-16-9 wp-has-aspect-ratio\"><div class=\"wp-block-embed__wrapper\">\n<div class=\"video-container\"><iframe title=\"Aoto Piedra de afilar mediana Marca Tigre Sol\" width=\"1170\" height=\"658\" src=\"https:\/\/www.youtube.com\/embed\/QozN3YmvHfU?feature=oembed\" frameborder=\"0\" allow=\"accelerometer; autoplay; clipboard-write; encrypted-media; gyroscope; picture-in-picture; web-share\" referrerpolicy=\"strict-origin-when-cross-origin\" allowfullscreen><\/iframe><\/div>\n<\/div><\/figure>","protected":false},"excerpt":{"rendered":"<ul>\n<li>Aoto Piedra de afilar mediana marca Tigre Sol<\/li>\n<li>Granulometr\u00eda aprox. #2000<\/li>\n<li>Dureza: Lv 3<\/li>\n<li>Dimensiones: 225x60x60mm<\/li>\n<li>Peso: 1870 g.<\/li>\n<li><strong>Presenta grietas caracter\u00edsticas de este tipo de piedra y no debe dilatarse.<\/strong><\/li>\n<\/ul>","protected":false},"featured_media":3319,"comment_status":"open","ping_status":"closed","template":"","meta":[],"product_brand":[],"product_cat":[22],"product_tag":[304,300],"class_list":{"0":"post-3315","1":"product","2":"type-product","3":"status-publish","4":"has-post-thumbnail","6":"product_cat-jnats","7":"product_tag-aoto","8":"product_tag-medium","9":"product_shipping_class-iprastas","11":"first","12":"outofstock","13":"sale","14":"shipping-taxable","15":"purchasable","16":"product-type-simple"},"_links":{"self":[{"href":"https:\/\/jnats.eu\/es\/wp-json\/wp\/v2\/product\/3315","targetHints":{"allow":["GET"]}}],"collection":[{"href":"https:\/\/jnats.eu\/es\/wp-json\/wp\/v2\/product"}],"about":[{"href":"https:\/\/jnats.eu\/es\/wp-json\/wp\/v2\/types\/product"}],"replies":[{"embeddable":true,"href":"https:\/\/jnats.eu\/es\/wp-json\/wp\/v2\/comments?post=3315"}],"wp:featuredmedia":[{"embeddable":true,"href":"https:\/\/jnats.eu\/es\/wp-json\/wp\/v2\/media\/3319"}],"wp:attachment":[{"href":"https:\/\/jnats.eu\/es\/wp-json\/wp\/v2\/media?parent=3315"}],"wp:term":[{"taxonomy":"product_brand","embeddable":true,"href":"https:\/\/jnats.eu\/es\/wp-json\/wp\/v2\/product_brand?post=3315"},{"taxonomy":"product_cat","embeddable":true,"href":"https:\/\/jnats.eu\/es\/wp-json\/wp\/v2\/product_cat?post=3315"},{"taxonomy":"product_tag","embeddable":true,"href":"https:\/\/jnats.eu\/es\/wp-json\/wp\/v2\/product_tag?post=3315"}],"curies":[{"name":"wp","href":"https:\/\/api.w.org\/{rel}","templated":true}]}}