{"id":340,"date":"2024-03-03T16:17:30","date_gmt":"2024-03-03T14:17:30","guid":{"rendered":"http:\/\/jnats.eu\/?post_type=product&#038;p=340"},"modified":"2024-09-21T11:33:09","modified_gmt":"2024-09-21T08:33:09","slug":"piedra-de-afilar-para-acabado-de-maquinilla-de-afeitar-otaniyama-asagi","status":"publish","type":"product","link":"https:\/\/jnats.eu\/es\/producto-2\/piedra-de-afilar-para-acabado-de-maquinilla-de-afeitar-otaniyama-asagi\/","title":{"rendered":"Piedra de afilar para acabado de maquinilla de afeitar Otaniyama Asagi"},"content":{"rendered":"<p>Las piedras de Otaniyama de gran tama\u00f1o ya casi no se encuentran disponibles comercialmente. Otaniyama est\u00e1 a unos 10 km al noroeste del centro de Kameoka.<\/p>\n\n\n\n<p>El pozo est\u00e1 excavado en un lugar llamado Monte Otani, que es el nombre colectivo de varias monta\u00f1as. La piedra se hizo popular en todo Jap\u00f3n como piedra de afeitar.<\/p>\n\n\n\n<p>Aunque es una excelente piedra de moler, no es muy conocida. Kameoka era una zona donde se extra\u00edan muchas piedras finas para afilar, pero las personas que trabajaban all\u00ed no eran miembros de la Asociaci\u00f3n de Piedra Natural de Kioto. Se cree que este tipo de piedra no era muy conocida porque sus mineros no ten\u00edan acceso a la mencionada organizaci\u00f3n. Sin embargo, muchos se sintieron atra\u00eddos por la perfecci\u00f3n de esta piedra de afilar y comenzaron a utilizarla para afeitar. <\/p>\n\n\n\n<p>La empresa comercial hizo correr la voz entre los salones de belleza de todo Jap\u00f3n mediante ventas puerta a puerta. El filo de la navaja es tan importante en una barber\u00eda como para un barbero. Los due\u00f1os de barber\u00edas ten\u00edan cuidado al elegir las piedras de afilar porque estaban asociadas con la reputaci\u00f3n de la empresa. Es una piedra con una larga historia de distribuci\u00f3n. Por supuesto, si la reacci\u00f3n al acero no parece lo suficientemente dura, se puede utilizar como piedra de afeitar.<\/p>\n\n\n\n<p>Escuch\u00e9 que las piezas grandes se vend\u00edan por 10.000 yenes en ese momento. Al valor monetario actual, si se convierte, ser\u00e1n unos 200.000 yenes (unos 1.220 euros). Como sugiere el nombre, esta piedra de afilar es adecuada para el afilado final de navajas, cuchillos, hojas peque\u00f1as, cepilladoras, cinceles y m\u00e1s. para la etapa de afilado.<\/p>\n\n\n\n<p>El agua fr\u00eda degradar\u00e1 significativamente la respuesta del acero con el tiempo, as\u00ed que aseg\u00farese de usar agua tibia a alrededor de 42 grados al afilar.<\/p>\n\n\n\n<figure class=\"wp-block-embed is-type-video is-provider-youtube wp-block-embed-youtube wp-embed-aspect-16-9 wp-has-aspect-ratio\"><div class=\"wp-block-embed__wrapper\">\n<div class=\"video-container\"><iframe title=\"Otaniyama Daigokujo - La mejor piedra de afilar natural para maquinillas de afeitar\" width=\"1170\" height=\"658\" src=\"https:\/\/www.youtube.com\/embed\/6k_XyH2uSsI?feature=oembed\" frameborder=\"0\" allow=\"accelerometer; autoplay; clipboard-write; encrypted-media; gyroscope; picture-in-picture; web-share\" referrerpolicy=\"strict-origin-when-cross-origin\" allowfullscreen><\/iframe><\/div>\n<\/div><\/figure>","protected":false},"excerpt":{"rendered":"<ul>\n<li>Tama\u00f1o aprox. 20,5x7,7x3,7cm<\/li>\n<li>\u00a0Peso aproximado. 1330 gramos<\/li>\n<li>Dureza nivel 4<\/li>\n<li>Funciona r\u00e1pido y proporciona un afeitado suave. El pelo se corta inmediatamente despu\u00e9s de terminar sobre la piedra. No es necesaria la placa de nagura o diamante.<\/li>\n<li>Una de las mejores piedras de afeitar que he visto. No es muy bonita, pero funciona bien.<\/li>\n<\/ul>","protected":false},"featured_media":346,"comment_status":"open","ping_status":"closed","template":"","meta":[],"product_brand":[],"product_cat":[22],"product_tag":[45,71,70,69,72],"class_list":{"0":"post-340","1":"product","2":"type-product","3":"status-publish","4":"has-post-thumbnail","6":"product_cat-jnats","7":"product_tag-asagi","8":"product_tag-finishing","9":"product_tag-otaniyama","10":"product_tag-otaniyama-asagi","11":"product_tag-razor","12":"product_shipping_class-iprastas","14":"first","15":"outofstock","16":"sale","17":"shipping-taxable","18":"purchasable","19":"product-type-simple"},"_links":{"self":[{"href":"https:\/\/jnats.eu\/es\/wp-json\/wp\/v2\/product\/340","targetHints":{"allow":["GET"]}}],"collection":[{"href":"https:\/\/jnats.eu\/es\/wp-json\/wp\/v2\/product"}],"about":[{"href":"https:\/\/jnats.eu\/es\/wp-json\/wp\/v2\/types\/product"}],"replies":[{"embeddable":true,"href":"https:\/\/jnats.eu\/es\/wp-json\/wp\/v2\/comments?post=340"}],"wp:featuredmedia":[{"embeddable":true,"href":"https:\/\/jnats.eu\/es\/wp-json\/wp\/v2\/media\/346"}],"wp:attachment":[{"href":"https:\/\/jnats.eu\/es\/wp-json\/wp\/v2\/media?parent=340"}],"wp:term":[{"taxonomy":"product_brand","embeddable":true,"href":"https:\/\/jnats.eu\/es\/wp-json\/wp\/v2\/product_brand?post=340"},{"taxonomy":"product_cat","embeddable":true,"href":"https:\/\/jnats.eu\/es\/wp-json\/wp\/v2\/product_cat?post=340"},{"taxonomy":"product_tag","embeddable":true,"href":"https:\/\/jnats.eu\/es\/wp-json\/wp\/v2\/product_tag?post=340"}],"curies":[{"name":"wp","href":"https:\/\/api.w.org\/{rel}","templated":true}]}}