{"id":3447,"date":"2024-11-01T11:28:00","date_gmt":"2024-11-01T09:28:00","guid":{"rendered":"https:\/\/jnats.eu\/?post_type=product&#038;p=3447"},"modified":"2025-11-29T11:51:16","modified_gmt":"2025-11-29T09:51:16","slug":"washita-oilstone","status":"publish","type":"product","link":"https:\/\/jnats.eu\/es\/producto-2\/washita-oilstone\/","title":{"rendered":"Washita Oilstone"},"content":{"rendered":"<p>Washita es una piedra de bru\u00f1ir novacul\u00edtica procedente de las monta\u00f1as de Arkansas, Estados Unidos. Es famosa por su rapidez de trabajo debido a su estructura porosa. Estas piedras se han utilizado en Am\u00e9rica y fuera de ella durante siglos para crear algunas de las herramientas m\u00e1s antiguas, desde pu\u00f1ales hasta puntas de flecha.&nbsp;<\/p>\n\n\n\n<figure class=\"wp-block-embed is-type-video is-provider-youtube wp-block-embed-youtube wp-embed-aspect-16-9 wp-has-aspect-ratio\"><div class=\"wp-block-embed__wrapper\">\n<div class=\"video-container\"><iframe title=\"Made in USA: Afilado con Piedras de Aceite de Arkansas - Washita a Transl\u00facida\" width=\"1170\" height=\"658\" src=\"https:\/\/www.youtube.com\/embed\/pRUee3pQ0Ck?feature=oembed\" frameborder=\"0\" allow=\"accelerometer; autoplay; clipboard-write; encrypted-media; gyroscope; picture-in-picture; web-share\" referrerpolicy=\"strict-origin-when-cross-origin\" allowfullscreen><\/iframe><\/div>\n<\/div><\/figure>","protected":false},"excerpt":{"rendered":"<ul class=\"wp-block-list\">\n<li>Adecuado para afilar cuchillos, tijeras, carpinter\u00eda y otras herramientas.<\/li>\n<li>Dimensiones: 202x45x16 mm<\/li>\n<li>Peso: 315 g<\/li>\n<li>Washita bastante peque\u00f1o, alrededor de #2000.<\/li>\n<li>No se aprecian defectos.<\/li>\n<li>Ambos lados est\u00e1n alineados y listos para trabajar.<\/li>\n<li>El lubricante se trabaja aplicando primero una fuerte presi\u00f3n para extraer los granos abrasivos que aceleran el trabajo.<\/li>\n<\/ul>\n<p>&nbsp;<\/p>","protected":false},"featured_media":3452,"comment_status":"open","ping_status":"closed","template":"","meta":[],"product_brand":[],"product_cat":[22],"product_tag":[305],"class_list":{"0":"post-3447","1":"product","2":"type-product","3":"status-publish","4":"has-post-thumbnail","6":"product_cat-jnats","7":"product_tag-washita","8":"product_shipping_class-iprastas","10":"first","11":"outofstock","12":"shipping-taxable","13":"purchasable","14":"product-type-simple"},"_links":{"self":[{"href":"https:\/\/jnats.eu\/es\/wp-json\/wp\/v2\/product\/3447","targetHints":{"allow":["GET"]}}],"collection":[{"href":"https:\/\/jnats.eu\/es\/wp-json\/wp\/v2\/product"}],"about":[{"href":"https:\/\/jnats.eu\/es\/wp-json\/wp\/v2\/types\/product"}],"replies":[{"embeddable":true,"href":"https:\/\/jnats.eu\/es\/wp-json\/wp\/v2\/comments?post=3447"}],"wp:featuredmedia":[{"embeddable":true,"href":"https:\/\/jnats.eu\/es\/wp-json\/wp\/v2\/media\/3452"}],"wp:attachment":[{"href":"https:\/\/jnats.eu\/es\/wp-json\/wp\/v2\/media?parent=3447"}],"wp:term":[{"taxonomy":"product_brand","embeddable":true,"href":"https:\/\/jnats.eu\/es\/wp-json\/wp\/v2\/product_brand?post=3447"},{"taxonomy":"product_cat","embeddable":true,"href":"https:\/\/jnats.eu\/es\/wp-json\/wp\/v2\/product_cat?post=3447"},{"taxonomy":"product_tag","embeddable":true,"href":"https:\/\/jnats.eu\/es\/wp-json\/wp\/v2\/product_tag?post=3447"}],"curies":[{"name":"wp","href":"https:\/\/api.w.org\/{rel}","templated":true}]}}