{"id":347,"date":"2024-03-03T16:29:49","date_gmt":"2024-03-03T14:29:49","guid":{"rendered":"http:\/\/jnats.eu\/?post_type=product&#038;p=347"},"modified":"2025-10-23T13:03:42","modified_gmt":"2025-10-23T10:03:42","slug":"ozuku-asagi-broto-piedra-de-acabado-de-afilado-natural","status":"publish","type":"product","link":"https:\/\/jnats.eu\/es\/producto-2\/ozuku-asagi-broto-piedra-de-acabado-de-afilado-natural\/","title":{"rendered":"Piedra de afilar natural Ozaki Asagi Daigokujo"},"content":{"rendered":"<figure class=\"wp-block-embed is-type-video is-provider-youtube wp-block-embed-youtube wp-embed-aspect-4-3 wp-has-aspect-ratio\"><div class=\"wp-block-embed__wrapper\">\n<div class=\"video-container\"><iframe title=\"Ozuku Asagi Lv 5+ Naguras H. Afilado con navaja de diamante (Microscop\u00eda)\" width=\"1170\" height=\"658\" src=\"https:\/\/www.youtube.com\/embed\/SfdZe_G6_YI?feature=oembed\" frameborder=\"0\" allow=\"accelerometer; autoplay; clipboard-write; encrypted-media; gyroscope; picture-in-picture; web-share\" referrerpolicy=\"strict-origin-when-cross-origin\" allowfullscreen><\/iframe><\/div>\n<\/div><\/figure>\n\n\n\n<p>Hay muchas piedras de afilar con esta forma que reaccionan bien ante el acero. En una \u00e9poca, las piedras japonesas se exportaban al extranjero, especialmente a EE UU. El tama\u00f1o de esta forma cumple las normas estadounidenses. Se le dio esta forma especialmente.<\/p>\n\n\n\n<p>Esta piedra de amolar apenas se usa y puede producir un acabado de espejo dependiendo de c\u00f3mo la use. Utilice agua caliente a unos 42 grados en esta \u00e9poca del a\u00f1o.<\/p>\n\n\n\n<p>Para usarlo en la etapa intermedia de afilado, puede levantar el grano fino con una placa de diamante de grano medio, humedecer el grano abrasivo con agua tibia y usar una fuerza suave para liberar la mezcla abrasiva.<\/p>\n\n\n\n<p>El pulido suave con granos abrasivos finos produce un bello acabado de espejo. Es adecuado para la fase final del afilado de cuchillos.<br>Tambi\u00e9n puedes utilizar esta piedra para afilar navajas, cuchillos, tijeras, cepillos y cinceles. Esta es una piedra de amolar de alta calidad. \u00daselo con confianza.<\/p>","protected":false},"excerpt":{"rendered":"<ul>\n<li>La emblem\u00e1tica piedra de afeitar<\/li>\n<li>Tama\u00f1o aproximado: 20,7 x 5,5 x 2,5 cm<\/li>\n<li>Peso aproximado: 710 g<\/li>\n<li>Dureza: Lv 5+<\/li>\n<li>Para acelerar su trabajo, le recomendamos que utilice un clavo<\/li>\n<\/ul>","protected":false},"featured_media":349,"comment_status":"open","ping_status":"closed","template":"","meta":[],"product_brand":[],"product_cat":[22],"product_tag":[45,40,74,66,73],"class_list":{"0":"post-347","1":"product","2":"type-product","3":"status-publish","4":"has-post-thumbnail","6":"product_cat-jnats","7":"product_tag-asagi","8":"product_tag-awasedo","9":"product_tag-daigokujo","10":"product_tag-ozuku","11":"product_tag-ozuku-asagi-daigokujo","12":"product_shipping_class-iprastas","14":"first","15":"outofstock","16":"sale","17":"shipping-taxable","18":"purchasable","19":"product-type-simple"},"_links":{"self":[{"href":"https:\/\/jnats.eu\/es\/wp-json\/wp\/v2\/product\/347","targetHints":{"allow":["GET"]}}],"collection":[{"href":"https:\/\/jnats.eu\/es\/wp-json\/wp\/v2\/product"}],"about":[{"href":"https:\/\/jnats.eu\/es\/wp-json\/wp\/v2\/types\/product"}],"replies":[{"embeddable":true,"href":"https:\/\/jnats.eu\/es\/wp-json\/wp\/v2\/comments?post=347"}],"wp:featuredmedia":[{"embeddable":true,"href":"https:\/\/jnats.eu\/es\/wp-json\/wp\/v2\/media\/349"}],"wp:attachment":[{"href":"https:\/\/jnats.eu\/es\/wp-json\/wp\/v2\/media?parent=347"}],"wp:term":[{"taxonomy":"product_brand","embeddable":true,"href":"https:\/\/jnats.eu\/es\/wp-json\/wp\/v2\/product_brand?post=347"},{"taxonomy":"product_cat","embeddable":true,"href":"https:\/\/jnats.eu\/es\/wp-json\/wp\/v2\/product_cat?post=347"},{"taxonomy":"product_tag","embeddable":true,"href":"https:\/\/jnats.eu\/es\/wp-json\/wp\/v2\/product_tag?post=347"}],"curies":[{"name":"wp","href":"https:\/\/api.w.org\/{rel}","templated":true}]}}