{"id":3476,"date":"2024-11-05T11:41:44","date_gmt":"2024-11-05T09:41:44","guid":{"rendered":"https:\/\/jnats.eu\/?post_type=product&#038;p=3476"},"modified":"2024-11-07T13:18:37","modified_gmt":"2024-11-07T11:18:37","slug":"paruostas-skustis-naudotas-vintazinis-japoniskas-skustuvas-kamisori","status":"publish","type":"product","link":"https:\/\/jnats.eu\/es\/producto-2\/paruostas-skustis-naudotas-vintazinis-japoniskas-skustuvas-kamisori\/","title":{"rendered":"Maquinilla de afeitar Kamisori japonesa vintage usada y lista para afeitar"},"content":{"rendered":"<figure class=\"wp-block-embed is-type-video is-provider-youtube wp-block-embed-youtube wp-embed-aspect-16-9 wp-has-aspect-ratio\"><div class=\"wp-block-embed__wrapper\">\n<div class=\"video-container\"><iframe title=\"Afeitado Kamisori Vintage usado listo\" width=\"1170\" height=\"658\" src=\"https:\/\/www.youtube.com\/embed\/UHVCt3oOkkQ?feature=oembed\" frameborder=\"0\" allow=\"accelerometer; autoplay; clipboard-write; encrypted-media; gyroscope; picture-in-picture; web-share\" referrerpolicy=\"strict-origin-when-cross-origin\" allowfullscreen><\/iframe><\/div>\n<\/div><\/figure>","protected":false},"excerpt":{"rendered":"<ul>\n<li>Maquinilla de afeitar japonesa de \u00e9poca Henkotsu Kamisori lista para afeitar<\/li>\n<li>Afilado completado con la piedra japonesa sunatural Shobudani karasu + cintur\u00f3n Kanayama<\/li>\n<li>Comprobaci\u00f3n microsc\u00f3pica: sin grietas ni corrosi\u00f3n en la hoja<\/li>\n<li>Peso - 36 g<\/li>\n<li>Longitud de la hoja - 43 mm<\/li>\n<li>Altura - 18 mm<\/li>\n<li>Grosor de la cinta - 4 mm<\/li>\n<li>Fabricada en acero al carbono, que es propenso a oxidarse, por lo que debe asegurarse de secar la maquinilla despu\u00e9s de usarla y guardarla en un lugar seco. Para un almacenamiento prolongado, lubr\u00edquela con grasa.<\/li>\n<li>Como la mayor\u00eda de las Kamisori, la placa de acero duro est\u00e1 soldada a un armaz\u00f3n m\u00e1s blando. Esto reduce la necesidad de acero de buena calidad y evita roturas, por ejemplo, si la maquinilla se cae. Tambi\u00e9n contiene menos carbono y es menos probable que se oxide.<\/li>\n<li><strong>No ajuste el afilado con papel bajo ninguna circunstancia. De lo contrario, no afilar\u00e1 la maquinilla.<\/strong><\/li>\n<\/ul>","protected":false},"featured_media":3480,"comment_status":"open","ping_status":"closed","template":"","meta":[],"product_brand":[],"product_cat":[23],"product_tag":[25],"class_list":{"0":"post-3476","1":"product","2":"type-product","3":"status-publish","4":"has-post-thumbnail","6":"product_cat-razors","7":"product_tag-kamisori","9":"first","10":"outofstock","11":"shipping-taxable","12":"purchasable","13":"product-type-simple"},"_links":{"self":[{"href":"https:\/\/jnats.eu\/es\/wp-json\/wp\/v2\/product\/3476","targetHints":{"allow":["GET"]}}],"collection":[{"href":"https:\/\/jnats.eu\/es\/wp-json\/wp\/v2\/product"}],"about":[{"href":"https:\/\/jnats.eu\/es\/wp-json\/wp\/v2\/types\/product"}],"replies":[{"embeddable":true,"href":"https:\/\/jnats.eu\/es\/wp-json\/wp\/v2\/comments?post=3476"}],"wp:featuredmedia":[{"embeddable":true,"href":"https:\/\/jnats.eu\/es\/wp-json\/wp\/v2\/media\/3480"}],"wp:attachment":[{"href":"https:\/\/jnats.eu\/es\/wp-json\/wp\/v2\/media?parent=3476"}],"wp:term":[{"taxonomy":"product_brand","embeddable":true,"href":"https:\/\/jnats.eu\/es\/wp-json\/wp\/v2\/product_brand?post=3476"},{"taxonomy":"product_cat","embeddable":true,"href":"https:\/\/jnats.eu\/es\/wp-json\/wp\/v2\/product_cat?post=3476"},{"taxonomy":"product_tag","embeddable":true,"href":"https:\/\/jnats.eu\/es\/wp-json\/wp\/v2\/product_tag?post=3476"}],"curies":[{"name":"wp","href":"https:\/\/api.w.org\/{rel}","templated":true}]}}