{"id":3528,"date":"2025-07-21T10:29:03","date_gmt":"2025-07-21T07:29:03","guid":{"rendered":"https:\/\/jnats.eu\/?post_type=product&#038;p=3528"},"modified":"2025-09-16T19:15:30","modified_gmt":"2025-09-16T16:15:30","slug":"nos-kamejumaru-kinsei-kamisori","status":"publish","type":"product","link":"https:\/\/jnats.eu\/es\/producto-2\/nos-kamejumaru-kinsei-kamisori\/","title":{"rendered":"NOS Kamejumaru Kinsei Kamisori"},"content":{"rendered":"<p>Tradicional <strong>Navaja japonesa kamisori<\/strong> con caja dorada original. A juzgar por las marcas y la forma, es <strong>kamisori japon\u00e9s vintage de alta calidad<\/strong>Hecho de <strong>Acero Yasuki<\/strong>normalmente en forma de <strong>Shirogami (blanco)<\/strong> o <strong>Aogami (azul)<\/strong> grado de acero.<\/p>\n\n\n\n<figure class=\"wp-block-embed is-type-video is-provider-youtube wp-block-embed-youtube wp-embed-aspect-16-9 wp-has-aspect-ratio\"><div class=\"wp-block-embed__wrapper\">\n<div class=\"video-container\"><iframe title=\"NOS Kamejumaru Kinsei Kamisori\" width=\"1170\" height=\"658\" src=\"https:\/\/www.youtube.com\/embed\/mixFFoWXIao?feature=oembed\" frameborder=\"0\" allow=\"accelerometer; autoplay; clipboard-write; encrypted-media; gyroscope; picture-in-picture; web-share\" referrerpolicy=\"strict-origin-when-cross-origin\" allowfullscreen><\/iframe><\/div>\n<\/div><\/figure>\n\n\n\n<hr class=\"wp-block-separator has-alpha-channel-opacity\"\/>\n\n\n\n<h3 class=\"wp-block-heading\">Inscripciones en la caja:<\/h3>\n\n\n\n<ul class=\"wp-block-list\">\n<li>\u4e80\u5bff\u4e38\u8b39\u88fd (<strong>Kamejumaru Kinsei<\/strong>) - marca <em>Kamejumaru<\/em>que significa \"honorablemente hecho Kamejumaru\".<\/li>\n\n\n\n<li>\u4fdd\u8a3c (<strong>Hosh\u014d<\/strong>) - garant\u00eda.<\/li>\n\n\n\n<li>\u8b39\u88fd (<strong>Kinsei<\/strong>) - hecho con respeto \/ cuidado.<\/li>\n\n\n\n<li>\u30b4\u30e0\u67c4\u4ed8 - <em>gumu-e tsuki<\/em> - con mango de goma (lo cual es cierto: el cuchillo tiene un envoltorio de goma de color azul, a menudo denominado \"kumi tsuka\").<\/li>\n<\/ul>\n\n\n\n<h4 class=\"wp-block-heading\">Cuchilla:<\/h4>\n\n\n\n<ul class=\"wp-block-list\">\n<li>T\u00edpico <strong>kataba<\/strong> (afilado por un solo lado) en forma de kamisori.<\/li>\n<\/ul>\n\n\n\n<hr class=\"wp-block-separator has-alpha-channel-opacity\"\/>\n\n\n\n<p>Esto es <strong>Kamejumaru<\/strong> marcas <em>NOS (Nuevo Stock Antiguo)<\/em> Kamisori japon\u00e9s para uso profesional en peluquer\u00edas o barber\u00edas.<br>Fabricada en Jap\u00f3n, probablemente en la segunda mitad del siglo XX (1960-1980), cuando los kamisori a\u00fan se utilizaban mucho, pero ya hab\u00edan empezado a perder popularidad en el d\u00eda a d\u00eda debido a las maquinillas de afeitar modernas.<\/p>\n\n\n\n<p><\/p>","protected":false},"excerpt":{"rendered":"<ul>\n<li>Navaja japonesa Kamejumaru Kinsei vintage sin usar.<\/li>\n<li>Peso - 34 g<\/li>\n<li>Longitud de la hoja - 44 mm<\/li>\n<li>Altura - 17 mm<\/li>\n<li>Grosor de la cinta - 5 mm<\/li>\n<li>Fabricada en acero al carbono, que es propenso a oxidarse, por lo que debe asegurarse de secar la maquinilla despu\u00e9s de usarla y guardarla en un lugar seco. Para un almacenamiento prolongado, lubr\u00edquela con grasa.<\/li>\n<li>El n\u00facleo duro est\u00e1 rodeado de acero m\u00e1s blando, que protege contra posibles roturas en caso de ca\u00edda de la maquinilla.<\/li>\n<li>Asa de pl\u00e1stico.<\/li>\n<li><strong>Muy buen estado sin signos evidentes de corrosi\u00f3n<\/strong><\/li>\n<\/ul>","protected":false},"featured_media":5017,"comment_status":"open","ping_status":"closed","template":"","meta":[],"product_brand":[],"product_cat":[23],"product_tag":[25,309,121,308],"class_list":{"0":"post-3528","1":"product","2":"type-product","3":"status-publish","4":"has-post-thumbnail","6":"product_cat-razors","7":"product_tag-kamisori","8":"product_tag-kinmoji","9":"product_tag-new","10":"product_tag-shave-ready","11":"product_shipping_class-light","13":"first","14":"outofstock","15":"shipping-taxable","16":"purchasable","17":"product-type-simple"},"_links":{"self":[{"href":"https:\/\/jnats.eu\/es\/wp-json\/wp\/v2\/product\/3528","targetHints":{"allow":["GET"]}}],"collection":[{"href":"https:\/\/jnats.eu\/es\/wp-json\/wp\/v2\/product"}],"about":[{"href":"https:\/\/jnats.eu\/es\/wp-json\/wp\/v2\/types\/product"}],"replies":[{"embeddable":true,"href":"https:\/\/jnats.eu\/es\/wp-json\/wp\/v2\/comments?post=3528"}],"wp:featuredmedia":[{"embeddable":true,"href":"https:\/\/jnats.eu\/es\/wp-json\/wp\/v2\/media\/5017"}],"wp:attachment":[{"href":"https:\/\/jnats.eu\/es\/wp-json\/wp\/v2\/media?parent=3528"}],"wp:term":[{"taxonomy":"product_brand","embeddable":true,"href":"https:\/\/jnats.eu\/es\/wp-json\/wp\/v2\/product_brand?post=3528"},{"taxonomy":"product_cat","embeddable":true,"href":"https:\/\/jnats.eu\/es\/wp-json\/wp\/v2\/product_cat?post=3528"},{"taxonomy":"product_tag","embeddable":true,"href":"https:\/\/jnats.eu\/es\/wp-json\/wp\/v2\/product_tag?post=3528"}],"curies":[{"name":"wp","href":"https:\/\/api.w.org\/{rel}","templated":true}]}}