{"id":354,"date":"2024-03-04T10:32:51","date_gmt":"2024-03-04T08:32:51","guid":{"rendered":"http:\/\/jnats.eu\/?post_type=product&#038;p=354"},"modified":"2026-01-29T13:28:16","modified_gmt":"2026-01-29T11:28:16","slug":"cuchillo-de-caza-de-herrero-k390-g10","status":"publish","type":"product","link":"https:\/\/jnats.eu\/es\/producto-2\/cuchillo-de-caza-de-herrero-k390-g10\/","title":{"rendered":"Cuchillo de caza de herrero K390, G10"},"content":{"rendered":"<ul class=\"wp-block-list\">\n<li>Cuchillo hecho a mano por el herrero Leonidas Vasiliev<\/li>\n\n\n\n<li>Acero en polvo laminado K390. La capa exterior de acero m\u00e1s blando protege contra la corrosi\u00f3n, aumenta la resistencia a la rotura y le da una apariencia \u00fanica. El acero se forja con coque, que satura la superficie del acero con carbono y as\u00ed lo vuelve a\u00fan m\u00e1s resistente al desgaste.<\/li>\n\n\n\n<li>65 HRC<\/li>\n\n\n\n<li>K390 en el centro. Laminado: Aus8, n\u00edquel y 40\u00d713<\/li>\n\n\n\n<li>Dimensiones de la hoja: 135x30x3,9 mm<\/li>\n\n\n\n<li>Afilado a 36 grados<\/li>\n\n\n\n<li>Mango G10. Material artificial resistente al medio ambiente. 130 mil\u00edmetros<\/li>\n\n\n\n<li>Funda de cuero genuino (suelta)<\/li>\n\n\n\n<li>Peso 188 g (con estuche 280 g)<\/li>\n\n\n\n<li>Cuchillo extremadamente duradero y resistente a los golpes. Se recomienda encarecidamente utilizarlo \u00fanicamente para cortar, ya que el avance no es adecuado para trabajos duros.<\/li>\n<\/ul>\n\n\n\n<p>Las propiedades del K390 son bastante excelentes, con buena tenacidad, muy alta resistencia al desgaste y retenci\u00f3n del filo. Vanadis 8 y CPM-10V ofrecen propiedades similares, aunque ninguno de los tres se ha utilizado ampliamente en la fabricaci\u00f3n de cuchillos. La combinaci\u00f3n de resistencia y resistencia al desgaste no tiene comparaci\u00f3n con ning\u00fan acero inoxidable. El alto contenido de carburos de vanadio muy duros hace que tanto los cuchilleros como los grandes fabricantes de cuchillos tiendan a quejarse de la dificultad de esmerilar y pulir este acero. Como resultado, el K390, el Vanadis 8 y el CPM-10V probablemente nunca alcanzar\u00e1n el estatus de corriente principal. (Fuente https:\/\/knifesteelnerds.com\/2023\/04\/11\/k390-best-high-wear-resistance-steel\/)<\/p>\n\n\n\n<figure class=\"wp-block-embed is-type-video is-provider-youtube wp-block-embed-youtube wp-embed-aspect-16-9 wp-has-aspect-ratio\"><div class=\"wp-block-embed__wrapper\">\n<div class=\"video-container\"><iframe title=\"Cuchillo de caza K390\" width=\"1170\" height=\"658\" src=\"https:\/\/www.youtube.com\/embed\/5EQOqNbfS9A?feature=oembed\" frameborder=\"0\" allow=\"accelerometer; autoplay; clipboard-write; encrypted-media; gyroscope; picture-in-picture; web-share\" referrerpolicy=\"strict-origin-when-cross-origin\" allowfullscreen><\/iframe><\/div>\n<\/div><\/figure>\n\n\n\n<figure class=\"wp-block-embed is-type-video is-provider-youtube wp-block-embed-youtube wp-embed-aspect-16-9 wp-has-aspect-ratio\"><div class=\"wp-block-embed__wrapper\">\n<div class=\"video-container\"><iframe title=\"Cuchillo de acero en polvo k390\" width=\"1170\" height=\"658\" src=\"https:\/\/www.youtube.com\/embed\/yG9SaWlizNk?feature=oembed\" frameborder=\"0\" allow=\"accelerometer; autoplay; clipboard-write; encrypted-media; gyroscope; picture-in-picture; web-share\" referrerpolicy=\"strict-origin-when-cross-origin\" allowfullscreen><\/iframe><\/div>\n<\/div><\/figure>","protected":false},"excerpt":{"rendered":"<ul>\n<li>Cuchillo hecho a mano por el herrero Leonidas Vasiliev<\/li>\n<li>Acero en polvo laminado K390. La capa exterior de acero m\u00e1s blando protege contra la corrosi\u00f3n, aumenta la resistencia a la rotura y le da una apariencia \u00fanica.<\/li>\n<li>65 HRC. Los cuchillos en serie no est\u00e1n hechos de este tipo de acero porque es dif\u00edcil de procesar y es necesario elegir el tratamiento t\u00e9rmico adecuado, lo que requiere mucho tiempo, energ\u00eda, habilidad y esfuerzo.\u00a0<\/li>\n<li>Centro K390. Laminado: Aus8, n\u00edquel y 40\u00d713. El acero se forja utilizando coque, que enriquece el acero con carbono y lo hace a\u00fan m\u00e1s resistente al desgaste.<\/li>\n<li>Dimensiones de la hoja: 135x30x3,9 mm<\/li>\n<li>Afilado a 36 grados<\/li>\n<li>Mango G10. Material artificial resistente al medio ambiente. 130 mil\u00edmetros<\/li>\n<li>Funda de cuero genuino (suelta)<\/li>\n<li>Peso 188 g (con estuche 280 g)<\/li>\n<li>Cuchillo extremadamente duradero y resistente a los golpes. Se recomienda encarecidamente utilizarlo \u00fanicamente para cortar, ya que el avance m\u00ednimo no es adecuado para trabajos duros.<\/li>\n<\/ul>","protected":false},"featured_media":971,"comment_status":"open","ping_status":"closed","template":"","meta":[],"product_brand":[],"product_cat":[24],"product_tag":[77,75,76],"class_list":{"0":"post-354","1":"product","2":"type-product","3":"status-publish","4":"has-post-thumbnail","6":"product_cat-knifes","7":"product_tag-k390","8":"product_tag-medzioklinis-peilis","9":"product_tag-peilis","10":"product_shipping_class-iprastas","12":"first","13":"outofstock","14":"sale","15":"shipping-taxable","16":"purchasable","17":"product-type-simple"},"_links":{"self":[{"href":"https:\/\/jnats.eu\/es\/wp-json\/wp\/v2\/product\/354","targetHints":{"allow":["GET"]}}],"collection":[{"href":"https:\/\/jnats.eu\/es\/wp-json\/wp\/v2\/product"}],"about":[{"href":"https:\/\/jnats.eu\/es\/wp-json\/wp\/v2\/types\/product"}],"replies":[{"embeddable":true,"href":"https:\/\/jnats.eu\/es\/wp-json\/wp\/v2\/comments?post=354"}],"wp:featuredmedia":[{"embeddable":true,"href":"https:\/\/jnats.eu\/es\/wp-json\/wp\/v2\/media\/971"}],"wp:attachment":[{"href":"https:\/\/jnats.eu\/es\/wp-json\/wp\/v2\/media?parent=354"}],"wp:term":[{"taxonomy":"product_brand","embeddable":true,"href":"https:\/\/jnats.eu\/es\/wp-json\/wp\/v2\/product_brand?post=354"},{"taxonomy":"product_cat","embeddable":true,"href":"https:\/\/jnats.eu\/es\/wp-json\/wp\/v2\/product_cat?post=354"},{"taxonomy":"product_tag","embeddable":true,"href":"https:\/\/jnats.eu\/es\/wp-json\/wp\/v2\/product_tag?post=354"}],"curies":[{"name":"wp","href":"https:\/\/api.w.org\/{rel}","templated":true}]}}