{"id":3604,"date":"2024-12-01T13:29:01","date_gmt":"2024-12-01T11:29:01","guid":{"rendered":"https:\/\/jnats.eu\/?post_type=product&#038;p=3604"},"modified":"2024-12-17T13:30:57","modified_gmt":"2024-12-17T11:30:57","slug":"le-moulin-vintazinis-paruostas-skustis-skustuvas","status":"publish","type":"product","link":"https:\/\/jnats.eu\/es\/producto-2\/le-moulin-vintazinis-paruostas-skustis-skustuvas\/","title":{"rendered":"\u00a0Navaja Le Moulin Vintage lista para afeitar"},"content":{"rendered":"<figure class=\"wp-block-embed is-type-video is-provider-youtube wp-block-embed-youtube wp-embed-aspect-16-9 wp-has-aspect-ratio\"><div class=\"wp-block-embed__wrapper\">\n<div class=\"video-container\"><iframe title=\"Aoto, Aizu, Ohira Suite, Ozuku - Afilado de cuchillas Le Moulin\" width=\"1170\" height=\"658\" src=\"https:\/\/www.youtube.com\/embed\/5Q8Nm6aKSYc?start=1520&#038;feature=oembed\" frameborder=\"0\" allow=\"accelerometer; autoplay; clipboard-write; encrypted-media; gyroscope; picture-in-picture; web-share\" referrerpolicy=\"strict-origin-when-cross-origin\" allowfullscreen><\/iframe><\/div>\n<\/div><\/figure>","protected":false},"excerpt":{"rendered":"<ul>\n<li>Navaja vintage Le Moulin lista para afeitar<\/li>\n<li>Afilado completado con Ozuku Mizu Asagi + cintur\u00f3n Kanayama<\/li>\n<li>La maquinilla est\u00e1 corro\u00edda en algunas partes, la hoja est\u00e1 limpia.<\/li>\n<li>Peso - 56 g<\/li>\n<li>Longitud de la hoja - 76 mm<\/li>\n<li>Altura - 18 mm<\/li>\n<li>Grosor de la cinta - 5 mm<\/li>\n<li>Fabricada en acero al carbono, que es propenso a oxidarse, por lo que debe asegurarse de secar la maquinilla despu\u00e9s de usarla y guardarla en un lugar seco. Para un almacenamiento prolongado, lubr\u00edquela con grasa.<\/li>\n<li><strong>No ajuste el afilado con papel bajo ninguna circunstancia. De lo contrario, no afilar\u00e1 la maquinilla.<\/strong><\/li>\n<\/ul>","protected":false},"featured_media":3618,"comment_status":"open","ping_status":"closed","template":"","meta":[],"product_brand":[],"product_cat":[23],"product_tag":[311,308],"class_list":{"0":"post-3604","1":"product","2":"type-product","3":"status-publish","4":"has-post-thumbnail","6":"product_cat-razors","7":"product_tag-le-moulin","8":"product_tag-shave-ready","9":"product_shipping_class-light","11":"first","12":"outofstock","13":"shipping-taxable","14":"purchasable","15":"product-type-simple"},"_links":{"self":[{"href":"https:\/\/jnats.eu\/es\/wp-json\/wp\/v2\/product\/3604","targetHints":{"allow":["GET"]}}],"collection":[{"href":"https:\/\/jnats.eu\/es\/wp-json\/wp\/v2\/product"}],"about":[{"href":"https:\/\/jnats.eu\/es\/wp-json\/wp\/v2\/types\/product"}],"replies":[{"embeddable":true,"href":"https:\/\/jnats.eu\/es\/wp-json\/wp\/v2\/comments?post=3604"}],"wp:featuredmedia":[{"embeddable":true,"href":"https:\/\/jnats.eu\/es\/wp-json\/wp\/v2\/media\/3618"}],"wp:attachment":[{"href":"https:\/\/jnats.eu\/es\/wp-json\/wp\/v2\/media?parent=3604"}],"wp:term":[{"taxonomy":"product_brand","embeddable":true,"href":"https:\/\/jnats.eu\/es\/wp-json\/wp\/v2\/product_brand?post=3604"},{"taxonomy":"product_cat","embeddable":true,"href":"https:\/\/jnats.eu\/es\/wp-json\/wp\/v2\/product_cat?post=3604"},{"taxonomy":"product_tag","embeddable":true,"href":"https:\/\/jnats.eu\/es\/wp-json\/wp\/v2\/product_tag?post=3604"}],"curies":[{"name":"wp","href":"https:\/\/api.w.org\/{rel}","templated":true}]}}