{"id":3628,"date":"2024-12-04T14:08:20","date_gmt":"2024-12-04T12:08:20","guid":{"rendered":"https:\/\/jnats.eu\/?post_type=product&#038;p=3628"},"modified":"2024-12-05T15:12:19","modified_gmt":"2024-12-05T13:12:19","slug":"naudotas-new-azuma-kamisori-paruostas-skustis","status":"publish","type":"product","link":"https:\/\/jnats.eu\/es\/producto-2\/naudotas-new-azuma-kamisori-paruostas-skustis\/","title":{"rendered":"Nuevo Azuma Kamisori usado, Listo para afeitar"},"content":{"rendered":"<figure class=\"wp-block-embed is-type-video is-provider-youtube wp-block-embed-youtube wp-embed-aspect-16-9 wp-has-aspect-ratio\"><div class=\"wp-block-embed__wrapper\">\n<div class=\"video-container\"><iframe title=\"Nuevo Azuma Kamisori Shave Ready\" width=\"1170\" height=\"658\" src=\"https:\/\/www.youtube.com\/embed\/8Dz7XgS6_gI?feature=oembed\" frameborder=\"0\" allow=\"accelerometer; autoplay; clipboard-write; encrypted-media; gyroscope; picture-in-picture; web-share\" referrerpolicy=\"strict-origin-when-cross-origin\" allowfullscreen><\/iframe><\/div>\n<\/div><\/figure>","protected":false},"excerpt":{"rendered":"<ul>\n<li>Listo para afeitar, usado vintage japon\u00e9s Nueva Azuma Kamisori maquinilla de afeitar.<\/li>\n<li>Afilado completado con Shobudani Karasu + cinta Knayama<\/li>\n<li>Comprobaci\u00f3n microsc\u00f3pica: sin grietas ni corrosi\u00f3n en la hoja<\/li>\n<li>Peso - 38 g<\/li>\n<li>Longitud de la hoja - 38 mm<\/li>\n<li>Altura - 17 mm<\/li>\n<li>Grosor de la cinta - 5 mm<\/li>\n<li>Fabricada en acero al carbono, que es propenso a oxidarse, por lo que debe asegurarse de secar la maquinilla despu\u00e9s de usarla y guardarla en un lugar seco. Para un almacenamiento prolongado, lubr\u00edquela con grasa.<\/li>\n<li>El n\u00facleo duro est\u00e1 rodeado de acero m\u00e1s blando, que protege contra posibles roturas en caso de ca\u00edda de la maquinilla.<\/li>\n<li>Asa de pl\u00e1stico.<\/li>\n<li><strong>No ajuste el afilado con papel bajo ninguna circunstancia. De lo contrario, no afilar\u00e1 la maquinilla.<\/strong><\/li>\n<\/ul>","protected":false},"featured_media":3636,"comment_status":"open","ping_status":"closed","template":"","meta":[],"product_brand":[],"product_cat":[23],"product_tag":[312,25],"class_list":{"0":"post-3628","1":"product","2":"type-product","3":"status-publish","4":"has-post-thumbnail","6":"product_cat-razors","7":"product_tag-azuma","8":"product_tag-kamisori","9":"product_shipping_class-light","11":"first","12":"outofstock","13":"shipping-taxable","14":"purchasable","15":"product-type-simple"},"_links":{"self":[{"href":"https:\/\/jnats.eu\/es\/wp-json\/wp\/v2\/product\/3628","targetHints":{"allow":["GET"]}}],"collection":[{"href":"https:\/\/jnats.eu\/es\/wp-json\/wp\/v2\/product"}],"about":[{"href":"https:\/\/jnats.eu\/es\/wp-json\/wp\/v2\/types\/product"}],"replies":[{"embeddable":true,"href":"https:\/\/jnats.eu\/es\/wp-json\/wp\/v2\/comments?post=3628"}],"wp:featuredmedia":[{"embeddable":true,"href":"https:\/\/jnats.eu\/es\/wp-json\/wp\/v2\/media\/3636"}],"wp:attachment":[{"href":"https:\/\/jnats.eu\/es\/wp-json\/wp\/v2\/media?parent=3628"}],"wp:term":[{"taxonomy":"product_brand","embeddable":true,"href":"https:\/\/jnats.eu\/es\/wp-json\/wp\/v2\/product_brand?post=3628"},{"taxonomy":"product_cat","embeddable":true,"href":"https:\/\/jnats.eu\/es\/wp-json\/wp\/v2\/product_cat?post=3628"},{"taxonomy":"product_tag","embeddable":true,"href":"https:\/\/jnats.eu\/es\/wp-json\/wp\/v2\/product_tag?post=3628"}],"curies":[{"name":"wp","href":"https:\/\/api.w.org\/{rel}","templated":true}]}}