{"id":3651,"date":"2025-07-21T10:46:30","date_gmt":"2025-07-21T07:46:30","guid":{"rendered":"https:\/\/jnats.eu\/?post_type=product&#038;p=3651"},"modified":"2025-10-04T01:47:52","modified_gmt":"2025-10-03T22:47:52","slug":"tradicinis-japoniskas-skustuvas-kamisori-henkotsu-shave-ready","status":"publish","type":"product","link":"https:\/\/jnats.eu\/es\/producto-2\/tradicinis-japoniskas-skustuvas-kamisori-henkotsu-shave-ready\/","title":{"rendered":"Maquinilla de afeitar tradicional japonesa Kamisori Henkotsu NOS"},"content":{"rendered":"<figure class=\"wp-block-embed is-type-video is-provider-youtube wp-block-embed-youtube wp-embed-aspect-16-9 wp-has-aspect-ratio\"><div class=\"wp-block-embed__wrapper\">\n<div class=\"video-container\"><iframe title=\"Maquinilla de afeitar tradicional japonesa Kamisori Henkotsu NOS\" width=\"1170\" height=\"658\" src=\"https:\/\/www.youtube.com\/embed\/DL54bPgnt04?feature=oembed\" frameborder=\"0\" allow=\"accelerometer; autoplay; clipboard-write; encrypted-media; gyroscope; picture-in-picture; web-share\" referrerpolicy=\"strict-origin-when-cross-origin\" allowfullscreen><\/iframe><\/div>\n<\/div><\/figure>\n\n\n\n<p><strong>Henkotsu kamisori NOS (New Old Stock)<\/strong> - una de las marcas japonesas de kamisori m\u00e1s conocidas, producida a mediados del siglo XX para uso profesional. Las maquinillas Henkotsu son apreciadas por:<\/p>\n\n\n\n<ul class=\"wp-block-list\">\n<li>alta calidad <strong>Acero Yasuki<\/strong> (principalmente Shirogami #2),<\/li>\n\n\n\n<li>geometr\u00eda precisa,<\/li>\n\n\n\n<li>buen comportamiento de afilado,<\/li>\n\n\n\n<li>historias, tanto para uso de peluqueros profesionales como para exportaci\u00f3n a otros pa\u00edses.<\/li>\n<\/ul>\n\n\n\n<p>Al igual que una espada samur\u00e1i tradicional, estos Kamisori se forjaron a mano a partir de 2 capas, la parte cortante de acero con alto contenido en carbono y la capa de soporte de un acero m\u00e1s sencillo. La capa de acero es fr\u00e1gil y dura, mientras que la vaina proporciona la flexibilidad necesaria.<\/p>\n\n\n\n<p>Ambas capas no son a prueba de \u00f3xido, por lo que siempre hay que mantener la maquinilla seca despu\u00e9s del afeitado y protegerla con una fina capa de aceite. \u00bfPor qu\u00e9 se oxida esta cuchilla? Las hojas que no se oxidan est\u00e1n fabricadas con una aleaci\u00f3n que evitar\u00e1 las manchas de corrosi\u00f3n, pero tambi\u00e9n ser\u00e1n menos duras. El acero con alto contenido en carbono, como la capa de corte de esta Kamisori, proporciona una dureza mucho mayor y le permitir\u00e1 afeitarse sin problemas durante mucho m\u00e1s tiempo antes de tener que volver a afilarla.<\/p>","protected":false},"excerpt":{"rendered":"<ul>\n<li>Maquinilla de afeitar japonesa Henkotsu Kamisori vintage sin usar.<\/li>\n<li>Todas las dimensiones y pesos var\u00edan ligeramente ya que est\u00e1n hechos a mano<\/li>\n<li>Peso - 33 g<\/li>\n<li>Longitud de la hoja - 45 mm<\/li>\n<li>Altura - 19 mm<\/li>\n<li>Grosor de la cinta - 5 mm<\/li>\n<li>Longitud total - 148 mm<\/li>\n<li>Fabricada en acero al carbono, que es propenso a oxidarse, por lo que debe asegurarse de secar la maquinilla despu\u00e9s de usarla y guardarla en un lugar seco. Para un almacenamiento prolongado, lubr\u00edquela con grasa.<\/li>\n<li>El n\u00facleo duro est\u00e1 rodeado de acero m\u00e1s blando, que protege contra posibles roturas en caso de ca\u00edda de la maquinilla.<\/li>\n<li>Ligeramente afectado por la corrosi\u00f3n.<\/li>\n<li>si no ves el art\u00edculo en la lista, est\u00e1 vendido.<\/li>\n<\/ul>","protected":false},"featured_media":5033,"comment_status":"open","ping_status":"closed","template":"","meta":[],"product_brand":[],"product_cat":[23],"product_tag":[314,25,313],"class_list":{"0":"post-3651","1":"product","2":"type-product","3":"status-publish","4":"has-post-thumbnail","6":"product_cat-razors","7":"product_tag-henkotsu","8":"product_tag-kamisori","9":"product_tag-kamisori-henkotsu","10":"product_shipping_class-light","12":"first","13":"instock","14":"shipping-taxable","15":"purchasable","16":"product-type-variable"},"_links":{"self":[{"href":"https:\/\/jnats.eu\/es\/wp-json\/wp\/v2\/product\/3651","targetHints":{"allow":["GET"]}}],"collection":[{"href":"https:\/\/jnats.eu\/es\/wp-json\/wp\/v2\/product"}],"about":[{"href":"https:\/\/jnats.eu\/es\/wp-json\/wp\/v2\/types\/product"}],"replies":[{"embeddable":true,"href":"https:\/\/jnats.eu\/es\/wp-json\/wp\/v2\/comments?post=3651"}],"wp:featuredmedia":[{"embeddable":true,"href":"https:\/\/jnats.eu\/es\/wp-json\/wp\/v2\/media\/5033"}],"wp:attachment":[{"href":"https:\/\/jnats.eu\/es\/wp-json\/wp\/v2\/media?parent=3651"}],"wp:term":[{"taxonomy":"product_brand","embeddable":true,"href":"https:\/\/jnats.eu\/es\/wp-json\/wp\/v2\/product_brand?post=3651"},{"taxonomy":"product_cat","embeddable":true,"href":"https:\/\/jnats.eu\/es\/wp-json\/wp\/v2\/product_cat?post=3651"},{"taxonomy":"product_tag","embeddable":true,"href":"https:\/\/jnats.eu\/es\/wp-json\/wp\/v2\/product_tag?post=3651"}],"curies":[{"name":"wp","href":"https:\/\/api.w.org\/{rel}","templated":true}]}}