{"id":3679,"date":"2025-12-16T14:37:04","date_gmt":"2025-12-16T12:37:04","guid":{"rendered":"https:\/\/jnats.eu\/?post_type=product&#038;p=3679"},"modified":"2026-02-12T13:14:33","modified_gmt":"2026-02-12T11:14:33","slug":"nos-kamisori-tamahagane-pauvlonijos-dezuteje","status":"publish","type":"product","link":"https:\/\/jnats.eu\/es\/producto-2\/nos-kamisori-tamahagane-pauvlonijos-dezuteje\/","title":{"rendered":"Premium NOS Kamisori Tamahagane en caja de pauvlonia"},"content":{"rendered":"<p>Presenta huellas del tiempo y \u00f3xido. Por favor, mire cuidadosamente las fotos y el video. Las maquinillas est\u00e1n afiladas, pero es preferible acabarlas con una piedra adecuada y un cintur\u00f3n de cordob\u00e1n. Para las personas menos exigentes, el afeitado de una sola vez es adecuado.<\/p>\n\n\n\n<figure class=\"wp-block-embed is-type-video is-provider-youtube wp-block-embed-youtube wp-embed-aspect-9-16 wp-has-aspect-ratio\"><div class=\"wp-block-embed__wrapper\">\n<div class=\"video-container\"><iframe title=\"Aut\u00e9ntico Tamahagane Kamisori | NOS Artesan\u00eda Japonesa #tamahagane\" width=\"563\" height=\"1000\" src=\"https:\/\/www.youtube.com\/embed\/UoiK7YYzXa0?feature=oembed\" frameborder=\"0\" allow=\"accelerometer; autoplay; clipboard-write; encrypted-media; gyroscope; picture-in-picture; web-share\" referrerpolicy=\"strict-origin-when-cross-origin\" allowfullscreen><\/iframe><\/div>\n<\/div><\/figure>\n\n\n\n<h2 class=\"wp-block-heading\">Traducci\u00f3n:<\/h2>\n\n\n\n<h3 class=\"wp-block-heading\">En la caja<\/h3>\n\n\n\n<ul class=\"wp-block-list\">\n<li><strong>\u767b\u9332\u5546\u6a19<\/strong><br>Traducci\u00f3n: <em>Marca registrada<\/em>.<\/li>\n\n\n\n<li><strong>\u7279\u64b0<\/strong><br>Traducci\u00f3n: <em>Especialmente seleccionados<\/em> o <em>m\u00e1xima calidad<\/em>.<\/li>\n<\/ul>\n\n\n\n<h3 class=\"wp-block-heading\">Sobre la navaja<\/h3>\n\n\n\n<ol class=\"wp-block-list\">\n<li><strong>\u7d14\u6b63\u92fc\u51a0\u884c<\/strong><br>Traducci\u00f3n: <em>\"Aut\u00e9ntico acero Tamahagane\"<\/em> v\u00eda <em>\"Acero de primera calidad\"<\/em>.<\/li>\n\n\n\n<li><strong>\u7279\u7d1a\u767b\u9332<\/strong><br>Traducci\u00f3n: <em>\"Clase especial registrada\"<\/em> (producto premium).<\/li>\n\n\n\n<li><strong>\u559c<\/strong><br>Es un s\u00edmbolo de alegr\u00eda utilizado para la marca.<\/li>\n<\/ol>\n\n\n\n<p>Similar a una espada samurai tradicional, este Kamisori fue forjado a mano a partir de 2 capas, la parte cortante hecha de acero al carbono duro y la capa de soporte blando. Lo que hace especial a este Kamisori es que el acero es aut\u00e9ntico Tamahagane. El Tamahagane es un acero tradicional que se fabrica en Jap\u00f3n desde hace siglos a partir de la arena y el carb\u00f3n \"f\u00e9rricos\" que se encuentran all\u00ed. Como Jap\u00f3n no tiene grandes recursos de mineral de hierro, el acero se fabrica a partir de arena de hierro en un proceso que dura varios d\u00edas a mano. Esta era la principal fuente de material para todas las espadas de los samur\u00e1is. La capa de acero es quebradiza y dura (endurecida a 70HRC), mientras que la armadura, m\u00e1s blanda, proporciona la flexibilidad necesaria.<\/p>\n\n\n\n<p>Ambas capas no son a prueba de \u00f3xido, as\u00ed que mantenga siempre la maquinilla seca despu\u00e9s del afeitado y prot\u00e9jala con una fina capa de lubricante. \u00bfPor qu\u00e9 no se oxida esta maquinilla? Las maquinillas de afeitar de acero inoxidable tienen una aleaci\u00f3n que evita las manchas de corrosi\u00f3n, pero tambi\u00e9n las hace menos duras y menos afiladas. El acero con alto contenido en carbono, como la capa de corte de esta Kamisori, permite una dureza mucho mayor y mantendr\u00e1 un afeitado suave durante mucho m\u00e1s tiempo antes de necesitar ser afilada de nuevo, \u00a1especialmente esta capa Tamahagane!<\/p>\n\n\n\n<p>El acero Tamahagane \u7389\u92fc, un material legendario y venerado en la fabricaci\u00f3n de espadas tradicionales japonesas, ocupa un lugar especial en el coraz\u00f3n de artesanos y entusiastas por igual. Conocido por su excepcional calidad y su meticuloso proceso de desarrollo, el acero Tamahagane encarna la combinaci\u00f3n perfecta de arte, tradici\u00f3n y funcionalidad. <\/p>\n\n\n\n<p>Abajo puedes ver mi cosechadora afilada:<\/p>\n\n\n\n<figure class=\"wp-block-embed is-type-video is-provider-youtube wp-block-embed-youtube wp-embed-aspect-16-9 wp-has-aspect-ratio\"><div class=\"wp-block-embed__wrapper\">\n<div class=\"video-container\"><iframe title=\"NOS Kamisori Tamahagane Afeitado listo\" width=\"1170\" height=\"658\" src=\"https:\/\/www.youtube.com\/embed\/a2fycebA5I4?feature=oembed\" frameborder=\"0\" allow=\"accelerometer; autoplay; clipboard-write; encrypted-media; gyroscope; picture-in-picture; web-share\" referrerpolicy=\"strict-origin-when-cross-origin\" allowfullscreen><\/iframe><\/div>\n<\/div><\/figure>","protected":false},"excerpt":{"rendered":"<p>Navaja Kamisori japonesa NOS (New old Stock) en acero Tamahagane \u7389\u92fc ultraduro (hasta 70 HRC). Kamisori de tama\u00f1o medio y peso ligero. La navaja se fabric\u00f3 en el periodo Showa, alrededor de la d\u00e9cada de 1960. Gustar\u00e1 a los amantes del afeitado agresivo.<\/p>\n<p>\u7d14\u7389\u92fc (Jun Tama Hagane), que significa \"Acero Tamahagane puro\". El texto adicional \"\u5225\u6253\" (Betsuuchi) significa \"Forjado largo\". El forjado largo hace que la estructura del acero sea m\u00e1s homog\u00e9nea y fuerte, y elimina las impurezas innecesarias. Esto permite que la herramienta se afile con mayor nitidez y que el afilado dure notablemente m\u00e1s.<\/p>\n<p>\u7279 \u7ea7 \u7f16 = Edici\u00f3n especial<\/p>\n<p>Marca <strong>\"\u559c\"<\/strong> (s\u00edmbolo de alegr\u00eda) y la exclusiva marca de calidad \"\u7279\u64b0\" (premium) indican que se trata de una herramienta de afeitado japonesa de alta gama fabricada con atenci\u00f3n al detalle y utilizando acero de la mejor calidad.<\/p>\n<p><strong>Las dimensiones de todos los Kamisori son ligeramente diferentes porque est\u00e1n hechos a mano.<\/strong><\/p>\n<ul>\n<li>Longitud aproximada 152 mm<\/li>\n<li>Altura aprox. 17 mm<\/li>\n<li>Longitud del filo de corte aprox. 43 mm<\/li>\n<li>grosor aprox. 4 mm<\/li>\n<li>peso aproximado 41 g.<\/li>\n<li>mango de pl\u00e1stico<\/li>\n<\/ul>","protected":false},"featured_media":5539,"comment_status":"open","ping_status":"closed","template":"","meta":[],"product_brand":[],"product_cat":[23],"product_tag":[25,26],"class_list":{"0":"post-3679","1":"product","2":"type-product","3":"status-publish","4":"has-post-thumbnail","6":"product_cat-razors","7":"product_tag-kamisori","8":"product_tag-tamahagane","9":"product_shipping_class-light","11":"first","12":"outofstock","13":"shipping-taxable","14":"product-type-variable"},"_links":{"self":[{"href":"https:\/\/jnats.eu\/es\/wp-json\/wp\/v2\/product\/3679","targetHints":{"allow":["GET"]}}],"collection":[{"href":"https:\/\/jnats.eu\/es\/wp-json\/wp\/v2\/product"}],"about":[{"href":"https:\/\/jnats.eu\/es\/wp-json\/wp\/v2\/types\/product"}],"replies":[{"embeddable":true,"href":"https:\/\/jnats.eu\/es\/wp-json\/wp\/v2\/comments?post=3679"}],"wp:featuredmedia":[{"embeddable":true,"href":"https:\/\/jnats.eu\/es\/wp-json\/wp\/v2\/media\/5539"}],"wp:attachment":[{"href":"https:\/\/jnats.eu\/es\/wp-json\/wp\/v2\/media?parent=3679"}],"wp:term":[{"taxonomy":"product_brand","embeddable":true,"href":"https:\/\/jnats.eu\/es\/wp-json\/wp\/v2\/product_brand?post=3679"},{"taxonomy":"product_cat","embeddable":true,"href":"https:\/\/jnats.eu\/es\/wp-json\/wp\/v2\/product_cat?post=3679"},{"taxonomy":"product_tag","embeddable":true,"href":"https:\/\/jnats.eu\/es\/wp-json\/wp\/v2\/product_tag?post=3679"}],"curies":[{"name":"wp","href":"https:\/\/api.w.org\/{rel}","templated":true}]}}