{"id":377,"date":"2024-03-04T14:16:15","date_gmt":"2024-03-04T12:16:15","guid":{"rendered":"http:\/\/jnats.eu\/?post_type=product&#038;p=377"},"modified":"2024-05-03T11:33:34","modified_gmt":"2024-05-03T08:33:34","slug":"kyoto-piedra-de-afilar-natural-especialmente-seleccionada-shomotoyama-shiro-renge-suita","status":"publish","type":"product","link":"https:\/\/jnats.eu\/es\/producto-2\/kyoto-piedra-de-afilar-natural-especialmente-seleccionada-shomotoyama-shiro-renge-suita\/","title":{"rendered":"Piedra de afilar natural especialmente seleccionada de Kyoto Shomotoyama Shiro Renge Suita"},"content":{"rendered":"<p>Shiro Renge Suita es una piedra de afilar, tambi\u00e9n conocida como piedra de afilar, com\u00fanmente utilizada en las t\u00e9cnicas tradicionales japonesas de afilado de cuchillos. Es muy apreciado tanto entre los entusiastas como entre los profesionales por su calidad excepcional y su capacidad para producir un filo de hoja afilado.<\/p>\n\n\n\n<p><strong>Descripci\u00f3n de las piedras de molienda Shiro Renge Suita:<\/strong><\/p>\n\n\n\n<p>Material: Shiro Renge Suita suele estar hecho de piedras sedimentarias naturales que se encuentran en las monta\u00f1as de Jap\u00f3n. Estas piedras son conocidas por su estructura de grano fino, que permite afilar y pulir con precisi\u00f3n las hojas de los cuchillos.<\/p>\n\n\n\n<p>Nivel de grano: Shiro Renge Suita generalmente se encuentra en el rango de grano medio a fino. La finura se refiere a la rugosidad de la superficie de la piedra y determina el nivel de abrasividad. Esta piedra se suele utilizar en las etapas finales del afilado para refinar el filo y lograr un acabado de espejo.<\/p>\n\n\n\n<p>Versatilidad: El Shiro Renge Suita se utiliza principalmente para afilar cuchillos de estilo japon\u00e9s, como los cuchillos para sushi o sashimi, pero tambi\u00e9n se puede utilizar para afilar otro tipo de cuchillos, incluidos cuchillos de cocina, herramientas para trabajar la madera e incluso navajas.<\/p>\n\n\n\n<p>Uso del agua: Como la mayor\u00eda de las piedras japonesas, Shiro Renge Suita debe humedecerse con agua tibia antes de su uso. Este proceso ayuda a evitar que la piedra se seque y proporciona lubricaci\u00f3n para el proceso de afilado.<\/p>\n\n\n\n<p>Cuidado y mantenimiento: El cuidado y mantenimiento adecuados son esenciales para garantizar la longevidad y eficacia de las piedras de molienda Shiro Renge Suita. Debe lavarse minuciosamente despu\u00e9s de su uso y dejarse secar completamente antes de guardarlo. Adem\u00e1s, la nivelaci\u00f3n peri\u00f3dica de la superficie ayuda a mantener una superficie de afilado uniforme.<\/p>\n\n\n\n<p>Calidad artesanal: Muchas de las piedras de moler Shiro Renge Suita antiguas est\u00e1n hechas por expertos artesanos que conocen bien las caracter\u00edsticas y propiedades de la piedra. Esta artesan\u00eda garantiza la consistencia y calidad de cada piedra producida.<\/p>\n\n\n\n<p>En general, la piedra de afilar Shiro Renge Suita es valorada por su capacidad para refinar los bordes de los cuchillos hasta obtener superficies excepcionalmente afiladas y pulidas, lo que la convierte en una herramienta valiosa para chefs, entusiastas culinarios y artesanos que exigen precisi\u00f3n y calidad en su trabajo.<\/p>","protected":false},"excerpt":{"rendered":"<ul>\n<li>Piedra de afilar Shiro Renge Suita vintage, sin usar<\/li>\n<li>Dimensiones <span class=\"VIpgJd-yAWNEb-VIpgJd-fmcmS-sn54Q\">195 x 73<\/span><span class=\"VIpgJd-yAWNEb-VIpgJd-fmcmS-sn54Q\">\u00a0X\u00a0<\/span><span class=\"VIpgJd-yAWNEb-VIpgJd-fmcmS-sn54Q\">26<\/span><\/li>\n<li>Dureza: Lv 4<\/li>\n<li>Peso con soporte: 1018 g<\/li>\n<\/ul>","protected":false},"featured_media":2478,"comment_status":"open","ping_status":"closed","template":"","meta":[],"product_brand":[],"product_cat":[22],"product_tag":[86,87,88,50],"class_list":{"0":"post-377","1":"product","2":"type-product","3":"status-publish","4":"has-post-thumbnail","6":"product_cat-jnats","7":"product_tag-renge","8":"product_tag-shiro","9":"product_tag-shomotoyama","10":"product_tag-suita","11":"product_shipping_class-iprastas","13":"first","14":"instock","15":"sale","16":"shipping-taxable","17":"purchasable","18":"product-type-simple"},"_links":{"self":[{"href":"https:\/\/jnats.eu\/es\/wp-json\/wp\/v2\/product\/377","targetHints":{"allow":["GET"]}}],"collection":[{"href":"https:\/\/jnats.eu\/es\/wp-json\/wp\/v2\/product"}],"about":[{"href":"https:\/\/jnats.eu\/es\/wp-json\/wp\/v2\/types\/product"}],"replies":[{"embeddable":true,"href":"https:\/\/jnats.eu\/es\/wp-json\/wp\/v2\/comments?post=377"}],"wp:featuredmedia":[{"embeddable":true,"href":"https:\/\/jnats.eu\/es\/wp-json\/wp\/v2\/media\/2478"}],"wp:attachment":[{"href":"https:\/\/jnats.eu\/es\/wp-json\/wp\/v2\/media?parent=377"}],"wp:term":[{"taxonomy":"product_brand","embeddable":true,"href":"https:\/\/jnats.eu\/es\/wp-json\/wp\/v2\/product_brand?post=377"},{"taxonomy":"product_cat","embeddable":true,"href":"https:\/\/jnats.eu\/es\/wp-json\/wp\/v2\/product_cat?post=377"},{"taxonomy":"product_tag","embeddable":true,"href":"https:\/\/jnats.eu\/es\/wp-json\/wp\/v2\/product_tag?post=377"}],"curies":[{"name":"wp","href":"https:\/\/api.w.org\/{rel}","templated":true}]}}