{"id":3879,"date":"2025-01-29T14:38:22","date_gmt":"2025-01-29T12:38:22","guid":{"rendered":"https:\/\/jnats.eu\/?post_type=product&#038;p=3879"},"modified":"2026-02-04T16:13:56","modified_gmt":"2026-02-04T14:13:56","slug":"naudoti-japoniski-vintaziniai-skustuvai-kamisori","status":"publish","type":"product","link":"https:\/\/jnats.eu\/es\/producto-2\/naudoti-japoniski-vintaziniai-skustuvai-kamisori\/","title":{"rendered":"Maquinillas de afeitar japonesas Kamisori de segunda mano"},"content":{"rendered":"<figure class=\"wp-block-embed is-type-video is-provider-youtube wp-block-embed-youtube wp-embed-aspect-16-9 wp-has-aspect-ratio\"><div class=\"wp-block-embed__wrapper\">\n<div class=\"video-container\"><iframe title=\"Kamisori\" width=\"1170\" height=\"658\" src=\"https:\/\/www.youtube.com\/embed\/Es3h28h7VN8?feature=oembed\" frameborder=\"0\" allow=\"accelerometer; autoplay; clipboard-write; encrypted-media; gyroscope; picture-in-picture; web-share\" referrerpolicy=\"strict-origin-when-cross-origin\" allowfullscreen><\/iframe><\/div>\n<\/div><\/figure>\n\n\n\n<p>Al igual que una espada samur\u00e1i tradicional, estos Kamisori se forjaron a mano a partir de 2 capas, la parte cortante de acero con alto contenido en carbono y la capa de soporte de un acero m\u00e1s sencillo. La capa de acero es fr\u00e1gil y dura, mientras que la vaina proporciona la flexibilidad necesaria.<\/p>\n\n\n\n<p>Ambas capas no son resistentes al \u00f3xido, as\u00ed que mantenga siempre seca la maquinilla despu\u00e9s del afeitado y prot\u00e9jala con una fina capa de aceite. \u00bfPor qu\u00e9 se ha elegido acero inoxidable para esta maquinilla? Las maquinillas sin \u00f3xido est\u00e1n fabricadas con una aleaci\u00f3n que evitar\u00e1 las manchas de corrosi\u00f3n, pero tambi\u00e9n ser\u00e1n menos duras y menos afiladas. El acero con alto contenido en carbono, como la capa de corte de esta Kamisori, proporciona una dureza mucho mayor y mantendr\u00e1 un afeitado suave durante mucho m\u00e1s tiempo antes de tener que afilarla de nuevo, \u00a1y se puede afilar mucho m\u00e1s!<\/p>","protected":false},"excerpt":{"rendered":"<ul>\n<li>Maquinillas de afeitar japonesas Kamisori de segunda mano<\/li>\n<li>Ligeramente afectado por la corrosi\u00f3n.<\/li>\n<li>Si no ve el art\u00edculo en la lista, es que est\u00e1 vendido.<\/li>\n<\/ul>","protected":false},"featured_media":3883,"comment_status":"open","ping_status":"closed","template":"","meta":[],"product_brand":[],"product_cat":[23],"product_tag":[25],"class_list":{"0":"post-3879","1":"product","2":"type-product","3":"status-publish","4":"has-post-thumbnail","6":"product_cat-razors","7":"product_tag-kamisori","8":"product_shipping_class-light","10":"first","11":"instock","12":"shipping-taxable","13":"purchasable","14":"product-type-variable"},"_links":{"self":[{"href":"https:\/\/jnats.eu\/es\/wp-json\/wp\/v2\/product\/3879","targetHints":{"allow":["GET"]}}],"collection":[{"href":"https:\/\/jnats.eu\/es\/wp-json\/wp\/v2\/product"}],"about":[{"href":"https:\/\/jnats.eu\/es\/wp-json\/wp\/v2\/types\/product"}],"replies":[{"embeddable":true,"href":"https:\/\/jnats.eu\/es\/wp-json\/wp\/v2\/comments?post=3879"}],"wp:featuredmedia":[{"embeddable":true,"href":"https:\/\/jnats.eu\/es\/wp-json\/wp\/v2\/media\/3883"}],"wp:attachment":[{"href":"https:\/\/jnats.eu\/es\/wp-json\/wp\/v2\/media?parent=3879"}],"wp:term":[{"taxonomy":"product_brand","embeddable":true,"href":"https:\/\/jnats.eu\/es\/wp-json\/wp\/v2\/product_brand?post=3879"},{"taxonomy":"product_cat","embeddable":true,"href":"https:\/\/jnats.eu\/es\/wp-json\/wp\/v2\/product_cat?post=3879"},{"taxonomy":"product_tag","embeddable":true,"href":"https:\/\/jnats.eu\/es\/wp-json\/wp\/v2\/product_tag?post=3879"}],"curies":[{"name":"wp","href":"https:\/\/api.w.org\/{rel}","templated":true}]}}