{"id":394,"date":"2024-03-04T14:32:58","date_gmt":"2024-03-04T12:32:58","guid":{"rendered":"http:\/\/jnats.eu\/?post_type=product&#038;p=394"},"modified":"2024-12-27T19:01:11","modified_gmt":"2024-12-27T17:01:11","slug":"nakayama-asagi-daigokujo-acabado-piedra-de-afilar-natural","status":"publish","type":"product","link":"https:\/\/jnats.eu\/es\/producto-2\/nakayama-asagi-daigokujo-acabado-piedra-de-afilar-natural\/","title":{"rendered":"Piedra de afilar natural para acabado Nakayama Asagi Daigokujo\u00a0"},"content":{"rendered":"<p>Se trata de una piedra de acabado de afilar de primera calidad y, si estuviera completa, costar\u00eda unos 2500 \u20ac. Por supuesto, no importa cu\u00e1nto est\u00e9 desconchado, el trabajo de la piedra de moler en s\u00ed no cambia.<\/p>\n\n\n\n<p>En la foto se puede apreciar que se trata de una piedra natural de la m\u00e1xima calidad, sobre todo porque es Nakayama y la finura de su textura es superior a la de otras piedras de bru\u00f1ir.<\/p>\n\n\n\n<p>Tanto los metales no ferrosos como el acero tendr\u00e1n forma de espejo, pero no aplique demasiada fuerza; simplemente trabaje sobre los granos abrasivos liberados y al final rel\u00e1jese y lije como si estuviera aplastando los granos abrasivos. En esta \u00e9poca del a\u00f1o, utiliza agua tibia, similar a un ba\u00f1o, en lugar de agua fr\u00eda, ya que as\u00ed resaltar\u00e1s las mejores cualidades de la piedra.<\/p>\n\n\n\n<figure class=\"wp-block-embed is-type-video is-provider-youtube wp-block-embed-youtube wp-embed-aspect-16-9 wp-has-aspect-ratio\"><div class=\"wp-block-embed__wrapper\">\n<div class=\"video-container\"><iframe title=\"Nakayama Asagi Daigokujo Acabado Piedra de afilar natural Kamisori Henkotsu\" width=\"1170\" height=\"658\" src=\"https:\/\/www.youtube.com\/embed\/oMNIi4q7loc?feature=oembed\" frameborder=\"0\" allow=\"accelerometer; autoplay; clipboard-write; encrypted-media; gyroscope; picture-in-picture; web-share\" referrerpolicy=\"strict-origin-when-cross-origin\" allowfullscreen><\/iframe><\/div>\n<\/div><\/figure>","protected":false},"excerpt":{"rendered":"<ul>\n<li>Tama\u00f1o aproximado 204 x 76 x 28 mm<\/li>\n<li>Peso aproximadamente 970 g<\/li>\n<li>Dureza 4,5<\/li>\n<li>Esquina desconchada<\/li>\n<\/ul>","protected":false},"featured_media":400,"comment_status":"open","ping_status":"closed","template":"","meta":[],"product_brand":[],"product_cat":[22],"product_tag":[45,74,71,49],"class_list":{"0":"post-394","1":"product","2":"type-product","3":"status-publish","4":"has-post-thumbnail","6":"product_cat-jnats","7":"product_tag-asagi","8":"product_tag-daigokujo","9":"product_tag-finishing","10":"product_tag-nakayama","11":"product_shipping_class-iprastas","13":"first","14":"outofstock","15":"sale","16":"shipping-taxable","17":"purchasable","18":"product-type-simple"},"_links":{"self":[{"href":"https:\/\/jnats.eu\/es\/wp-json\/wp\/v2\/product\/394","targetHints":{"allow":["GET"]}}],"collection":[{"href":"https:\/\/jnats.eu\/es\/wp-json\/wp\/v2\/product"}],"about":[{"href":"https:\/\/jnats.eu\/es\/wp-json\/wp\/v2\/types\/product"}],"replies":[{"embeddable":true,"href":"https:\/\/jnats.eu\/es\/wp-json\/wp\/v2\/comments?post=394"}],"wp:featuredmedia":[{"embeddable":true,"href":"https:\/\/jnats.eu\/es\/wp-json\/wp\/v2\/media\/400"}],"wp:attachment":[{"href":"https:\/\/jnats.eu\/es\/wp-json\/wp\/v2\/media?parent=394"}],"wp:term":[{"taxonomy":"product_brand","embeddable":true,"href":"https:\/\/jnats.eu\/es\/wp-json\/wp\/v2\/product_brand?post=394"},{"taxonomy":"product_cat","embeddable":true,"href":"https:\/\/jnats.eu\/es\/wp-json\/wp\/v2\/product_cat?post=394"},{"taxonomy":"product_tag","embeddable":true,"href":"https:\/\/jnats.eu\/es\/wp-json\/wp\/v2\/product_tag?post=394"}],"curies":[{"name":"wp","href":"https:\/\/api.w.org\/{rel}","templated":true}]}}