{"id":4004,"date":"2025-03-07T08:57:39","date_gmt":"2025-03-07T06:57:39","guid":{"rendered":"https:\/\/jnats.eu\/?post_type=product&#038;p=4004"},"modified":"2026-03-08T02:05:45","modified_gmt":"2026-03-08T00:05:45","slug":"kasetine-deka-teac-v-7000","status":"publish","type":"product","link":"https:\/\/jnats.eu\/es\/producto-2\/kasetine-deka-teac-v-7000\/","title":{"rendered":"Manta de casete TEAC V-7000"},"content":{"rendered":"<p>El V-7000 se lanz\u00f3 en 1990 y fue el modelo m\u00e1s popular en su momento. Tambi\u00e9n existe el V-8000S, de rango superior, que apareci\u00f3 posteriormente en 1991 como un V-7000 modificado y mejorado y se convirti\u00f3 en el modelo superior, desplazando al 7000 al segundo puesto.<\/p>\n\n\n\n<p>Despu\u00e9s del V-9000, TEAC lo redise\u00f1\u00f3 por completo, de modo que la nueva serie, de la que el V-7000 era el buque insignia, pod\u00eda decirse que estaba hecha desde cero y todos los modelos posteriores, como el V-8000S, el V-7010, el V-8030S, eran esencialmente una actualizaci\u00f3n de la serie V-8000S.<\/p>\n\n\n\n<p>Se fabricaba tanto para el mercado nacional como para la exportaci\u00f3n, en plata y en negro. Adem\u00e1s, el negro no ten\u00eda demanda en Jap\u00f3n y es bastante raro all\u00ed.<\/p>\n\n\n\n<p>El TEAC V-7000 dispone de una amplia gama de funciones y garantiza un sonido de alta calidad.<\/p>\n\n\n\n<p>Cuerpo robusto, panel frontal met\u00e1lico.<\/p>\n\n\n\n<p>Motor LPM 4, dos ejes con tracto cerrado.<\/p>\n\n\n\n<p>El motor cuenta con estabilizaci\u00f3n de cuarzo y transmisi\u00f3n directa por eje.<\/p>\n\n\n\n<p>El segundo motor se encarga del rebobinado y los otros dos de cargar el casete y levantar la unidad principal.<\/p>\n\n\n\n<p>Sistema de 3 cabezas, cabezas amorfas de cobalto con bobinado de cobre puro PC-OCC (99,997%)<\/p>\n\n\n\n<p>Como corresponde a un deca de calidad, dispone de una funci\u00f3n de calibraci\u00f3n de pel\u00edcula. El calibrador es manual, a diferencia de muchos de sus competidores, la calibraci\u00f3n se realiza para cada canal individualmente seg\u00fan el nivel y la magnetizaci\u00f3n, lo que permite un ajuste m\u00e1s preciso del cabezal a la banda espec\u00edfica. La magnetizaci\u00f3n es de 210 kHz, curiosamente la frecuencia se ha reducido a 150 kHz en el siguiente modelo V-7010.<\/p>\n\n\n\n<p>Incorpora reducci\u00f3n de ruido Dolby B y C y sistema de desplazamiento din\u00e1mico HX-PRO.<\/p>\n\n\n\n<p>Incluye mando a distancia por infrarrojos RC-394<\/p>\n\n\n\n<p>El TEAC V-7000 estuvo en producci\u00f3n durante unos dos a\u00f1os, goz\u00f3 de gran popularidad y se puso a la venta en grandes cantidades.<\/p>\n\n\n\n<figure class=\"wp-block-embed is-type-video is-provider-youtube wp-block-embed-youtube wp-embed-aspect-16-9 wp-has-aspect-ratio\"><div class=\"wp-block-embed__wrapper\">\n<div class=\"video-container\"><iframe title=\"Manta de casete TEAC V-7000\" width=\"1170\" height=\"658\" src=\"https:\/\/www.youtube.com\/embed\/84KSrB6kiAI?feature=oembed\" frameborder=\"0\" allow=\"accelerometer; autoplay; clipboard-write; encrypted-media; gyroscope; picture-in-picture; web-share\" referrerpolicy=\"strict-origin-when-cross-origin\" allowfullscreen><\/iframe><\/div>\n<\/div><\/figure>\n\n\n\n<figure class=\"wp-block-image size-full\"><img decoding=\"async\" width=\"873\" height=\"740\" src=\"https:\/\/jnats.eu\/wp-content\/uploads\/2025\/03\/5cb9ba293cb3fcf398bad99bf37488bb_873x740.93076923077.jpg\" alt=\"\" class=\"wp-image-4005\" srcset=\"https:\/\/jnats.eu\/wp-content\/uploads\/2025\/03\/5cb9ba293cb3fcf398bad99bf37488bb_873x740.93076923077.jpg 873w, https:\/\/jnats.eu\/wp-content\/uploads\/2025\/03\/5cb9ba293cb3fcf398bad99bf37488bb_873x740.93076923077-300x254.jpg 300w, https:\/\/jnats.eu\/wp-content\/uploads\/2025\/03\/5cb9ba293cb3fcf398bad99bf37488bb_873x740.93076923077-768x651.jpg 768w, https:\/\/jnats.eu\/wp-content\/uploads\/2025\/03\/5cb9ba293cb3fcf398bad99bf37488bb_873x740.93076923077-14x12.jpg 14w, https:\/\/jnats.eu\/wp-content\/uploads\/2025\/03\/5cb9ba293cb3fcf398bad99bf37488bb_873x740.93076923077-441x374.jpg 441w, https:\/\/jnats.eu\/wp-content\/uploads\/2025\/03\/5cb9ba293cb3fcf398bad99bf37488bb_873x740.93076923077-600x509.jpg 600w, https:\/\/jnats.eu\/wp-content\/uploads\/2025\/03\/5cb9ba293cb3fcf398bad99bf37488bb_873x740.93076923077-150x127.jpg 150w\" sizes=\"(max-width: 873px) 100vw, 873px\" \/><\/figure>","protected":false},"excerpt":{"rendered":"<ul>\n<li>Manta de casete TEAC V-7000<\/li>\n<li>Hay un peque\u00f1o ara\u00f1azo en la parte delantera<\/li>\n<li>Estado general excelente<\/li>\n<li>Para el mercado japon\u00e9s<\/li>\n<li>Alimentaci\u00f3n 110v, convertidor a 220v incluido<\/li>\n<\/ul>","protected":false},"featured_media":4017,"comment_status":"open","ping_status":"closed","template":"","meta":[],"product_brand":[],"product_cat":[],"product_tag":[321,320,319],"class_list":{"0":"post-4004","1":"product","2":"type-product","3":"status-publish","4":"has-post-thumbnail","6":"product_tag-kasetine-deka","7":"product_tag-teac","8":"product_tag-v-7000","9":"product_shipping_class-sunkus","11":"first","12":"outofstock","13":"sale","14":"shipping-taxable","15":"purchasable","16":"product-type-simple"},"_links":{"self":[{"href":"https:\/\/jnats.eu\/es\/wp-json\/wp\/v2\/product\/4004","targetHints":{"allow":["GET"]}}],"collection":[{"href":"https:\/\/jnats.eu\/es\/wp-json\/wp\/v2\/product"}],"about":[{"href":"https:\/\/jnats.eu\/es\/wp-json\/wp\/v2\/types\/product"}],"replies":[{"embeddable":true,"href":"https:\/\/jnats.eu\/es\/wp-json\/wp\/v2\/comments?post=4004"}],"wp:featuredmedia":[{"embeddable":true,"href":"https:\/\/jnats.eu\/es\/wp-json\/wp\/v2\/media\/4017"}],"wp:attachment":[{"href":"https:\/\/jnats.eu\/es\/wp-json\/wp\/v2\/media?parent=4004"}],"wp:term":[{"taxonomy":"product_brand","embeddable":true,"href":"https:\/\/jnats.eu\/es\/wp-json\/wp\/v2\/product_brand?post=4004"},{"taxonomy":"product_cat","embeddable":true,"href":"https:\/\/jnats.eu\/es\/wp-json\/wp\/v2\/product_cat?post=4004"},{"taxonomy":"product_tag","embeddable":true,"href":"https:\/\/jnats.eu\/es\/wp-json\/wp\/v2\/product_tag?post=4004"}],"curies":[{"name":"wp","href":"https:\/\/api.w.org\/{rel}","templated":true}]}}