{"id":401,"date":"2024-03-04T14:43:17","date_gmt":"2024-03-04T12:43:17","guid":{"rendered":"http:\/\/jnats.eu\/?post_type=product&#038;p=401"},"modified":"2025-07-12T08:41:41","modified_gmt":"2025-07-12T05:41:41","slug":"red-pin-%e8%b5%a4%e3%83%94%e3%83%b3%e7%a0%a5%e7%9f%b3-finishing-natural-whetstone","status":"publish","type":"product","link":"https:\/\/jnats.eu\/es\/producto-2\/red-pin-%e8%b5%a4%e3%83%94%e3%83%b3%e7%a0%a5%e7%9f%b3-finishing-natural-whetstone\/","title":{"rendered":"Ozuku Ikimurasaki \u8d64\u30d4\u30f3\u7825\u77f3 Acabado Piedra de afilar natural"},"content":{"rendered":"<ul class=\"wp-block-list\">\n<li>Tama\u00f1o aprox. 14,6x8,2x2,3cm<\/li>\n\n\n\n<li>Peso aproximado. 650 gramos<\/li>\n<\/ul>\n\n\n\n<p>Una excelente piedra de acabado de afilado con dureza suficiente. En particular, la Ikimurasaki es conocida por su buena reacci\u00f3n al acero y se utiliza a menudo para afilar navajas. Aunque no se trata de un art\u00edculo nuevo, parece haber sido utilizado con gran cuidado y atenci\u00f3n y ha dejado una muy buena impresi\u00f3n.<\/p>\n\n\n\n<p>El filo de una navaja est\u00e1 directamente relacionado con el valor de los barberos, y parece que antiguamente hab\u00eda muchos barberos que gastaban mucho dinero en piedras naturales. Recientemente, cambiar las hojas se ha vuelto com\u00fan debido a la molestia de afilar las navajas y desde el punto de vista de la higiene, pero algunas barber\u00edas todav\u00eda usan este tipo de piedras de afilar y guardan algunas en un gabinete esterilizado.<br>Quedan muy pocas piedras rojas Nakayama u Ozuku, incluso en las tiendas de Kioto. Es una piedra muy valiosa.<\/p>\n\n\n\n<p>Aseg\u00farese de utilizar agua caliente para afilar. Esta es una buena piedra natural japonesa.<\/p>\n\n\n\n<p><\/p>","protected":false},"excerpt":{"rendered":"<p><!-- wp:list --><\/p>\n<ul><!-- wp:list-item --><\/p>\n<li>Tama\u00f1o aprox. 14,6x8,2x2,3cm<\/li>\n<p><!-- \/wp:list-item --><\/p>\n<p><!-- wp:list-item --><\/p>\n<li>Peso aproximado. 650 gramos<\/li>\n<li>Dureza Nv 4.5<\/li>\n<\/ul>","protected":false},"featured_media":406,"comment_status":"open","ping_status":"closed","template":"","meta":[],"product_brand":[],"product_cat":[22],"product_tag":[71,90,91],"class_list":{"0":"post-401","1":"product","2":"type-product","3":"status-publish","4":"has-post-thumbnail","6":"product_cat-jnats","7":"product_tag-finishing","8":"product_tag-natural-whetstone","9":"product_tag-red-pin","10":"product_shipping_class-iprastas","12":"first","13":"outofstock","14":"sale","15":"shipping-taxable","16":"purchasable","17":"product-type-simple"},"_links":{"self":[{"href":"https:\/\/jnats.eu\/es\/wp-json\/wp\/v2\/product\/401","targetHints":{"allow":["GET"]}}],"collection":[{"href":"https:\/\/jnats.eu\/es\/wp-json\/wp\/v2\/product"}],"about":[{"href":"https:\/\/jnats.eu\/es\/wp-json\/wp\/v2\/types\/product"}],"replies":[{"embeddable":true,"href":"https:\/\/jnats.eu\/es\/wp-json\/wp\/v2\/comments?post=401"}],"wp:featuredmedia":[{"embeddable":true,"href":"https:\/\/jnats.eu\/es\/wp-json\/wp\/v2\/media\/406"}],"wp:attachment":[{"href":"https:\/\/jnats.eu\/es\/wp-json\/wp\/v2\/media?parent=401"}],"wp:term":[{"taxonomy":"product_brand","embeddable":true,"href":"https:\/\/jnats.eu\/es\/wp-json\/wp\/v2\/product_brand?post=401"},{"taxonomy":"product_cat","embeddable":true,"href":"https:\/\/jnats.eu\/es\/wp-json\/wp\/v2\/product_cat?post=401"},{"taxonomy":"product_tag","embeddable":true,"href":"https:\/\/jnats.eu\/es\/wp-json\/wp\/v2\/product_tag?post=401"}],"curies":[{"name":"wp","href":"https:\/\/api.w.org\/{rel}","templated":true}]}}