{"id":4079,"date":"2025-03-17T15:24:27","date_gmt":"2025-03-17T13:24:27","guid":{"rendered":"https:\/\/jnats.eu\/?post_type=product&#038;p=4079"},"modified":"2025-05-22T11:43:48","modified_gmt":"2025-05-22T08:43:48","slug":"aiwatani-lotus-naturalus-japoniskas-akmuo-galandinimui","status":"publish","type":"product","link":"https:\/\/jnats.eu\/es\/producto-2\/aiwatani-lotus-naturalus-japoniskas-akmuo-galandinimui\/","title":{"rendered":"Piedra japonesa natural Aiwatani Lotus para afilar"},"content":{"rendered":"<p>Esta piedra de afilar natural japonesa de primera calidad, extra\u00edda de las monta\u00f1as Aiwatani, est\u00e1 dise\u00f1ada para ofrecer precisi\u00f3n y durabilidad. Esta aut\u00e9ntica piedra, extra\u00edda de minas tradicionales japonesas, tiene una excelente estructura abrasiva que le permite mantener la geometr\u00eda de la hoja de forma uniforme y suave, y proporcionar un afilado perfecto.<\/p>\n\n\n\n<figure class=\"wp-block-embed is-type-video is-provider-youtube wp-block-embed-youtube wp-embed-aspect-16-9 wp-has-aspect-ratio\"><div class=\"wp-block-embed__wrapper\">\n<div class=\"video-container\"><iframe title=\"Piedras de afilar japonesas naturales Aiwatani\" width=\"1170\" height=\"658\" src=\"https:\/\/www.youtube.com\/embed\/7KUe1vRixzw?feature=oembed\" frameborder=\"0\" allow=\"accelerometer; autoplay; clipboard-write; encrypted-media; gyroscope; picture-in-picture; web-share\" referrerpolicy=\"strict-origin-when-cross-origin\" allowfullscreen><\/iframe><\/div>\n<\/div><\/figure>\n\n\n\n<p>\ud83d\udd39 <strong>Artesan\u00eda natural japonesa<\/strong> - una aut\u00e9ntica piedra para profesionales y aficionados.<br>\ud83d\udd39 <strong>Excelente textura<\/strong> - garantiza un afilado extremadamente suave y eficaz sin arranque innecesario de metal.<br>\ud83d\udd39 <strong>Durabilidad<\/strong> - se desgasta lentamente y sigue siendo eficaz durante muchos a\u00f1os.<br>\ud83d\udd39 <strong>Uso vers\u00e1til<\/strong> - adecuado tanto para cuchillos como para peque\u00f1as herramientas de carpinter\u00eda o de otro tipo.<\/p>\n\n\n\n<p>Con la piedra de afilar Aiwatani conseguir\u00e1 un verdadero afilado japon\u00e9s y resultados profesionales en todo momento.<\/p>","protected":false},"excerpt":{"rendered":"<ul class=\"wp-block-list\">\n<li>Adecuado para cuchillos de acabado, tijeras, carpinter\u00eda y otras herramientas.<\/li>\n<li>Dimensiones aproximadas: 210x74x85 mm<\/li>\n<li>Peso: 3160 g<\/li>\n<li>Dureza: Nivel 4,5<\/li>\n<li>Velocidad media de funcionamiento. La aceleraci\u00f3n se puede lograr con suspensi\u00f3n de clavos o una placa de diamante en bruto.<\/li>\n<li>Las l\u00edneas y manchas de goma no interfieren con el afilado.<\/li>\n<li>Recomendamos trabajar con agua templada, ya que el agua fr\u00eda perjudica la velocidad y la respuesta.<\/li>\n<\/ul>","protected":false},"featured_media":4083,"comment_status":"open","ping_status":"closed","template":"","meta":[],"product_brand":[],"product_cat":[22],"product_tag":[65,277],"class_list":{"0":"post-4079","1":"product","2":"type-product","3":"status-publish","4":"has-post-thumbnail","6":"product_cat-jnats","7":"product_tag-aiwatani","8":"product_tag-lotus","9":"product_shipping_class-iprastas","11":"first","12":"instock","13":"sale","14":"shipping-taxable","15":"purchasable","16":"product-type-simple"},"_links":{"self":[{"href":"https:\/\/jnats.eu\/es\/wp-json\/wp\/v2\/product\/4079","targetHints":{"allow":["GET"]}}],"collection":[{"href":"https:\/\/jnats.eu\/es\/wp-json\/wp\/v2\/product"}],"about":[{"href":"https:\/\/jnats.eu\/es\/wp-json\/wp\/v2\/types\/product"}],"replies":[{"embeddable":true,"href":"https:\/\/jnats.eu\/es\/wp-json\/wp\/v2\/comments?post=4079"}],"wp:featuredmedia":[{"embeddable":true,"href":"https:\/\/jnats.eu\/es\/wp-json\/wp\/v2\/media\/4083"}],"wp:attachment":[{"href":"https:\/\/jnats.eu\/es\/wp-json\/wp\/v2\/media?parent=4079"}],"wp:term":[{"taxonomy":"product_brand","embeddable":true,"href":"https:\/\/jnats.eu\/es\/wp-json\/wp\/v2\/product_brand?post=4079"},{"taxonomy":"product_cat","embeddable":true,"href":"https:\/\/jnats.eu\/es\/wp-json\/wp\/v2\/product_cat?post=4079"},{"taxonomy":"product_tag","embeddable":true,"href":"https:\/\/jnats.eu\/es\/wp-json\/wp\/v2\/product_tag?post=4079"}],"curies":[{"name":"wp","href":"https:\/\/api.w.org\/{rel}","templated":true}]}}