{"id":408,"date":"2024-03-04T14:56:03","date_gmt":"2024-03-04T12:56:03","guid":{"rendered":"http:\/\/jnats.eu\/?post_type=product&#038;p=408"},"modified":"2025-07-07T22:37:22","modified_gmt":"2025-07-07T19:37:22","slug":"piedra-de-afilar-natural-con-acabado-de-calidad-daigoku-de-8-capas-shobudani","status":"publish","type":"product","link":"https:\/\/jnats.eu\/es\/producto-2\/piedra-de-afilar-natural-con-acabado-de-calidad-daigoku-de-8-capas-shobudani\/","title":{"rendered":"Piedra de afilar natural Shobudani de 8 capas con acabado de calidad Daigoku"},"content":{"rendered":"<p>Tama\u00f1o 20,7x7,8x3,2cm<br>Peso 1.250 gramos<\/p>\n\n\n\n<p>Esta piedra tiene una hendidura cementada, pero a\u00fan le queda mucho camino por recorrer. Adem\u00e1s, incluso cuando se alcanza, la esquina da\u00f1ada puede retirarse para evitar interferencias con el afilado. Si el rendimiento fuera inferior a la media, la esquina podr\u00eda desecharse, pero<br>como tiene ocho capas, se puede utilizar. La excavaci\u00f3n de esta capa de piedra finaliz\u00f3 hace unos 200 a\u00f1os, pero no cabe duda de que est\u00e1 ah\u00ed.<\/p>\n\n\n\n<p>La piedra de afilar de ocho capas era muy popular para afilar espadas art\u00edsticas en el periodo Edo. La raz\u00f3n parece ser que el pulido fino tiene menos imperfecciones y el pulido puede hacerse con ajustes finos. En la era Taihei, las espadas no eran s\u00f3lo instrumentos de asesinato, sino que ya se hab\u00edan establecido como obras de arte.<\/p>\n\n\n\n<p> Incluso ahora, cuando voy a los afiladores de espadas que han cerrado, a veces me encuentro con una variedad de piedras de afilar de ocho capas. Entre ellos, los Nakayama de 8 capas se venden a precios muy elevados.<\/p>\n\n\n\n<p>Estas propiedades lo hacen ideal para ajustar la superficie de cuchillos, cinceles de acabado y cepillos.<br>Aunque no quieras, creo que es seguro decir que la probabilidad de encontrar piedras de ocho capas en el futuro es casi nula.<br>Calidad garantizada.<\/p>","protected":false},"excerpt":{"rendered":"<ul>\n<li><strong>Tama\u00f1o: 207x78x32mm<\/strong><\/li>\n<li><strong>Peso: 1.250 gramos<\/strong><\/li>\n<li>Perfecto para un acabado kasumi<\/li>\n<\/ul>","protected":false},"featured_media":414,"comment_status":"open","ping_status":"closed","template":"","meta":[],"product_brand":[],"product_cat":[22],"product_tag":[93,94,71,90,92,44],"class_list":{"0":"post-408","1":"product","2":"type-product","3":"status-publish","4":"has-post-thumbnail","6":"product_cat-jnats","7":"product_tag-8-layer","8":"product_tag-daigoku","9":"product_tag-finishing","10":"product_tag-natural-whetstone","11":"product_tag-quality","12":"product_tag-shobudani","13":"product_shipping_class-iprastas","15":"first","16":"outofstock","17":"shipping-taxable","18":"purchasable","19":"product-type-simple"},"_links":{"self":[{"href":"https:\/\/jnats.eu\/es\/wp-json\/wp\/v2\/product\/408","targetHints":{"allow":["GET"]}}],"collection":[{"href":"https:\/\/jnats.eu\/es\/wp-json\/wp\/v2\/product"}],"about":[{"href":"https:\/\/jnats.eu\/es\/wp-json\/wp\/v2\/types\/product"}],"replies":[{"embeddable":true,"href":"https:\/\/jnats.eu\/es\/wp-json\/wp\/v2\/comments?post=408"}],"wp:featuredmedia":[{"embeddable":true,"href":"https:\/\/jnats.eu\/es\/wp-json\/wp\/v2\/media\/414"}],"wp:attachment":[{"href":"https:\/\/jnats.eu\/es\/wp-json\/wp\/v2\/media?parent=408"}],"wp:term":[{"taxonomy":"product_brand","embeddable":true,"href":"https:\/\/jnats.eu\/es\/wp-json\/wp\/v2\/product_brand?post=408"},{"taxonomy":"product_cat","embeddable":true,"href":"https:\/\/jnats.eu\/es\/wp-json\/wp\/v2\/product_cat?post=408"},{"taxonomy":"product_tag","embeddable":true,"href":"https:\/\/jnats.eu\/es\/wp-json\/wp\/v2\/product_tag?post=408"}],"curies":[{"name":"wp","href":"https:\/\/api.w.org\/{rel}","templated":true}]}}