{"id":4123,"date":"2025-03-19T13:34:53","date_gmt":"2025-03-19T11:34:53","guid":{"rendered":"https:\/\/jnats.eu\/?post_type=product&#038;p=4123"},"modified":"2025-03-19T14:09:27","modified_gmt":"2025-03-19T12:09:27","slug":"gesenryo-tomae-naturalus-japoniskas-akmuo-galandinimui","status":"publish","type":"product","link":"https:\/\/jnats.eu\/es\/producto-2\/gesenryo-tomae-naturalus-japoniskas-akmuo-galandinimui\/","title":{"rendered":"Piedra de afilar japonesa natural Gesenryo Tomae"},"content":{"rendered":"<p>Tomae (el nombre de la capa de roca) es como un cierto tipo de piedra de afilar japonesa natural, a menudo utilizada para terminar el afilado debido a sus excelentes propiedades. La piedra tiene una dureza y finura equilibradas, lo que la hace adecuada para una variedad de usos, incluido el acabado del afilado de cuchillos de cocina y otras herramientas. Para navajas de afeitar: preacabado.<\/p>\n\n\n\n<figure class=\"wp-block-embed is-type-video is-provider-youtube wp-block-embed-youtube wp-embed-aspect-16-9 wp-has-aspect-ratio\"><div class=\"wp-block-embed__wrapper\">\n<div class=\"video-container\"><iframe title=\"Hapstone T2 contra Jnats: Nisshoyama Suita, Ozuku, Ohira, Karasu, Tomae\" width=\"1170\" height=\"658\" src=\"https:\/\/www.youtube.com\/embed\/HXBtpEUmp3Q?start=1178&#038;feature=oembed\" frameborder=\"0\" allow=\"accelerometer; autoplay; clipboard-write; encrypted-media; gyroscope; picture-in-picture; web-share\" referrerpolicy=\"strict-origin-when-cross-origin\" allowfullscreen><\/iframe><\/div>\n<\/div><\/figure>\n\n\n\n<p>Las piedras de afilar japonesas naturales (Jnats) se extraen de capas geol\u00f3gicas formadas durante cientos de millones de a\u00f1os. Sus propiedades var\u00edan dependiendo de la regi\u00f3n en la que se extraigan, por lo que los resultados del trabajo pueden variar. Estas piedras proporcionan a los cuchillos un acabado m\u00e1s bonito y un filo sutilmente afilado, por lo que son valoradas por los entusiastas del afilado.<\/p>","protected":false},"excerpt":{"rendered":"<ul class=\"wp-block-list\">\n<li>Adecuado para cuchillos de acabado, tijeras, carpinter\u00eda y otras herramientas.<\/li>\n<li>Dimensiones: 203x79x35 mm<\/li>\n<li>Peso con soporte: 1820 g<\/li>\n<li>Dureza: Nivel 4,5<\/li>\n<li>Recomendamos trabajar con agua templada, ya que el agua fr\u00eda perjudica la velocidad y la respuesta.<\/li>\n<\/ul>","protected":false},"featured_media":4124,"comment_status":"open","ping_status":"closed","template":"","meta":[],"product_brand":[],"product_cat":[22],"product_tag":[325,67],"class_list":{"0":"post-4123","1":"product","2":"type-product","3":"status-publish","4":"has-post-thumbnail","6":"product_cat-jnats","7":"product_tag-gesenryo","8":"product_tag-tomae","9":"product_shipping_class-iprastas","11":"first","12":"instock","13":"shipping-taxable","14":"purchasable","15":"product-type-simple"},"_links":{"self":[{"href":"https:\/\/jnats.eu\/es\/wp-json\/wp\/v2\/product\/4123","targetHints":{"allow":["GET"]}}],"collection":[{"href":"https:\/\/jnats.eu\/es\/wp-json\/wp\/v2\/product"}],"about":[{"href":"https:\/\/jnats.eu\/es\/wp-json\/wp\/v2\/types\/product"}],"replies":[{"embeddable":true,"href":"https:\/\/jnats.eu\/es\/wp-json\/wp\/v2\/comments?post=4123"}],"wp:featuredmedia":[{"embeddable":true,"href":"https:\/\/jnats.eu\/es\/wp-json\/wp\/v2\/media\/4124"}],"wp:attachment":[{"href":"https:\/\/jnats.eu\/es\/wp-json\/wp\/v2\/media?parent=4123"}],"wp:term":[{"taxonomy":"product_brand","embeddable":true,"href":"https:\/\/jnats.eu\/es\/wp-json\/wp\/v2\/product_brand?post=4123"},{"taxonomy":"product_cat","embeddable":true,"href":"https:\/\/jnats.eu\/es\/wp-json\/wp\/v2\/product_cat?post=4123"},{"taxonomy":"product_tag","embeddable":true,"href":"https:\/\/jnats.eu\/es\/wp-json\/wp\/v2\/product_tag?post=4123"}],"curies":[{"name":"wp","href":"https:\/\/api.w.org\/{rel}","templated":true}]}}