{"id":4128,"date":"2025-03-19T13:43:06","date_gmt":"2025-03-19T11:43:06","guid":{"rendered":"https:\/\/jnats.eu\/?post_type=product&#038;p=4128"},"modified":"2025-03-19T14:10:34","modified_gmt":"2025-03-19T12:10:34","slug":"masamotoyama-karasu-naturalus-japoniskas-akmuo-galandinimui","status":"publish","type":"product","link":"https:\/\/jnats.eu\/es\/producto-2\/masamotoyama-karasu-naturalus-japoniskas-akmuo-galandinimui\/","title":{"rendered":"Piedra de afilar japonesa natural Masamotoyama Karasu"},"content":{"rendered":"<p>&quot;Karasu&quot; (que en japon\u00e9s significa &quot;cuervo&quot;) es un tipo de piedra de afilar japonesa natural, llamada as\u00ed por los caracter\u00edsticos patrones oscuros similares a plumas de cuervo que tiene en la superficie de la piedra. Estas piedras son especialmente valoradas por su apariencia est\u00e9tica y sus excelentes propiedades de afilado.<\/p>\n\n\n\n<figure class=\"wp-block-embed is-type-video is-provider-youtube wp-block-embed-youtube wp-embed-aspect-16-9 wp-has-aspect-ratio\"><div class=\"wp-block-embed__wrapper\">\n<div class=\"video-container\"><iframe title=\"Hapstone T2 contra Jnats: Nisshoyama Suita, Ozuku, Ohira, Karasu, Tomae\" width=\"1170\" height=\"658\" src=\"https:\/\/www.youtube.com\/embed\/HXBtpEUmp3Q?start=1275&#038;feature=oembed\" frameborder=\"0\" allow=\"accelerometer; autoplay; clipboard-write; encrypted-media; gyroscope; picture-in-picture; web-share\" referrerpolicy=\"strict-origin-when-cross-origin\" allowfullscreen><\/iframe><\/div>\n<\/div><\/figure>\n\n\n\n<p>Las piedras Karasu son especialmente valoradas por su capacidad de proporcionar a las hojas un acabado de alta calidad y un afilado duradero. A menudo se utilizan para afilar navajas, cuchillos y herramientas de carpinter\u00eda. Debido a su rareza y valor est\u00e9tico, las piedras karasu de alta calidad son dif\u00edciles de encontrar y son muy apreciadas por coleccionistas y afiladores profesionales.<\/p>","protected":false},"excerpt":{"rendered":"<ul class=\"wp-block-list\">\n<li>Adecuado para el acabado de navajas, cuchillos, tijeras, carpinter\u00eda y otras herramientas.<\/li>\n<li>Dimensiones aproximadas: 270x93x37 mm<\/li>\n<li>Peso: 2230 g<\/li>\n<li>Dureza: Lv 5<\/li>\n<li>Recomendamos utilizar agua tibia para afilar cuando se trabaja con piedras, ya que el agua fr\u00eda perjudica la velocidad y la respuesta del afilado.<\/li>\n<\/ul>","protected":false},"featured_media":4134,"comment_status":"open","ping_status":"closed","template":"","meta":[],"product_brand":[],"product_cat":[22],"product_tag":[57,316,245],"class_list":{"0":"post-4128","1":"product","2":"type-product","3":"status-publish","4":"has-post-thumbnail","6":"product_cat-jnats","7":"product_tag-karasu","8":"product_tag-masamotoyama","9":"product_tag-naturalus-japoniskas-akmuo-galandinimui","10":"product_shipping_class-iprastas","12":"first","13":"instock","14":"shipping-taxable","15":"purchasable","16":"product-type-simple"},"_links":{"self":[{"href":"https:\/\/jnats.eu\/es\/wp-json\/wp\/v2\/product\/4128","targetHints":{"allow":["GET"]}}],"collection":[{"href":"https:\/\/jnats.eu\/es\/wp-json\/wp\/v2\/product"}],"about":[{"href":"https:\/\/jnats.eu\/es\/wp-json\/wp\/v2\/types\/product"}],"replies":[{"embeddable":true,"href":"https:\/\/jnats.eu\/es\/wp-json\/wp\/v2\/comments?post=4128"}],"wp:featuredmedia":[{"embeddable":true,"href":"https:\/\/jnats.eu\/es\/wp-json\/wp\/v2\/media\/4134"}],"wp:attachment":[{"href":"https:\/\/jnats.eu\/es\/wp-json\/wp\/v2\/media?parent=4128"}],"wp:term":[{"taxonomy":"product_brand","embeddable":true,"href":"https:\/\/jnats.eu\/es\/wp-json\/wp\/v2\/product_brand?post=4128"},{"taxonomy":"product_cat","embeddable":true,"href":"https:\/\/jnats.eu\/es\/wp-json\/wp\/v2\/product_cat?post=4128"},{"taxonomy":"product_tag","embeddable":true,"href":"https:\/\/jnats.eu\/es\/wp-json\/wp\/v2\/product_tag?post=4128"}],"curies":[{"name":"wp","href":"https:\/\/api.w.org\/{rel}","templated":true}]}}