{"id":4216,"date":"2025-03-21T10:45:10","date_gmt":"2025-03-21T08:45:10","guid":{"rendered":"https:\/\/jnats.eu\/?post_type=product&#038;p=4216"},"modified":"2025-11-26T14:32:17","modified_gmt":"2025-11-26T12:32:17","slug":"nos-new-kinmoji-kamisori","status":"publish","type":"product","link":"https:\/\/jnats.eu\/es\/producto-2\/nos-new-kinmoji-kamisori\/","title":{"rendered":"NOS New Kinmoji Camisori"},"content":{"rendered":"<p><strong>Kamisori<\/strong> \u2013 son navajas de afeitar japonesas que se diferencian de las occidentales por su dise\u00f1o de hoja asim\u00e9trico y su mango m\u00e1s simple. Se utilizan a menudo para el afeitado tradicional japon\u00e9s y son valorados por su precisi\u00f3n.<\/p>\n\n\n\n<figure class=\"wp-block-embed is-type-video is-provider-youtube wp-block-embed-youtube wp-embed-aspect-16-9 wp-has-aspect-ratio\"><div class=\"wp-block-embed__wrapper\">\n<div class=\"video-container\"><iframe title=\"NOS New Kinmoji Camisori\" width=\"1170\" height=\"658\" src=\"https:\/\/www.youtube.com\/embed\/KNuzSOG5IiQ?feature=oembed\" frameborder=\"0\" allow=\"accelerometer; autoplay; clipboard-write; encrypted-media; gyroscope; picture-in-picture; web-share\" referrerpolicy=\"strict-origin-when-cross-origin\" allowfullscreen><\/iframe><\/div>\n<\/div><\/figure>\n\n\n\n<p><strong>Nuevo Kinmoji<\/strong> \u2013 es una marca que produce este tipo de maquinillas de afeitar. El nombre significa &quot;Nueva escritura dorada&quot; (\u91d1\u6587\u5b57 - &quot;Kinmoji&quot; significa &quot;letras doradas&quot; en japon\u00e9s). <\/p>\n\n\n\n<p><strong>Hoja de acero<\/strong> \u2013 Estas maquinillas de afeitar est\u00e1n hechas de acero al carbono de alta calidad, que se considera especialmente adecuado para el afeitado debido a su nitidez y durabilidad. Las piezas de acero duro est\u00e1n soldadas en una l\u00ednea ondulada a un marco de acero m\u00e1s blando.<\/p>","protected":false},"excerpt":{"rendered":"<p><strong>Las dimensiones de todos los Kamisori son ligeramente diferentes porque est\u00e1n hechos a mano.<\/strong><\/p>\n<ul>\n<li>Hay huellas del tiempo y \u00f3xido. Por favor, mire cuidadosamente las fotos y el v\u00eddeo.<\/li>\n<li>El n\u00ba1 usado y los otros tres sin uso.<\/li>\n<li>Longitud total aproximadamente 150 mm<\/li>\n<li>Altura aproximada 19 mm (usado \u2013 18 mm)<\/li>\n<li>Longitud del filo de corte aprox. 41 mil\u00edmetros<\/li>\n<li>El grosor de la hoja es de aproximadamente 5 mm.<\/li>\n<li>peso aproximado 37 g.<\/li>\n<li>Mango de pl\u00e1stico blando<\/li>\n<li><strong>Hecho en Jap\u00f3n a mediados de mayo.<\/strong><\/li>\n<\/ul>","protected":false},"featured_media":4218,"comment_status":"open","ping_status":"closed","template":"","meta":[],"product_brand":[],"product_cat":[23],"product_tag":[25,327,55],"class_list":{"0":"post-4216","1":"product","2":"type-product","3":"status-publish","4":"has-post-thumbnail","6":"product_cat-razors","7":"product_tag-kamisori","8":"product_tag-new-kinmoji","9":"product_tag-nos","10":"product_shipping_class-light","12":"first","13":"instock","14":"shipping-taxable","15":"product-type-variable"},"_links":{"self":[{"href":"https:\/\/jnats.eu\/es\/wp-json\/wp\/v2\/product\/4216","targetHints":{"allow":["GET"]}}],"collection":[{"href":"https:\/\/jnats.eu\/es\/wp-json\/wp\/v2\/product"}],"about":[{"href":"https:\/\/jnats.eu\/es\/wp-json\/wp\/v2\/types\/product"}],"replies":[{"embeddable":true,"href":"https:\/\/jnats.eu\/es\/wp-json\/wp\/v2\/comments?post=4216"}],"wp:featuredmedia":[{"embeddable":true,"href":"https:\/\/jnats.eu\/es\/wp-json\/wp\/v2\/media\/4218"}],"wp:attachment":[{"href":"https:\/\/jnats.eu\/es\/wp-json\/wp\/v2\/media?parent=4216"}],"wp:term":[{"taxonomy":"product_brand","embeddable":true,"href":"https:\/\/jnats.eu\/es\/wp-json\/wp\/v2\/product_brand?post=4216"},{"taxonomy":"product_cat","embeddable":true,"href":"https:\/\/jnats.eu\/es\/wp-json\/wp\/v2\/product_cat?post=4216"},{"taxonomy":"product_tag","embeddable":true,"href":"https:\/\/jnats.eu\/es\/wp-json\/wp\/v2\/product_tag?post=4216"}],"curies":[{"name":"wp","href":"https:\/\/api.w.org\/{rel}","templated":true}]}}