{"id":422,"date":"2024-03-04T15:16:08","date_gmt":"2024-03-04T13:16:08","guid":{"rendered":"http:\/\/jnats.eu\/?post_type=product&#038;p=422"},"modified":"2024-11-03T18:25:28","modified_gmt":"2024-11-03T16:25:28","slug":"otaniyama-daigokujo-acabado-piedra-de-afilar-natural","status":"publish","type":"product","link":"https:\/\/jnats.eu\/es\/producto-2\/otaniyama-daigokujo-acabado-piedra-de-afilar-natural\/","title":{"rendered":"Piedra de afilar natural Otaniyama Daigokujo Razor Finishing"},"content":{"rendered":"<p>Hondo Daigokujo son las piedras de afilar de mayor calidad entre Otaniyama. El monte Otani se encuentra a unos 10 kil\u00f3metros al noroeste del ayuntamiento de Kameoka y es el nombre colectivo de muchas monta\u00f1as. Es una capa de piedra de moler que contiene muchas part\u00edculas abrasivas y parece haber sido extra\u00edda durante la era Showa, ya que el negro se consideraba de mala suerte y se evitaba en el per\u00edodo Edo.<\/p>\n\n\n\n<p>La calidad de las piedras es buena, pero no son muy conocidas porque no se les permiti\u00f3 unirse a la Asociaci\u00f3n de Piedra Natural de Kioto porque a esta \u00faltima no le gustaba que en el mercado se vendieran piedras baratas y de alta calidad. Despu\u00e9s de eso, el empresario que en su mayor\u00eda<br>importaba y vend\u00eda lubricantes, varillas, hierros, etc., not\u00f3 esta muela y<br>Se vendieron puerta a puerta en peluquer\u00edas de todo Jap\u00f3n y poco a poco se fueron extendiendo.<\/p>\n\n\n\n<p>Esta piedra es una mezcla de Hondo-mae y Shiki-tomae lo que da el mejor acabado. Esto se puede comparar con el final de Nakayama.<\/p>\n\n\n\n<p>En ese momento, se vendi\u00f3 por aproximadamente el mismo precio que el salario inicial de un graduado universitario, pero como es una piedra negra, no todos piensan que vale tanto. En cuanto a esta piedra de afilar, es un poco blanda, por lo que tambi\u00e9n se puede utilizar para acabar cuchillos. <\/p>\n\n\n\n<p>La piedra es lo suficientemente gruesa como para durar toda la vida. Como su nombre indica, se trata de una piedra de afilar vers\u00e1til que se puede utilizar no s\u00f3lo para cuchillos, sino tambi\u00e9n para el afilado final de navajas, cuchillos peque\u00f1os, tijeras, cepillos, cinceles y m\u00e1s. para completar el afilado. El atractivo de Otaniyama es que el acabado es similar al de las piedras de afilar de la m\u00e1s alta calidad.<\/p>\n\n\n\n<p>El agua fr\u00eda deteriorar\u00e1 significativamente la respuesta del acero con el tiempo, por lo que es mejor utilizar agua tibia a unos 42 grados al afilar.<\/p>\n\n\n\n<figure class=\"wp-block-embed is-type-video is-provider-youtube wp-block-embed-youtube wp-embed-aspect-16-9 wp-has-aspect-ratio\"><div class=\"wp-block-embed__wrapper\">\n<div class=\"video-container\"><iframe title=\"Otaniyama Daigokujo - La mejor piedra de afilar natural para maquinillas de afeitar\" width=\"1170\" height=\"658\" src=\"https:\/\/www.youtube.com\/embed\/6k_XyH2uSsI?feature=oembed\" frameborder=\"0\" allow=\"accelerometer; autoplay; clipboard-write; encrypted-media; gyroscope; picture-in-picture; web-share\" referrerpolicy=\"strict-origin-when-cross-origin\" allowfullscreen><\/iframe><\/div>\n<\/div><\/figure>","protected":false},"excerpt":{"rendered":"<ul>\n<li>Tama\u00f1o aproximado: 20,0 x 7,0 x 2,4 cm<\/li>\n<li>\u00a0Peso aproximado: 820 g<\/li>\n<li>Dureza nivel 4<\/li>\n<li>Funciona r\u00e1pido y proporciona un afeitado suave. El pelo se corta inmediatamente despu\u00e9s de terminar sobre la piedra. No es necesaria la placa de nagura o diamante.<\/li>\n<li>Una de las mejores piedras de afeitar que he visto. No es muy bonita, pero funciona bien.<\/li>\n<\/ul>","protected":false},"featured_media":1259,"comment_status":"open","ping_status":"closed","template":"","meta":[],"product_brand":[],"product_cat":[22],"product_tag":[74,71,90,70],"class_list":{"0":"post-422","1":"product","2":"type-product","3":"status-publish","4":"has-post-thumbnail","6":"product_cat-jnats","7":"product_tag-daigokujo","8":"product_tag-finishing","9":"product_tag-natural-whetstone","10":"product_tag-otaniyama","11":"product_shipping_class-iprastas","13":"first","14":"outofstock","15":"sale","16":"shipping-taxable","17":"purchasable","18":"product-type-simple"},"_links":{"self":[{"href":"https:\/\/jnats.eu\/es\/wp-json\/wp\/v2\/product\/422","targetHints":{"allow":["GET"]}}],"collection":[{"href":"https:\/\/jnats.eu\/es\/wp-json\/wp\/v2\/product"}],"about":[{"href":"https:\/\/jnats.eu\/es\/wp-json\/wp\/v2\/types\/product"}],"replies":[{"embeddable":true,"href":"https:\/\/jnats.eu\/es\/wp-json\/wp\/v2\/comments?post=422"}],"wp:featuredmedia":[{"embeddable":true,"href":"https:\/\/jnats.eu\/es\/wp-json\/wp\/v2\/media\/1259"}],"wp:attachment":[{"href":"https:\/\/jnats.eu\/es\/wp-json\/wp\/v2\/media?parent=422"}],"wp:term":[{"taxonomy":"product_brand","embeddable":true,"href":"https:\/\/jnats.eu\/es\/wp-json\/wp\/v2\/product_brand?post=422"},{"taxonomy":"product_cat","embeddable":true,"href":"https:\/\/jnats.eu\/es\/wp-json\/wp\/v2\/product_cat?post=422"},{"taxonomy":"product_tag","embeddable":true,"href":"https:\/\/jnats.eu\/es\/wp-json\/wp\/v2\/product_tag?post=422"}],"curies":[{"name":"wp","href":"https:\/\/api.w.org\/{rel}","templated":true}]}}