{"id":4313,"date":"2025-04-09T11:32:24","date_gmt":"2025-04-09T08:32:24","guid":{"rendered":"https:\/\/jnats.eu\/?post_type=product&#038;p=4313"},"modified":"2025-11-25T09:10:14","modified_gmt":"2025-11-25T07:10:14","slug":"kamisori-henkotsu-hureka-kobayashi-kinsei-ippon-renda","status":"publish","type":"product","link":"https:\/\/jnats.eu\/es\/producto-2\/kamisori-henkotsu-hureka-kobayashi-kinsei-ippon-renda\/","title":{"rendered":"Kamisori Henkotsu, Hureka, Kobayashi Kinsei, Ippon Renda"},"content":{"rendered":"<figure class=\"wp-block-embed is-type-video is-provider-youtube wp-block-embed-youtube wp-embed-aspect-16-9 wp-has-aspect-ratio\"><div class=\"wp-block-embed__wrapper\">\n<div class=\"video-container\"><iframe title=\"Kamisori Henkotsu, Hureka, Kobayashi Kinsei, Ippon Renda\" width=\"1170\" height=\"658\" src=\"https:\/\/www.youtube.com\/embed\/UGGiu8uU1nI?feature=oembed\" frameborder=\"0\" allow=\"accelerometer; autoplay; clipboard-write; encrypted-media; gyroscope; picture-in-picture; web-share\" referrerpolicy=\"strict-origin-when-cross-origin\" allowfullscreen><\/iframe><\/div>\n<\/div><\/figure>\n\n\n\n<p>Similares a una espada samur\u00e1i tradicional, estos Kamisori fueron forjados a mano a partir de 2 capas, la parte cortante hecha de acero con alto contenido de carbono y la capa de soporte de una m\u00e1s simple. La capa de acero es fr\u00e1gil y dura, mientras que la carcasa proporciona la flexibilidad y resistencia necesarias a la rotura.<\/p>\n\n\n\n<p>Ambas capas no son resistentes a la oxidaci\u00f3n, por lo que siempre mant\u00e9n la maquinilla seca despu\u00e9s del afeitado y prot\u00e9gela con una fina capa de aceite o lubricante no t\u00f3xico (por ejemplo, Balistol). \u00bfPor qu\u00e9 se oxida este cuchillo? Los cuchillos de acero inoxidable est\u00e1n hechos de una aleaci\u00f3n que evitar\u00e1 que se formen manchas de corrosi\u00f3n, pero tambi\u00e9n ser\u00e1n menos duros. El acero con alto contenido de carbono, como la capa de corte de este Kamisori, proporciona una dureza mucho mayor y mantendr\u00e1 un afeitado suave por mucho m\u00e1s tiempo antes de necesitar afilarse nuevamente.<\/p>\n\n\n\n<p>Kamisori son hojas de afeitar japonesas de alta calidad fabricadas por maestros en su oficio. Estos kamisori son muy valorados en la comunidad de afeitado tradicional japonesa por las siguientes razones:<\/p>\n\n\n\n<hr class=\"wp-block-separator has-alpha-channel-opacity\"\/>\n\n\n\n<h3 class=\"wp-block-heading\"> <strong>\u00bfQu\u00e9 es un camisola?<\/strong><\/h3>\n\n\n\n<ul class=\"wp-block-list\">\n<li>Kamisori es una hoja de afeitar japonesa tradicional que se diferencia de las afeitadoras occidentales. <em>navaja recta<\/em> ya que a menudo tienen una pendiente de hoja asim\u00e9trica (un lado es recto y el otro es curvo).<\/li>\n\n\n\n<li>Utilizada para afeitar sin cuchillas reemplazables, es una herramienta de acero s\u00f3lido que requiere afilado y mantenimiento.<\/li>\n<\/ul>\n\n\n\n<hr class=\"wp-block-separator has-alpha-channel-opacity\"\/>\n\n\n\n<h3 class=\"wp-block-heading\"><strong>Caracter\u00edsticas \u00fanicas de Kamisori:<\/strong><\/h3>\n\n\n\n<ol class=\"wp-block-list\">\n<li><strong>Hecho a mano<\/strong> \u2013 Cada hoja est\u00e1 hecha a mano por un maestro utilizando t\u00e9cnicas tradicionales de herrer\u00eda.<\/li>\n\n\n\n<li><strong>Acero de alta calidad<\/strong> \u2013 de uso frecuente <em>Shirogami<\/em> (Acero de papel blanco) o <em>Aogami<\/em> (Acero Papel Azul) acero que conserva perfectamente su nitidez.<\/li>\n\n\n\n<li><strong>Dise\u00f1o asim\u00e9trico<\/strong> \u2013 t\u00edpico de las camisolas tradicionales, permite un afeitado extremadamente preciso.<\/li>\n\n\n\n<li><strong>Est\u00e9tica<\/strong> \u2013 a menudo tiene detalles grabados art\u00edsticamente (por ejemplo, caracteres kanji), elegancia al estilo japon\u00e9s.<\/li>\n\n\n\n<li><strong>Reputaci\u00f3n<\/strong> \u2013 Los artesanos japoneses se encuentran entre los fabricantes m\u00e1s famosos de herramientas de afeitar vintage.<\/li>\n<\/ol>\n\n\n\n<p><\/p>\n\n\n\n<p>Henkotsu kamisori es otro nombre muy respetado en el mundo de las hojas de afeitar tradicionales japonesas. Este <strong>vintage (antiguo)<\/strong> Cuchillos kamisori, fabricados en su mayor\u00eda en el siglo XX. al principio o durante la guerra (as\u00ed como en el per\u00edodo de posguerra), y ahora se han convertido en objetos codiciados entre coleccionistas y entusiastas del afeitado.<\/p>\n\n\n\n<hr class=\"wp-block-separator has-alpha-channel-opacity\"\/>\n\n\n\n<h3 class=\"wp-block-heading\"><strong>\u00bfQu\u00e9 es Henkotsu?<\/strong><\/h3>\n\n\n\n<ul class=\"wp-block-list\">\n<li><strong>&quot;Henkotsu&quot; (hueso muerto)<\/strong> Literalmente puede significar &quot;terco&quot; o &quot;exc\u00e9ntrico&quot;, pero en el mundo del afeitado es... <strong>marca del fabricante (o artesano)<\/strong>, que estaba grabado en la hoja del kamisori.<\/li>\n\n\n\n<li>Estas maquinillas de afeitar fueron fabricadas <strong>Per\u00edodo Showa (c. 1926\u20131989)<\/strong>, y algunos incluso antes \u2013 <strong>Taisho (1912\u20131926)<\/strong> o incluso <strong>Meiji (1868\u20131912)<\/strong> per\u00edodo.<\/li>\n\n\n\n<li>La mayor\u00eda de ellos fueron producidos <strong>En Osaka o Tokio<\/strong>, en famosos distritos de fabricaci\u00f3n de cuchillos.<\/li>\n<\/ul>\n\n\n\n<hr class=\"wp-block-separator has-alpha-channel-opacity\"\/>\n\n\n\n<h3 class=\"wp-block-heading\"><strong>\u00bfQu\u00e9 hace que Henkotsu kamisori sea tan especial?<\/strong><\/h3>\n\n\n\n<ol class=\"wp-block-list\">\n<li><strong>Aut\u00e9ntico y vintage<\/strong> \u2013 son herramientas de afeitar hist\u00f3ricas, a menudo caracterizadas por <em>wabi sabi<\/em> est\u00e9tica (simplicidad, antig\u00fcedad, forma no ideal).<\/li>\n\n\n\n<li><strong>Acero de alta calidad<\/strong> \u2013 Los antiguos kamisori se forjaron a partir de acero japon\u00e9s tradicional. <em>tamahagane<\/em> o acero al carbono duro.<\/li>\n\n\n\n<li><strong>Forma \u00fanica<\/strong> \u2013 un dise\u00f1o de camisori cl\u00e1sico y minimalista, a menudo sin asas, con un sutil relieve kanji.<\/li>\n\n\n\n<li><strong>Buena reputaci\u00f3n entre los coleccionistas.<\/strong> \u2013 El nombre Henkotsu se compara a menudo con otros fabricantes famosos de relojes vintage como Iwasaki o Tanifuji.<\/li>\n\n\n\n<li><strong>Perfectamente afilado<\/strong> \u2013 Los cuchillos Henkotsu mantenidos adecuadamente mantienen un corte muy afilado y suave.<\/li>\n<\/ol>","protected":false},"excerpt":{"rendered":"<ol>\n<li>Henkotsu<\/li>\n<li>Henkotsu<\/li>\n<li>Hurrek<\/li>\n<li>Kobayashi Kinsei<\/li>\n<li>Ippon Renda<\/li>\n<li>Ippon Renda<\/li>\n<li>Ippon Renda<\/li>\n<li>Ippon Renda<\/li>\n<li>Ippon Renda<\/li>\n<\/ol>\n<p><!-- wp:paragraph --><\/p>\n<p><strong>\u00dasalo y no te lo pienses dos veces.<\/strong> Ligeramente afectado por la corrosi\u00f3n.<\/p>\n<p><!-- \/wp:paragraph --><\/p>\n<p><!-- wp:paragraph --><\/p>\n<p>Si no ve el n\u00famero 1 en la lista, significa que el art\u00edculo se ha vendido.<\/p>\n<p><!-- \/wp:paragraph --><\/p>","protected":false},"featured_media":4315,"comment_status":"open","ping_status":"closed","template":"","meta":[],"product_brand":[],"product_cat":[23],"product_tag":[314,328,330,25,329],"class_list":{"0":"post-4313","1":"product","2":"type-product","3":"status-publish","4":"has-post-thumbnail","6":"product_cat-razors","7":"product_tag-henkotsu","8":"product_tag-hureka","9":"product_tag-ippon-renda","10":"product_tag-kamisori","11":"product_tag-kobayashi-kinsei","12":"product_shipping_class-light","14":"first","15":"instock","16":"shipping-taxable","17":"purchasable","18":"product-type-variable"},"_links":{"self":[{"href":"https:\/\/jnats.eu\/es\/wp-json\/wp\/v2\/product\/4313","targetHints":{"allow":["GET"]}}],"collection":[{"href":"https:\/\/jnats.eu\/es\/wp-json\/wp\/v2\/product"}],"about":[{"href":"https:\/\/jnats.eu\/es\/wp-json\/wp\/v2\/types\/product"}],"replies":[{"embeddable":true,"href":"https:\/\/jnats.eu\/es\/wp-json\/wp\/v2\/comments?post=4313"}],"wp:featuredmedia":[{"embeddable":true,"href":"https:\/\/jnats.eu\/es\/wp-json\/wp\/v2\/media\/4315"}],"wp:attachment":[{"href":"https:\/\/jnats.eu\/es\/wp-json\/wp\/v2\/media?parent=4313"}],"wp:term":[{"taxonomy":"product_brand","embeddable":true,"href":"https:\/\/jnats.eu\/es\/wp-json\/wp\/v2\/product_brand?post=4313"},{"taxonomy":"product_cat","embeddable":true,"href":"https:\/\/jnats.eu\/es\/wp-json\/wp\/v2\/product_cat?post=4313"},{"taxonomy":"product_tag","embeddable":true,"href":"https:\/\/jnats.eu\/es\/wp-json\/wp\/v2\/product_tag?post=4313"}],"curies":[{"name":"wp","href":"https:\/\/api.w.org\/{rel}","templated":true}]}}