{"id":4397,"date":"2025-04-16T11:42:40","date_gmt":"2025-04-16T08:42:40","guid":{"rendered":"https:\/\/jnats.eu\/?post_type=product&#038;p=4397"},"modified":"2026-01-06T09:14:18","modified_gmt":"2026-01-06T07:14:18","slug":"naudoti-kamisori-toroku-shohyo-yoshioka-chobomasa-henkotsu","status":"publish","type":"product","link":"https:\/\/jnats.eu\/es\/producto-2\/naudoti-kamisori-toroku-shohyo-yoshioka-chobomasa-henkotsu\/","title":{"rendered":"Kamisori T\u014droku Sh\u014dhy\u014d, Yoshioka, Chobomasa, Henkotsu utilizado."},"content":{"rendered":"<figure class=\"wp-block-embed is-type-video is-provider-youtube wp-block-embed-youtube wp-embed-aspect-16-9 wp-has-aspect-ratio\"><div class=\"wp-block-embed__wrapper\">\n<div class=\"video-container\"><iframe title=\"Kamisori T\u014droku Sh\u014dhy\u014d, Yoshioka, Chobomasa, Henkotsu\" width=\"1170\" height=\"658\" src=\"https:\/\/www.youtube.com\/embed\/x53NFDvgPT0?feature=oembed\" frameborder=\"0\" allow=\"accelerometer; autoplay; clipboard-write; encrypted-media; gyroscope; picture-in-picture; web-share\" referrerpolicy=\"strict-origin-when-cross-origin\" allowfullscreen><\/iframe><\/div>\n<\/div><\/figure>\n\n\n\n<p>Las cuchillas de afeitar tradicionales japonesas, conocidas como <strong>kamisori<\/strong> (\u5243\u5200). Son conocidas por su forma asim\u00e9trica: un lado de la hoja es plano y el otro es m\u00e1s convexo, lo que permite un afeitado muy preciso y limpio.<\/p>\n\n\n\n<h3 class=\"wp-block-heading\">Estos kamisori:<\/h3>\n\n\n\n<ol class=\"wp-block-list\">\n<li><strong>Hecho a mano<\/strong>: La mayor\u00eda de los kamisori est\u00e1n hechos a mano, lo que tambi\u00e9n es cierto para \u00e9ste. <\/li>\n\n\n\n<li><strong>Herramientas tradicionales<\/strong>El kamisori se utiliz\u00f3 habitualmente en Jap\u00f3n hasta mediados del siglo XX. Hoy en d\u00eda, son apreciados tanto por los coleccionistas como por los aficionados al afeitado tradicional.<\/li>\n<\/ol>","protected":false},"excerpt":{"rendered":"<ol>\n<li>\u767b\u9332\u5546\u6a19 (t\u014droku sh\u014dhy\u014d) - marca registrada. \u6771 - Este, probablemente abreviatura de \"Azuma\" (\u6771 - Azuma).<\/li>\n<li>\u767b\u9332\u5546\u6a19 (t\u014droku sh\u014dhy\u014d)<\/li>\n<li>\u767b\u9332\u5546\u6a19 (t\u014droku sh\u014dhy\u014d)<\/li>\n<li>\u767b\u9332 \u6771 - registrado en Azuma. \u5409\u5ca1\u88fd - fabricado por Yoshioka (maestro o taller).<\/li>\n<li>Chobomas<\/li>\n<li>Chobomas<\/li>\n<li>Chobomas<\/li>\n<li>Henkotsu<\/li>\n<li>Kamisori<\/li>\n<li>Kamisori<\/li>\n<\/ol>\n<p><strong>\u00dasalo y no te lo pienses dos veces.<\/strong>\u00a0Ligeramente afectado por la corrosi\u00f3n. Si no ve un n\u00ba en la lista, significa que el art\u00edculo se ha vendido. \u00a0<\/p>","protected":false},"featured_media":4402,"comment_status":"open","ping_status":"closed","template":"","meta":[],"product_brand":[],"product_cat":[23],"product_tag":[25],"class_list":{"0":"post-4397","1":"product","2":"type-product","3":"status-publish","4":"has-post-thumbnail","6":"product_cat-razors","7":"product_tag-kamisori","8":"product_shipping_class-light","10":"first","11":"instock","12":"shipping-taxable","13":"purchasable","14":"product-type-variable"},"_links":{"self":[{"href":"https:\/\/jnats.eu\/es\/wp-json\/wp\/v2\/product\/4397","targetHints":{"allow":["GET"]}}],"collection":[{"href":"https:\/\/jnats.eu\/es\/wp-json\/wp\/v2\/product"}],"about":[{"href":"https:\/\/jnats.eu\/es\/wp-json\/wp\/v2\/types\/product"}],"replies":[{"embeddable":true,"href":"https:\/\/jnats.eu\/es\/wp-json\/wp\/v2\/comments?post=4397"}],"wp:featuredmedia":[{"embeddable":true,"href":"https:\/\/jnats.eu\/es\/wp-json\/wp\/v2\/media\/4402"}],"wp:attachment":[{"href":"https:\/\/jnats.eu\/es\/wp-json\/wp\/v2\/media?parent=4397"}],"wp:term":[{"taxonomy":"product_brand","embeddable":true,"href":"https:\/\/jnats.eu\/es\/wp-json\/wp\/v2\/product_brand?post=4397"},{"taxonomy":"product_cat","embeddable":true,"href":"https:\/\/jnats.eu\/es\/wp-json\/wp\/v2\/product_cat?post=4397"},{"taxonomy":"product_tag","embeddable":true,"href":"https:\/\/jnats.eu\/es\/wp-json\/wp\/v2\/product_tag?post=4397"}],"curies":[{"name":"wp","href":"https:\/\/api.w.org\/{rel}","templated":true}]}}