{"id":4416,"date":"2025-04-17T09:44:20","date_gmt":"2025-04-17T06:44:20","guid":{"rendered":"https:\/\/jnats.eu\/?post_type=product&#038;p=4416"},"modified":"2025-12-16T13:35:50","modified_gmt":"2025-12-16T11:35:50","slug":"nakayama-tomae","status":"publish","type":"product","link":"https:\/\/jnats.eu\/es\/producto-2\/nakayama-tomae\/","title":{"rendered":"Nakayama Tomae"},"content":{"rendered":"<figure class=\"wp-block-embed is-type-video is-provider-youtube wp-block-embed-youtube wp-embed-aspect-16-9 wp-has-aspect-ratio\"><div class=\"wp-block-embed__wrapper\">\n<div class=\"video-container\"><iframe title=\"Nakayama Tomae, Gosa, Maruka, Ohira contra C.V. Heljestrand n\u00ba 133\" width=\"1170\" height=\"658\" src=\"https:\/\/www.youtube.com\/embed\/BxxCe3bcOhE?start=485&#038;feature=oembed\" frameborder=\"0\" allow=\"accelerometer; autoplay; clipboard-write; encrypted-media; gyroscope; picture-in-picture; web-share\" referrerpolicy=\"strict-origin-when-cross-origin\" allowfullscreen><\/iframe><\/div>\n<\/div><\/figure>\n\n\n\n<p>Nakayama Tomae es una piedra de afilar natural japonesa de alta calidad procedente de la mina de Nakayama, en la parte oriental de Jap\u00f3n, cerca de Kioto. Estas piedras son muy apreciadas por los afiladores de cuchillos, navajas y otras herramientas afiladas por sus propiedades \u00fanicas y su excelente rendimiento. Aqu\u00ed tiene informaci\u00f3n b\u00e1sica sobre Nakayama Tomae:<\/p>\n\n\n\n<h3 class=\"wp-block-heading\">Caracter\u00edsticas:<\/h3>\n\n\n\n<ol class=\"wp-block-list\">\n<li><strong>Origen y composici\u00f3n<\/strong>:\n<ul class=\"wp-block-list\">\n<li>Las piedras Nakayama Tomae se extraen de la mina Nakayama, famosa por sus piedras awasedo (terminaci\u00f3n de afilado).<\/li>\n<\/ul>\n<\/li>\n\n\n\n<li>Las piedras son muy duras y de grano fino, por lo que son ideales para el pulido final y el afilado.<\/li>\n\n\n\n<li><strong>Uso<\/strong>:\n<ul class=\"wp-block-list\">\n<li>Las piedras Nakayama Tomae se utilizan principalmente como piedras de acabado en el proceso de afilado, proporcionando un filo muy afilado y pulido a la hoja.<\/li>\n\n\n\n<li>Son especialmente populares para afilar cuchillos japoneses (por ejemplo, Yanagiba, Deba), navajas rectas y herramientas para trabajar la madera.<\/li>\n\n\n\n<li>Gracias a su dureza y fina textura, consiguen una superficie de la hoja similar a un espejo que no s\u00f3lo es afilada, sino tambi\u00e9n est\u00e9ticamente agradable.<\/li>\n<\/ul>\n<\/li>\n\n\n\n<li><strong>Sensaci\u00f3n de afilado<\/strong>:\n<ul class=\"wp-block-list\">\n<li>Las piedras Nakayama son conocidas por su agradable sensaci\u00f3n de afilado: proporcionan un contacto suave y \"sedoso\" con la hoja en comparaci\u00f3n con otras piedras naturales.<\/li>\n\n\n\n<li>Su superficie permite un control preciso del proceso de afilado, lo que es especialmente importante para los profesionales.<\/li>\n<\/ul>\n<\/li>\n\n\n\n<li><strong>Rupum<\/strong>:\n<ul class=\"wp-block-list\">\n<li>Las piedras Nakayama Tomae no tienen una clasificaci\u00f3n est\u00e1ndar de \"grano\" (tosquedad) como las piedras sint\u00e9ticas, pero generalmente se consideran muy finas, alrededor de 8000-12000+ granos.<\/li>\n\n\n\n<li>Suelen utilizarse despu\u00e9s de piedras m\u00e1s grandes (por ejemplo, de grano 1000-6000) para completar el proceso de afilado.<\/li>\n<\/ul>\n<\/li>\n<\/ol>\n\n\n\n<h3 class=\"wp-block-heading\">Mantenimiento y uso:<\/h3>\n\n\n\n<ul class=\"wp-block-list\">\n<li><strong>Preparaci\u00f3n<\/strong>La superficie de la piedra debe humedecerse con agua antes de utilizarla. La piedra debe estar h\u00fameda al afilar para permitir que el agua act\u00fae como lubricante.<\/li>\n\n\n\n<li><strong>Tecnolog\u00eda<\/strong>El cuchillo se mantiene en un \u00e1ngulo de 15-30\u00b0 mientras se afila, con movimientos diagonales de vaiv\u00e9n sobre la superficie de la piedra. Tras su uso, la piedra se limpia con un cepillo suave y se seca en un lugar ventilado.<\/li>\n\n\n\n<li><strong>Advertencias<\/strong>No es adecuada para afilar cuchillos de sierra o tijeras. La piedra es fr\u00e1gil y debe protegerse de golpes o ca\u00eddas.<\/li>\n<\/ul>\n\n\n\n<h3 class=\"wp-block-heading\">Aspectos del mercado:<\/h3>\n\n\n\n<ul class=\"wp-block-list\">\n<li><strong>Rareza<\/strong>La mina de Nakayama est\u00e1 cerrada, por lo que el suministro de estas piedras es limitado, lo que las hace caras y deseables para coleccionistas y profesionales.<\/li>\n\n\n\n<li><strong>Precio<\/strong>Piedras Nakayama Tomae : El precio de las piedras Nakayama Tomae puede oscilar entre unos cientos y miles de euros, dependiendo del tama\u00f1o, la calidad y el color (por ejemplo, las Kiita amarillas son muy caras).<\/li>\n<\/ul>\n\n\n\n<h3 class=\"wp-block-heading\">\u00bfPor qu\u00e9 es especial Nakayama Tomae?<\/h3>\n\n\n\n<ul class=\"wp-block-list\">\n<li>Las piedras Nakayama, especialmente las Tomae, est\u00e1n consideradas entre las mejores piedras de afilar naturales del mundo por su dureza, textura fina y propiedades minerales \u00fanicas.<\/li>\n\n\n\n<li>Su capacidad para crear un filo muy afilado y pulido las hace indispensables para el afilado tradicional japon\u00e9s, en el que son importantes tanto la est\u00e9tica como la funcionalidad.<\/li>\n<\/ul>","protected":false},"excerpt":{"rendered":"<ul>\n<li>Adecuado para cuchillos de acabado, tijeras, carpinter\u00eda y otras herramientas.<\/li>\n<li>Dimensiones: 210x80x33 mm<\/li>\n<li>Peso con soporte: 1680 g<\/li>\n<li>Dureza: Lv 4.8<\/li>\n<li>La superficie queda lisa y lista para trabajar.<\/li>\n<\/ul>","protected":false},"featured_media":4760,"comment_status":"open","ping_status":"closed","template":"","meta":[],"product_brand":[],"product_cat":[22],"product_tag":[49,67],"class_list":{"0":"post-4416","1":"product","2":"type-product","3":"status-publish","4":"has-post-thumbnail","6":"product_cat-jnats","7":"product_tag-nakayama","8":"product_tag-tomae","9":"product_shipping_class-iprastas","11":"first","12":"outofstock","13":"shipping-taxable","14":"purchasable","15":"product-type-simple"},"_links":{"self":[{"href":"https:\/\/jnats.eu\/es\/wp-json\/wp\/v2\/product\/4416","targetHints":{"allow":["GET"]}}],"collection":[{"href":"https:\/\/jnats.eu\/es\/wp-json\/wp\/v2\/product"}],"about":[{"href":"https:\/\/jnats.eu\/es\/wp-json\/wp\/v2\/types\/product"}],"replies":[{"embeddable":true,"href":"https:\/\/jnats.eu\/es\/wp-json\/wp\/v2\/comments?post=4416"}],"wp:featuredmedia":[{"embeddable":true,"href":"https:\/\/jnats.eu\/es\/wp-json\/wp\/v2\/media\/4760"}],"wp:attachment":[{"href":"https:\/\/jnats.eu\/es\/wp-json\/wp\/v2\/media?parent=4416"}],"wp:term":[{"taxonomy":"product_brand","embeddable":true,"href":"https:\/\/jnats.eu\/es\/wp-json\/wp\/v2\/product_brand?post=4416"},{"taxonomy":"product_cat","embeddable":true,"href":"https:\/\/jnats.eu\/es\/wp-json\/wp\/v2\/product_cat?post=4416"},{"taxonomy":"product_tag","embeddable":true,"href":"https:\/\/jnats.eu\/es\/wp-json\/wp\/v2\/product_tag?post=4416"}],"curies":[{"name":"wp","href":"https:\/\/api.w.org\/{rel}","templated":true}]}}