{"id":4422,"date":"2025-04-17T09:52:42","date_gmt":"2025-04-17T06:52:42","guid":{"rendered":"https:\/\/jnats.eu\/?post_type=product&#038;p=4422"},"modified":"2025-06-16T07:11:07","modified_gmt":"2025-06-16T04:11:07","slug":"nakayama-gosa","status":"publish","type":"product","link":"https:\/\/jnats.eu\/es\/producto-2\/nakayama-gosa\/","title":{"rendered":"Nakayama Gosa"},"content":{"rendered":"<figure class=\"wp-block-embed is-type-video is-provider-youtube wp-block-embed-youtube wp-embed-aspect-16-9 wp-has-aspect-ratio\"><div class=\"wp-block-embed__wrapper\">\n<div class=\"video-container\"><iframe title=\"Nakayama Tomae, Gosa, Maruka, Ohira contra C.V. Heljestrand n\u00ba 133\" width=\"1170\" height=\"658\" src=\"https:\/\/www.youtube.com\/embed\/BxxCe3bcOhE?start=826&#038;feature=oembed\" frameborder=\"0\" allow=\"accelerometer; autoplay; clipboard-write; encrypted-media; gyroscope; picture-in-picture; web-share\" referrerpolicy=\"strict-origin-when-cross-origin\" allowfullscreen><\/iframe><\/div>\n<\/div><\/figure>\n\n\n\n<p>Nakayama Gosa es una piedra de afilar natural japonesa extra\u00edda de la famosa mina de Nakayama, cerca de Kioto, Jap\u00f3n. Estas piedras pertenecen a la categor\u00eda \"awasedo\", es decir, piedras de acabado, y son muy apreciadas por los aficionados al afilado de cuchillos, navajas y herramientas por sus excepcionales propiedades. Sin embargo, la Gosa es un tipo espec\u00edfico de piedra Nakayama que difiere de otras, como la Tomae, en su composici\u00f3n mineral y sus caracter\u00edsticas de afilado.<\/p>\n\n\n\n<h3 class=\"wp-block-heading\">Informaci\u00f3n b\u00e1sica sobre Nakayama Gosa:<\/h3>\n\n\n\n<ol class=\"wp-block-list\">\n<li><strong>Origen y composici\u00f3n<\/strong>:\n<ul class=\"wp-block-list\">\n<li>Las piedras Nakayama Gosa se extraen de la mina de Nakayama, actualmente cerrada, por lo que estas piedras son raras y preciosas.<\/li>\n\n\n\n<li>\"Las piedras de gosa suelen tener un tinte rojizo, gris\u00e1ceo o amarillento, a veces con dibujos \u00fanicos llamados \"Iromono\". Su color y textura dependen de la composici\u00f3n de minerales como el cuarzo y la arcilla.<\/li>\n\n\n\n<li>Las gossas son muy similares a las de Nakayama Tomae o tambi\u00e9n de grano muy fino, ideales para el pulido final.<\/li>\n<\/ul>\n<\/li>\n\n\n\n<li><strong>Uso<\/strong>:\n<ul class=\"wp-block-list\">\n<li>Las piedras Nakayama Gosa se utilizan como piedras de acabado, proporcionando a la hoja un filo muy afilado y similar al de un espejo. Suelen elegirse para afilar cuchillos japoneses (p. ej. Santoku, Gyuto), navajas rectas o herramientas para trabajar la madera.<\/li>\n\n\n\n<li>Son especialmente adecuadas para quienes desean una sensaci\u00f3n de afilado equilibrada: no demasiado duras, pero lo suficientemente eficaces para dar forma al filo.<\/li>\n<\/ul>\n<\/li>\n\n\n\n<li><strong>Sensaci\u00f3n de afilado<\/strong>:\n<ul class=\"wp-block-list\">\n<li>Las piedras Nakayama Gosa son conocidas por su sensaci\u00f3n de afilado \"cremoso\" o \"suave\", m\u00e1s agradable que muchas piedras duras.<\/li>\n\n\n\n<li>Permiten un control preciso del proceso de afilado y su superficie se adapta r\u00e1pidamente a la hoja, garantizando un contacto suave.<\/li>\n<\/ul>\n<\/li>\n\n\n\n<li><strong>Rupum<\/strong>:\n<ul class=\"wp-block-list\">\n<li>Aunque las piedras naturales no tienen la misma clasificaci\u00f3n precisa de \"grano\" que las piedras sint\u00e9ticas, generalmente se considera que la Nakayama Gosa est\u00e1 en la gama de grano 8000-10.000+, dependiendo de la finura de la piedra.<\/li>\n\n\n\n<li>Suelen utilizarse despu\u00e9s de las piedras de grano medio (por ejemplo, de grano 4000-6000) para completar el proceso de afilado y conseguir un filo muy afilado.<\/li>\n<\/ul>\n<\/li>\n<\/ol>\n\n\n\n<h3 class=\"wp-block-heading\">\u00bfPor qu\u00e9 es especial Nakayama Gosa?<\/h3>\n\n\n\n<p>Las piedras Nakayama Gosa son apreciadas por su equilibrio entre suavidad y finura, lo que permite obtener un resultado de afilado profesional con un proceso agradable. Su rareza y sus propiedades minerales \u00fanicas las hacen codiciadas por los amantes de la tradici\u00f3n japonesa del afilado.<\/p>","protected":false},"excerpt":{"rendered":"<div class=\"woocommerce-product-details__short-description\">\n<ul>\n<li>Ideal para el acabado de navajas, cuchillos, tijeras, carpinter\u00eda y otras herramientas.<\/li>\n<li>Dimensiones: 208x76x27 mm<\/li>\n<li>Peso: 1120 g<\/li>\n<li>Dureza: Lv 5<\/li>\n<li>La superficie queda lisa y lista para trabajar.<\/li>\n<\/ul>\n<\/div>","protected":false},"featured_media":4762,"comment_status":"open","ping_status":"closed","template":"","meta":[],"product_brand":[],"product_cat":[22],"product_tag":[335,49],"class_list":{"0":"post-4422","1":"product","2":"type-product","3":"status-publish","4":"has-post-thumbnail","6":"product_cat-jnats","7":"product_tag-gosa","8":"product_tag-nakayama","9":"product_shipping_class-iprastas","11":"first","12":"instock","13":"shipping-taxable","14":"purchasable","15":"product-type-simple"},"_links":{"self":[{"href":"https:\/\/jnats.eu\/es\/wp-json\/wp\/v2\/product\/4422","targetHints":{"allow":["GET"]}}],"collection":[{"href":"https:\/\/jnats.eu\/es\/wp-json\/wp\/v2\/product"}],"about":[{"href":"https:\/\/jnats.eu\/es\/wp-json\/wp\/v2\/types\/product"}],"replies":[{"embeddable":true,"href":"https:\/\/jnats.eu\/es\/wp-json\/wp\/v2\/comments?post=4422"}],"wp:featuredmedia":[{"embeddable":true,"href":"https:\/\/jnats.eu\/es\/wp-json\/wp\/v2\/media\/4762"}],"wp:attachment":[{"href":"https:\/\/jnats.eu\/es\/wp-json\/wp\/v2\/media?parent=4422"}],"wp:term":[{"taxonomy":"product_brand","embeddable":true,"href":"https:\/\/jnats.eu\/es\/wp-json\/wp\/v2\/product_brand?post=4422"},{"taxonomy":"product_cat","embeddable":true,"href":"https:\/\/jnats.eu\/es\/wp-json\/wp\/v2\/product_cat?post=4422"},{"taxonomy":"product_tag","embeddable":true,"href":"https:\/\/jnats.eu\/es\/wp-json\/wp\/v2\/product_tag?post=4422"}],"curies":[{"name":"wp","href":"https:\/\/api.w.org\/{rel}","templated":true}]}}