{"id":4428,"date":"2025-04-25T10:10:17","date_gmt":"2025-04-25T07:10:17","guid":{"rendered":"https:\/\/jnats.eu\/?post_type=product&#038;p=4428"},"modified":"2025-06-06T23:21:16","modified_gmt":"2025-06-06T20:21:16","slug":"nakayama-maruka","status":"publish","type":"product","link":"https:\/\/jnats.eu\/es\/producto-2\/nakayama-maruka\/","title":{"rendered":"Nakayama Maruka Lv 5"},"content":{"rendered":"<figure class=\"wp-block-embed is-type-video is-provider-youtube wp-block-embed-youtube wp-embed-aspect-16-9 wp-has-aspect-ratio\"><div class=\"wp-block-embed__wrapper\">\n<div class=\"video-container\"><iframe title=\"Revisi\u00f3n de las piedras de afilar naturales japonesas: Nakayama Maruka, Nishiyama Suita, Shobudani Kiita\" width=\"1170\" height=\"658\" src=\"https:\/\/www.youtube.com\/embed\/OiljG67gTz8?start=645&#038;feature=oembed\" frameborder=\"0\" allow=\"accelerometer; autoplay; clipboard-write; encrypted-media; gyroscope; picture-in-picture; web-share\" referrerpolicy=\"strict-origin-when-cross-origin\" allowfullscreen><\/iframe><\/div>\n<\/div><\/figure>\n\n\n\n<p>Las Nakayama Maruka son piedras de afilar japonesas naturales procedentes de la mina de Nakayama, cerca de Kioto (Jap\u00f3n), bajo la marca Maruka. Estas piedras pertenecen a la categor\u00eda \"awasedo\" (piedras de acabado) y son muy apreciadas por su calidad y propiedades de afilado. <\/p>\n\n\n\n<h3 class=\"wp-block-heading\">Caracter\u00edsticas principales:<\/h3>\n\n\n\n<ol class=\"wp-block-list\">\n<li><strong>El origen y el signo Maruka<\/strong>:\n<ul class=\"wp-block-list\">\n<li>Las piedras Nakayama Maruka est\u00e1n asociadas a Kato Mutsuyama, que fue el propietario de la marca Maruka con la letra \"ka\" y el sello Seihonzan (\u32d5\u6b63\u672c\u5c71). Este sello se ha convertido en un s\u00edmbolo de la calidad de las piedras de Nakayama.<\/li>\n\n\n\n<li>No todas las piedras de Nakayama llevan la marca \"Maruka\". Por ejemplo, las piedras de tama\u00f1o irregular, grandes o en bruto no sol\u00edan llevar el sello. M\u00e1s tarde, durante el procesamiento, algunas piedras fueron estampadas con la marca Maruka, aunque no la tuvieran originalmente.<\/li>\n\n\n\n<li>Las piedras vendidas antes del periodo de la marca Maruka (antes de 1952) tampoco llevan este sello. No obstante, si la piedra procede de la mina de Kato Mutsuyama, se considera una aut\u00e9ntica piedra Nakayama, con o sin la marca \"Maruka\".<a href=\"https:\/\/jnats.eu\/it\/prodotto-2\/nakayama-maruka-8-sluoksniu-japoniskas-naturalus-akmuo-galandimui\/\" target=\"_blank\" rel=\"noreferrer noopener\"><\/a><a href=\"https:\/\/jnats.eu\/en\/product-2\/nakayama-maruka-8-layer-japanese-natural-stone-for-sharpening\/\" target=\"_blank\" rel=\"noreferrer noopener\"><\/a><\/li>\n<\/ul>\n<\/li>\n\n\n\n<li><strong>Composici\u00f3n mineral y aspecto<\/strong>:\n<ul class=\"wp-block-list\">\n<li>Las piedras Nakayama Maruka suelen tener una estructura de varias capas (por ejemplo, 8 capas, como en Nakayama Maruka 8 Ply), lo que les confiere unas propiedades de afilado \u00fanicas.<\/li>\n\n\n\n<li>Los colores pueden ser amarillo, rosa, gris o incluso \"Iromono\" (dibujos de colores). Las variedades m\u00e1s populares son \"Hondomae\", \"Shikitomae\" o \"Kiita\" (piedras amarillentas).<\/li>\n\n\n\n<li>Las piedras son de grano fino, muy duras, pero tienen una agradable sensaci\u00f3n de afilado, descrita como \"sedosa\" o \"cremosa\".<\/li>\n<\/ul>\n<\/li>\n\n\n\n<li><strong>Uso<\/strong>:\n<ul class=\"wp-block-list\">\n<li>Las piedras Nakayama Maruka se utilizan para el afilado final de cuchillos, navajas rectas y herramientas para trabajar la madera con el fin de conseguir un filo de espejo.<\/li>\n\n\n\n<li>Su finura equivale a la de las piedras sint\u00e9ticas de grano 8000-12000+, por lo que son ideales para pulir despu\u00e9s de piedras m\u00e1s grandes (por ejemplo, de grano 4000-6000).<\/li>\n\n\n\n<li>Debido a su estructura, producen una ligera lechada abrasiva que ayuda a afilar con eficacia.<\/li>\n<\/ul>\n<\/li>\n\n\n\n<li><strong>Sensaci\u00f3n de afilado<\/strong>:\n<ul class=\"wp-block-list\">\n<li>Las piedras Nakayama Maruka son conocidas por su sensaci\u00f3n de afilado extremadamente agradable, m\u00e1s suave y r\u00e1pido que muchas otras piedras naturales.<\/li>\n\n\n\n<li>Su superficie permite un control preciso del proceso de afilado, lo que es especialmente importante para los profesionales.<\/li>\n<\/ul>\n<\/li>\n<\/ol>\n\n\n\n<h3 class=\"wp-block-heading\">Aspectos del mercado:<\/h3>\n\n\n\n<ul class=\"wp-block-list\">\n<li><strong>Rareza<\/strong>La mina de Nakayama est\u00e1 cerrada, por lo que las piedras Maruka son muy escasas. Su oferta en el mercado es cada vez menor, lo que hace subir los precios.<\/li>\n\n\n\n<li><strong>Autenticidad<\/strong>R: Debido a la rareza y popularidad de la marca Maruka, existen falsificaciones en el mercado. \"El sello Seihonzan no garantiza la calidad, por lo que es necesario juzgar la piedra por su aspecto, textura y reputaci\u00f3n como proveedor fiable. Se recomienda comprar en tiendas especializadas.<a href=\"https:\/\/jnats.eu\/it\/prodotto-2\/nakayama-maruka-8-sluoksniu-japoniskas-naturalus-akmuo-galandimui\/\" target=\"_blank\" rel=\"noreferrer noopener\"><\/a><a href=\"https:\/\/jnats.eu\/en\/product-2\/nakayama-maruka-8-layer-japanese-natural-stone-for-sharpening\/\" target=\"_blank\" rel=\"noreferrer noopener\"><\/a><\/li>\n\n\n\n<li><strong>Historia<\/strong>El comercio de la piedra de Nakayama: Tras la Segunda Guerra Mundial, el comercio de la piedra de Nakayama estaba controlado por varios comerciantes de Kioto, entre ellos Hatanaka Whetstone. En 1952, Hatanaka registr\u00f3 la marca \"Junshin Honzan\" y despu\u00e9s de 1980 adquiri\u00f3 los derechos de la mina de Nakayama y la marca \"Maruka\". No obstante, las piedras tambi\u00e9n se distribu\u00edan a trav\u00e9s de otros canales, por lo que no todas llevan el sello Maruka.<a href=\"https:\/\/jnats.eu\/it\/prodotto-2\/nakayama-maruka-8-sluoksniu-japoniskas-naturalus-akmuo-galandimui\/\" target=\"_blank\" rel=\"noreferrer noopener\"><\/a><a href=\"https:\/\/jnats.eu\/ru\/%25D0%25BF%25D1%2580%25D0%25BE%25D0%25B4%25D1%2583%25D0%25BA%25D1%2582\/nakayama-maruka-8-sluoksniu-japoniskas-naturalus-akmuo-galandimui\/\" target=\"_blank\" rel=\"noreferrer noopener\"><\/a><\/li>\n<\/ul>\n\n\n\n<h3 class=\"wp-block-heading\">\u00bfPor qu\u00e9 es especial Nakayama Maruka?<\/h3>\n\n\n\n<ul class=\"wp-block-list\">\n<li><strong>Calidad<\/strong>R: Las piedras Nakayama Maruka est\u00e1n consideradas entre las mejores piedras de afilar naturales del mundo por su finura, dureza y respuesta de afilado \u00fanica.<\/li>\n\n\n\n<li><strong>Diversidad<\/strong>Cada piedra es \u00fanica, con patrones y caracter\u00edsticas diferentes que la hacen deseable tanto para coleccionistas como para profesionales.<\/li>\n\n\n\n<li><strong>Tradici\u00f3n<\/strong>La marca Maruka es un s\u00edmbolo de la cultura japonesa del afilado, asociada a las piedras de mayor calidad.<\/li>\n<\/ul>","protected":false},"excerpt":{"rendered":"<div class=\"woocommerce-product-details__short-description\">\n<ul>\n<li>Adecuado para el acabado de navajas, cuchillos, tijeras, carpinter\u00eda y otras herramientas.<\/li>\n<li>Dimensiones: 198x68x22 mm<\/li>\n<li>Peso: 660 gramos<\/li>\n<li>Dureza: Lv 5<\/li>\n<li>Una piedra r\u00e1pida para el acabado de navajas. Marca Maruka conservada pero borrosa. Se trata realmente de una piedra de primera clase. Puede verlo usted mismo en el siguiente v\u00eddeo.<\/li>\n<\/ul>\n<\/div>","protected":false},"featured_media":4483,"comment_status":"open","ping_status":"closed","template":"","meta":[],"product_brand":[],"product_cat":[22],"product_tag":[58,49],"class_list":{"0":"post-4428","1":"product","2":"type-product","3":"status-publish","4":"has-post-thumbnail","6":"product_cat-jnats","7":"product_tag-maruka","8":"product_tag-nakayama","9":"product_shipping_class-iprastas","11":"first","12":"outofstock","13":"shipping-taxable","14":"purchasable","15":"product-type-simple"},"_links":{"self":[{"href":"https:\/\/jnats.eu\/es\/wp-json\/wp\/v2\/product\/4428","targetHints":{"allow":["GET"]}}],"collection":[{"href":"https:\/\/jnats.eu\/es\/wp-json\/wp\/v2\/product"}],"about":[{"href":"https:\/\/jnats.eu\/es\/wp-json\/wp\/v2\/types\/product"}],"replies":[{"embeddable":true,"href":"https:\/\/jnats.eu\/es\/wp-json\/wp\/v2\/comments?post=4428"}],"wp:featuredmedia":[{"embeddable":true,"href":"https:\/\/jnats.eu\/es\/wp-json\/wp\/v2\/media\/4483"}],"wp:attachment":[{"href":"https:\/\/jnats.eu\/es\/wp-json\/wp\/v2\/media?parent=4428"}],"wp:term":[{"taxonomy":"product_brand","embeddable":true,"href":"https:\/\/jnats.eu\/es\/wp-json\/wp\/v2\/product_brand?post=4428"},{"taxonomy":"product_cat","embeddable":true,"href":"https:\/\/jnats.eu\/es\/wp-json\/wp\/v2\/product_cat?post=4428"},{"taxonomy":"product_tag","embeddable":true,"href":"https:\/\/jnats.eu\/es\/wp-json\/wp\/v2\/product_tag?post=4428"}],"curies":[{"name":"wp","href":"https:\/\/api.w.org\/{rel}","templated":true}]}}