{"id":4436,"date":"2025-04-17T10:08:55","date_gmt":"2025-04-17T07:08:55","guid":{"rendered":"https:\/\/jnats.eu\/?post_type=product&#038;p=4436"},"modified":"2025-06-13T12:43:54","modified_gmt":"2025-06-13T09:43:54","slug":"ohira-tomae","status":"publish","type":"product","link":"https:\/\/jnats.eu\/es\/producto-2\/ohira-tomae\/","title":{"rendered":"Ohira Tomae"},"content":{"rendered":"<figure class=\"wp-block-embed is-type-video is-provider-youtube wp-block-embed-youtube wp-embed-aspect-16-9 wp-has-aspect-ratio\"><div class=\"wp-block-embed__wrapper\">\n<div class=\"video-container\"><iframe title=\"Nakayama Tomae, Gosa, Maruka, Ohira contra C.V. Heljestrand n\u00ba 133\" width=\"1170\" height=\"658\" src=\"https:\/\/www.youtube.com\/embed\/BxxCe3bcOhE?start=276&#038;feature=oembed\" frameborder=\"0\" allow=\"accelerometer; autoplay; clipboard-write; encrypted-media; gyroscope; picture-in-picture; web-share\" referrerpolicy=\"strict-origin-when-cross-origin\" allowfullscreen><\/iframe><\/div>\n<\/div><\/figure>\n\n\n\n<p>Ohira Tomae es uno de los tipos m\u00e1s famosos y apreciados de piedras de afilar japonesas naturales procedentes del monte Ohira (\u5927\u5e73\u5c71), en Kioto. <\/p>\n\n\n\n<h3 class=\"wp-block-heading\"><strong>Caracter\u00edsticas generales<\/strong><\/h3>\n\n\n\n<ul class=\"wp-block-list\">\n<li><strong>Tipo:<\/strong> Piedra de acabado natural.<\/li>\n\n\n\n<li><strong>Rugosidad:<\/strong> Alta: a menudo se considera que est\u00e1 muy cerca o incluso por encima de la granulometr\u00eda sint\u00e9tica 8000+, aunque las piedras naturales no tienen una granulometr\u00eda normalizada.<\/li>\n\n\n\n<li><strong>Uso:<\/strong> Se utiliza para el pulido final de hojas (cuchillos, cinceles, espadas, etc.). Especialmente apreciado por su capacidad para dar una superficie de espejo y resaltar el efecto \"kasumi\" (contraste mate\/espejo).<\/li>\n\n\n\n<li><strong>Sensaci\u00f3n:<\/strong> Sobre todo una sensaci\u00f3n suave y \"mantecosa\" al lijar.<\/li>\n<\/ul>\n\n\n\n<h3 class=\"wp-block-heading\"><strong>Clasificaci\u00f3n de Tomae<\/strong><\/h3>\n\n\n\n<ul class=\"wp-block-list\">\n<li>\"Tomae\" (\u6238\u524d) se refiere a una capa o tipo espec\u00edfico de piedra que se encuentra en algunas monta\u00f1as, incluida Ohira. Es una de las principales categor\u00edas de piedras de afilar naturales, junto con Asagi, Kiita, Shiro Suita, etc.<\/li>\n\n\n\n<li>Las piedras Tomae del monte Ohira suelen considerarse <strong>alta calidad<\/strong>, a menudo adecuado tanto para herramientas como para trabajos m\u00e1s peque\u00f1os.<\/li>\n<\/ul>\n\n\n\n<h3 class=\"wp-block-heading\"><strong>Personalizaci\u00f3n<\/strong><\/h3>\n\n\n\n<ul class=\"wp-block-list\">\n<li>Los artesanos que trabajan con herramientas o cuchillos tradicionales japoneses aprecian Ohira Tomae por su suavidad, afilado, control y calidad de superficie.<\/li>\n\n\n\n<li>Especialmente popular entre quienes buscan un acabado \"kasumi\", un contraste entre metal pulido y mate.<\/li>\n<\/ul>","protected":false},"excerpt":{"rendered":"<div class=\"woocommerce-product-details__short-description\">\n<ul>\n<li>Adecuado para el acabado de cuchillos, tijeras, carpinter\u00eda y otras herramientas. Preacabado para navajas.<\/li>\n<li>Dimensiones: 205x75x30 mm<\/li>\n<li>Peso: 1190 g<\/li>\n<li>Dureza: Lv 4<\/li>\n<li>La superficie queda lisa y lista para trabajar.<\/li>\n<\/ul>\n<\/div>","protected":false},"featured_media":4761,"comment_status":"open","ping_status":"closed","template":"","meta":[],"product_brand":[],"product_cat":[22],"product_tag":[47,67],"class_list":{"0":"post-4436","1":"product","2":"type-product","3":"status-publish","4":"has-post-thumbnail","6":"product_cat-jnats","7":"product_tag-ohira","8":"product_tag-tomae","9":"product_shipping_class-iprastas","11":"first","12":"instock","13":"shipping-taxable","14":"purchasable","15":"product-type-simple"},"_links":{"self":[{"href":"https:\/\/jnats.eu\/es\/wp-json\/wp\/v2\/product\/4436","targetHints":{"allow":["GET"]}}],"collection":[{"href":"https:\/\/jnats.eu\/es\/wp-json\/wp\/v2\/product"}],"about":[{"href":"https:\/\/jnats.eu\/es\/wp-json\/wp\/v2\/types\/product"}],"replies":[{"embeddable":true,"href":"https:\/\/jnats.eu\/es\/wp-json\/wp\/v2\/comments?post=4436"}],"wp:featuredmedia":[{"embeddable":true,"href":"https:\/\/jnats.eu\/es\/wp-json\/wp\/v2\/media\/4761"}],"wp:attachment":[{"href":"https:\/\/jnats.eu\/es\/wp-json\/wp\/v2\/media?parent=4436"}],"wp:term":[{"taxonomy":"product_brand","embeddable":true,"href":"https:\/\/jnats.eu\/es\/wp-json\/wp\/v2\/product_brand?post=4436"},{"taxonomy":"product_cat","embeddable":true,"href":"https:\/\/jnats.eu\/es\/wp-json\/wp\/v2\/product_cat?post=4436"},{"taxonomy":"product_tag","embeddable":true,"href":"https:\/\/jnats.eu\/es\/wp-json\/wp\/v2\/product_tag?post=4436"}],"curies":[{"name":"wp","href":"https:\/\/api.w.org\/{rel}","templated":true}]}}