{"id":4509,"date":"2025-04-30T14:47:15","date_gmt":"2025-04-30T11:47:15","guid":{"rendered":"https:\/\/jnats.eu\/?post_type=product&#038;p=4509"},"modified":"2026-02-12T09:28:34","modified_gmt":"2026-02-12T07:28:34","slug":"nakayama-kiita-lv-4","status":"publish","type":"product","link":"https:\/\/jnats.eu\/es\/producto-2\/nakayama-kiita-lv-4\/","title":{"rendered":"Nakayama Kiita Lv 4"},"content":{"rendered":"<figure class=\"wp-block-embed is-type-video is-provider-youtube wp-block-embed-youtube wp-embed-aspect-16-9 wp-has-aspect-ratio\"><div class=\"wp-block-embed__wrapper\">\n<div class=\"video-container\"><iframe title=\"Afilado de la navaja Puma: Aizu, Aiwatani, Nakayama Kiita, Nashiji, Karasu\" width=\"1170\" height=\"658\" src=\"https:\/\/www.youtube.com\/embed\/fu4WmCwVvQU?start=416&#038;feature=oembed\" frameborder=\"0\" allow=\"accelerometer; autoplay; clipboard-write; encrypted-media; gyroscope; picture-in-picture; web-share\" referrerpolicy=\"strict-origin-when-cross-origin\" allowfullscreen><\/iframe><\/div>\n<\/div><\/figure>\n\n\n\n<p>Nakayama Kiita Lv 4 es una piedra de afilar (toishi) natural japonesa de alta calidad para cuchillos, navajas y herramientas. <\/p>\n\n\n\n<ul class=\"wp-block-list\">\n<li><strong>Origen y calidad<\/strong>Piedra de la mina Nakayama, conocida por su excepcional calidad y su raro color amarillo (kiita), muy apreciado en Jap\u00f3n. Est\u00e1 clasificada como de colecci\u00f3n por su rareza y su est\u00e9tica.<a href=\"https:\/\/www.japanesenaturalstones.com\/nakayama-kiita-lv-4-5-a1225\/\" target=\"_blank\" rel=\"noreferrer noopener\"><\/a><a href=\"https:\/\/www.japanesenaturalstones.com\/nakayama-kiita-lv-4-a1845\/\" target=\"_blank\" rel=\"noreferrer noopener\"><\/a><\/li>\n\n\n\n<li><strong>Dureza y finura<\/strong>Dureza: El nivel de dureza es Lv 4, pero la finura es de alrededor de 8000 Grit, por lo que la piedra es lo suficientemente fina para el afilado final. No se considera ni demasiado dura ni demasiado blanda, por lo que es f\u00e1cil de usar, especialmente para principiantes.<a href=\"https:\/\/www.japanesenaturalstones.com\/nakayama-kiita-lv-4-a1845\/\" target=\"_blank\" rel=\"noreferrer noopener\"><\/a><\/li>\n\n\n\n<li><strong>Uso<\/strong>Ideal para afilar herramientas peque\u00f1as o cuchillos peque\u00f1os. Puede utilizarse con una piedra nagura para mejorar los resultados del afilado. Para navajas (kamisori y occidentales) - prefinish.<\/li>\n\n\n\n<li><strong>Acabado<\/strong>Acabado semi-espejo: Proporciona un acabado semi-espejo que es est\u00e9tico y funcional, asegurando una hoja extremadamente afilada.<a href=\"https:\/\/www.japanesenaturalstones.com\/nakayama-kiita-lv-4-5-a1225\/\" target=\"_blank\" rel=\"noreferrer noopener\"><\/a><a href=\"https:\/\/www.japanesenaturalstones.com\/nakayama-kiita-lv-4-a1845\/\" target=\"_blank\" rel=\"noreferrer noopener\"><\/a><\/li>\n\n\n\n<li><strong>Apariencia<\/strong>: Una combinaci\u00f3n de gris y amarillo, sin l\u00edneas t\u00f3xicas ni inclusiones, para un afilado limpio y suave. <\/li>\n\n\n\n<li><strong>Caracter\u00edsticas especiales<\/strong>R: La piedra es f\u00e1cil de usar, produce una r\u00e1pida eliminaci\u00f3n del metal y la sensaci\u00f3n de afilado es extremadamente suave y agradable.<a href=\"https:\/\/www.japanesenaturalstones.com\/nakayama-kiita-lv-4-5-a1225\/\" target=\"_blank\" rel=\"noreferrer noopener\"><\/a><a href=\"https:\/\/www.japanesenaturalstones.com\/nakayama-sunashi-suita-kiita-lv-4-a787\/\" target=\"_blank\" rel=\"noreferrer noopener\"><\/a><\/li>\n<\/ul>\n\n\n\n<p>La piedra es rara y apreciada tanto por sus pr\u00e1cticas propiedades de afilado como por su belleza, y a menudo se considera una pieza de coleccionista. <\/p>","protected":false},"excerpt":{"rendered":"<ul>\n<li>Adecuado para el acabado de cuchillos, tijeras, carpinter\u00eda y otras herramientas. Preacabado para navajas.<\/li>\n<li>Dimensiones: 205x75x36 mm<\/li>\n<li>Peso con soporte: 1280 g<\/li>\n<li>Dureza: Lv 4<\/li>\n<li>Una piedra r\u00e1pida y de primera calidad para la terminaci\u00f3n. Marca Maruka conservada pero difuminada.<\/li>\n<\/ul>","protected":false},"featured_media":4517,"comment_status":"open","ping_status":"closed","template":"","meta":[],"product_brand":[],"product_cat":[22],"product_tag":[141,336,49],"class_list":{"0":"post-4509","1":"product","2":"type-product","3":"status-publish","4":"has-post-thumbnail","6":"product_cat-jnats","7":"product_tag-kiita","8":"product_tag-lv-4","9":"product_tag-nakayama","10":"product_shipping_class-iprastas","12":"first","13":"outofstock","14":"shipping-taxable","15":"purchasable","16":"product-type-simple"},"_links":{"self":[{"href":"https:\/\/jnats.eu\/es\/wp-json\/wp\/v2\/product\/4509","targetHints":{"allow":["GET"]}}],"collection":[{"href":"https:\/\/jnats.eu\/es\/wp-json\/wp\/v2\/product"}],"about":[{"href":"https:\/\/jnats.eu\/es\/wp-json\/wp\/v2\/types\/product"}],"replies":[{"embeddable":true,"href":"https:\/\/jnats.eu\/es\/wp-json\/wp\/v2\/comments?post=4509"}],"wp:featuredmedia":[{"embeddable":true,"href":"https:\/\/jnats.eu\/es\/wp-json\/wp\/v2\/media\/4517"}],"wp:attachment":[{"href":"https:\/\/jnats.eu\/es\/wp-json\/wp\/v2\/media?parent=4509"}],"wp:term":[{"taxonomy":"product_brand","embeddable":true,"href":"https:\/\/jnats.eu\/es\/wp-json\/wp\/v2\/product_brand?post=4509"},{"taxonomy":"product_cat","embeddable":true,"href":"https:\/\/jnats.eu\/es\/wp-json\/wp\/v2\/product_cat?post=4509"},{"taxonomy":"product_tag","embeddable":true,"href":"https:\/\/jnats.eu\/es\/wp-json\/wp\/v2\/product_tag?post=4509"}],"curies":[{"name":"wp","href":"https:\/\/api.w.org\/{rel}","templated":true}]}}