{"id":4523,"date":"2025-04-30T14:52:53","date_gmt":"2025-04-30T11:52:53","guid":{"rendered":"https:\/\/jnats.eu\/?post_type=product&#038;p=4523"},"modified":"2025-06-22T11:59:20","modified_gmt":"2025-06-22T08:59:20","slug":"nakayama-karasu-lv-5","status":"publish","type":"product","link":"https:\/\/jnats.eu\/es\/producto-2\/nakayama-karasu-lv-5\/","title":{"rendered":"Nakayama Karasu Lv 5"},"content":{"rendered":"<figure class=\"wp-block-embed is-type-video is-provider-youtube wp-block-embed-youtube wp-embed-aspect-16-9 wp-has-aspect-ratio\"><div class=\"wp-block-embed__wrapper\">\n<div class=\"video-container\"><iframe title=\"Afilado de la navaja Puma: Aizu, Aiwatani, Nakayama Kiita, Nashiji, Karasu\" width=\"1170\" height=\"658\" src=\"https:\/\/www.youtube.com\/embed\/fu4WmCwVvQU?start=963&#038;feature=oembed\" frameborder=\"0\" allow=\"accelerometer; autoplay; clipboard-write; encrypted-media; gyroscope; picture-in-picture; web-share\" referrerpolicy=\"strict-origin-when-cross-origin\" allowfullscreen><\/iframe><\/div>\n<\/div><\/figure>\n\n\n\n<p>Nakayama Karasu Lv 5 es una piedra de afilar natural japonesa (toishi) de alta calidad, muy apreciada por su rareza, est\u00e9tica y excepcionales propiedades de afilado. He aqu\u00ed una descripci\u00f3n basada en la informaci\u00f3n disponible:<\/p>\n\n\n\n<ul class=\"wp-block-list\">\n<li><strong>Origen y calidad<\/strong>Piedra procedente de la mina de Nakayama, famosa por producir algunas de las mejores piedras de afilar del mundo. El nombre Karasu ('cuervo') proviene de su patr\u00f3n \u00fanico de manchas negras u oscuras sobre un fondo gris o azul (mizu asagi), que se asemeja a las plumas de un cuervo. Es una piedra de coleccionista y es especialmente rara y valorada por los coleccionistas.<a href=\"https:\/\/www.japanesenaturalstones.com\/nakayama-san-karasu-lv-5-a265\/\" target=\"_blank\" rel=\"noreferrer noopener\"><\/a><a href=\"https:\/\/japanese-whetstones.com\/products\/nakayama-karasu-lv-5\" target=\"_blank\" rel=\"noreferrer noopener\"><\/a><\/li>\n\n\n\n<li><strong>Dureza y finura<\/strong>: Nivel de dureza Lv 5 (duro), finura de 1500Grit, lo que hace que la piedra sea superfina, ideal para el afilado final. La superficie es muy lisa, sin l\u00edneas t\u00f3xicas o inclusiones, asegurando un afilado limpio y preciso.<a href=\"https:\/\/www.japanesenaturalstones.com\/nakayama-karasu-lv-5-a1603\/\" target=\"_blank\" rel=\"noreferrer noopener\"><\/a><a href=\"https:\/\/zenrazorjapan.com\/products\/nakayama-asagi-karasu-hardness-5-fineness-5\" target=\"_blank\" rel=\"noreferrer noopener\"><\/a><\/li>\n\n\n\n<li><strong>Uso<\/strong>Afilado final de navajas (kamisori y occidentales), herramientas peque\u00f1as (por ejemplo, cinceles) o cuchillos. Adecuado para conseguir filos extremadamente afilados, proporciona un acabado suave, casi de espejo. Se recomienda su uso con una piedra nagura, especialmente para navajas occidentales, para conseguir resultados \u00f3ptimos m\u00e1s r\u00e1pidamente.<a href=\"https:\/\/www.japanesenaturalstones.com\/nakayama-san-karasu-lv-5-a265\/\" target=\"_blank\" rel=\"noreferrer noopener\"><\/a><a href=\"https:\/\/www.japanesenaturalstones.com\/nakayama-maruichi-kamisori-karasu-lv-5-a1743\/\" target=\"_blank\" rel=\"noreferrer noopener\"><\/a><\/li>\n\n\n\n<li><strong>Acabado<\/strong>Piedra de afilar : Proporciona un filo muy pulido, afilado y liso para el afeitado de precisi\u00f3n o el mecanizado. La piedra es bastante abrasiva con el metal.<a href=\"https:\/\/www.japanesenaturalstones.com\/nakayama-maruichi-karasu-suita-lv-4-5-a1636\/\" target=\"_blank\" rel=\"noreferrer noopener\"><\/a><\/li>\n\n\n\n<li><strong>Apariencia<\/strong>La piedra karasu: se caracteriza por una hermosa base gris o gris azulada (mizu asagi) con brillantes manchas negras karasu que atraviesan las capas de piedra. La piedra no presenta defectos como grietas o l\u00edneas t\u00f3xicas y es est\u00e9ticamente agradable. <\/li>\n<\/ul>","protected":false},"excerpt":{"rendered":"<ul>\n<li>Adecuado para el acabado de navajas, cuchillos, tijeras, carpinter\u00eda y otras herramientas.<\/li>\n<li>Dimensiones: 209x72x22 mm<\/li>\n<li>Peso con soporte: 1170 g<\/li>\n<li>Dureza: Lv 5<\/li>\n<li>Una piedra r\u00e1pida para el acabado de navajas.  Se trata de una piedra realmente de primera calidad. Puede comprobarlo usted mismo en el siguiente v\u00eddeo.<\/li>\n<\/ul>","protected":false},"featured_media":4527,"comment_status":"open","ping_status":"closed","template":"","meta":[],"product_brand":[],"product_cat":[22],"product_tag":[57,337,49],"class_list":{"0":"post-4523","1":"product","2":"type-product","3":"status-publish","4":"has-post-thumbnail","6":"product_cat-jnats","7":"product_tag-karasu","8":"product_tag-lv-5","9":"product_tag-nakayama","10":"product_shipping_class-iprastas","12":"first","13":"outofstock","14":"shipping-taxable","15":"purchasable","16":"product-type-simple"},"_links":{"self":[{"href":"https:\/\/jnats.eu\/es\/wp-json\/wp\/v2\/product\/4523","targetHints":{"allow":["GET"]}}],"collection":[{"href":"https:\/\/jnats.eu\/es\/wp-json\/wp\/v2\/product"}],"about":[{"href":"https:\/\/jnats.eu\/es\/wp-json\/wp\/v2\/types\/product"}],"replies":[{"embeddable":true,"href":"https:\/\/jnats.eu\/es\/wp-json\/wp\/v2\/comments?post=4523"}],"wp:featuredmedia":[{"embeddable":true,"href":"https:\/\/jnats.eu\/es\/wp-json\/wp\/v2\/media\/4527"}],"wp:attachment":[{"href":"https:\/\/jnats.eu\/es\/wp-json\/wp\/v2\/media?parent=4523"}],"wp:term":[{"taxonomy":"product_brand","embeddable":true,"href":"https:\/\/jnats.eu\/es\/wp-json\/wp\/v2\/product_brand?post=4523"},{"taxonomy":"product_cat","embeddable":true,"href":"https:\/\/jnats.eu\/es\/wp-json\/wp\/v2\/product_cat?post=4523"},{"taxonomy":"product_tag","embeddable":true,"href":"https:\/\/jnats.eu\/es\/wp-json\/wp\/v2\/product_tag?post=4523"}],"curies":[{"name":"wp","href":"https:\/\/api.w.org\/{rel}","templated":true}]}}