{"id":4533,"date":"2025-05-02T09:36:30","date_gmt":"2025-05-02T06:36:30","guid":{"rendered":"https:\/\/jnats.eu\/?post_type=product&#038;p=4533"},"modified":"2026-04-08T15:39:44","modified_gmt":"2026-04-08T12:39:44","slug":"vintaziniai-vokiski-skustuvai-puma-89-solingen","status":"publish","type":"product","link":"https:\/\/jnats.eu\/es\/producto-2\/vintaziniai-vokiski-skustuvai-puma-89-solingen\/","title":{"rendered":"Maquinillas de afeitar alemanas vintage Puma 89 Solingen"},"content":{"rendered":"<figure class=\"wp-block-embed is-type-video is-provider-youtube wp-block-embed-youtube wp-embed-aspect-16-9 wp-has-aspect-ratio\"><div class=\"wp-block-embed__wrapper\">\n<div class=\"video-container\"><iframe title=\"Maquinillas de afeitar alemanas vintage Puma 89 Solingen\" width=\"1170\" height=\"658\" src=\"https:\/\/www.youtube.com\/embed\/uWf2QJpylzg?feature=oembed\" frameborder=\"0\" allow=\"accelerometer; autoplay; clipboard-write; encrypted-media; gyroscope; picture-in-picture; web-share\" referrerpolicy=\"strict-origin-when-cross-origin\" allowfullscreen><\/iframe><\/div>\n<\/div><\/figure>\n\n\n\n<p>Las antiguas navajas alemanas Puma son apreciadas como herramientas de afeitado de alta calidad y se fabricaban en Alemania, principalmente en Solingen, una ciudad famosa desde hace mucho tiempo por sus cuchillos y herramientas de afeitado. \"Puma es una marca muy conocida asociada no s\u00f3lo a la ropa y el calzado deportivos, sino tambi\u00e9n a las tradicionales navajas de afeitar y otros productos de cuchiller\u00eda, que fueron especialmente populares a mediados del siglo XX.<\/p>\n\n\n\n<ol class=\"wp-block-list\">\n<li><strong>Historia de la producci\u00f3n<\/strong>:\n<ul class=\"wp-block-list\">\n<li>\"Las maquinillas de afeitar Puma se fabricaban en Solingen (Alemania), donde Puma-Werk Lauterjung und Sohn (fundada en 1769) sigue en activo. Esta empresa estaba especializada en la fabricaci\u00f3n de cuchillos, navajas y otras herramientas afiladas.<\/li>\n\n\n\n<li>La mayor\u00eda de los modelos antiguos datan de las d\u00e9cadas de 1940 y 1970, cuando las maquinillas artesanales eran muy populares.<\/li>\n\n\n\n<li>\"Las maquinillas Puma han sido apreciadas por su precisi\u00f3n artesanal, durabilidad y dise\u00f1o est\u00e9tico.<\/li>\n<\/ul>\n<\/li>\n\n\n\n<li><strong>Caracter\u00edsticas<\/strong>:\n<ul class=\"wp-block-list\">\n<li><strong>Materiales<\/strong>Hojas: las hojas suelen ser de acero al carbono o acero inoxidable de alta calidad para que sean m\u00e1s afiladas y resistentes a la corrosi\u00f3n. Los mangos eran de materiales naturales como cuerno, madera, n\u00e1car o pl\u00e1stico (por ejemplo, baquelita).<\/li>\n\n\n\n<li><strong>Dise\u00f1o<\/strong>Las maquinillas de afeitar Puma suelen tener detalles grabados en la hoja, como el logotipo de la marca o el n\u00famero de modelo. Su dise\u00f1o era elegante, con atenci\u00f3n al detalle.<\/li>\n\n\n\n<li><strong>Modelos<\/strong>R: Los modelos vintage m\u00e1s populares tienen n\u00fameros \u00fanicos (por ejemplo, Puma 193, Puma 89) que indican diferentes dise\u00f1os o series.<\/li>\n<\/ul>\n<\/li>\n\n\n\n<li><strong>Valor de colecci\u00f3n<\/strong>:\n<ul class=\"wp-block-list\">\n<li>Las maquinillas de afeitar Puma antiguas son muy apreciadas por los coleccionistas por su rareza, calidad y significado hist\u00f3rico. Son especialmente deseables los modelos en buen estado o con su embalaje original.<\/li>\n\n\n\n<li>El precio de mercado depende del estado de conservaci\u00f3n de la navaja, de la rareza del modelo y del material del mango. Los ejemplares bien conservados pueden costar desde unas pocas docenas hasta varios cientos de euros.<\/li>\n<\/ul>\n<\/li>\n\n\n\n<li><strong>Uso y mantenimiento<\/strong>:\n<ul class=\"wp-block-list\">\n<li>Estas maquinillas requieren un mantenimiento regular: reafilado del asentador de cuero y protecci\u00f3n contra el \u00f3xido.<\/li>\n\n\n\n<li>Gracias a su afilado y calidad, siguen siendo utilizadas por los aficionados al afeitado tradicional, aunque requieren m\u00e1s destreza que las modernas maquinillas multiusos.<\/li>\n<\/ul>\n<\/li>\n<\/ol>\n\n\n\n<h3 class=\"wp-block-heading\">\u00bfPor qu\u00e9 se consideran excepcionales las maquinillas Puma?<\/h3>\n\n\n\n<ul class=\"wp-block-list\">\n<li><strong>Maestr\u00eda<\/strong>El fabricante: Solingen es un centro mundial de fabricaci\u00f3n de cuchillos y Puma ha mantenido los m\u00e1s altos est\u00e1ndares.<\/li>\n\n\n\n<li><strong>Durabilidad<\/strong>Las maquinillas de afeitar con un mantenimiento adecuado pueden durar d\u00e9cadas.<\/li>\n\n\n\n<li><strong>Est\u00e9tica<\/strong>: Su elegante dise\u00f1o y los detalles hechos a mano hacen que no s\u00f3lo sean funcionales, sino tambi\u00e9n obras de arte.<\/li>\n<\/ul>","protected":false},"excerpt":{"rendered":"<p>Maquinillas de afeitar Puma alemanas vintage usadas. Fabricadas a mediados del siglo pasado. Todav\u00eda se fabrican bajo esta marca, pero son inferiores a las maquinillas vintage en calidad de tratamiento t\u00e9rmico y mec\u00e1nico. Apreciadas por su suave afeitado. Presenta signos de corrosi\u00f3n, pero todas las hojas est\u00e1n intactas, por lo que su afilado y uso no supondr\u00e1n ning\u00fan problema. La mec\u00e1nica y la geometr\u00eda son perfectas. Por favor, observe detenidamente las fotos y el v\u00eddeo. <strong>Peso 49-50 g.<\/strong><\/p>\n<ol>\n<li>Dimensiones de la hoja - 80x20x4 mm. Afilada y con caja<\/li>\n<li>Dimensiones de la hoja - 80x19x4 mm. Afilada. Afilada con conicidad hacia delante (s\u00edndrome de la zanahoria).<\/li>\n<li>Dimensiones de la hoja - 80x19x4 mm<\/li>\n<li>Dimensiones de la hoja - 80x19x4 mm<\/li>\n<li>Dimensiones de la cuchilla - 80x16x4 mm<\/li>\n<\/ol>\n<p><strong>Si no ve el art\u00edculo en la lista desplegable, es que est\u00e1 vendido.\u00a0<\/strong><\/p>","protected":false},"featured_media":4538,"comment_status":"open","ping_status":"closed","template":"","meta":[],"product_brand":[],"product_cat":[23],"product_tag":[338,339,160],"class_list":{"0":"post-4533","1":"product","2":"type-product","3":"status-publish","4":"has-post-thumbnail","6":"product_cat-razors","7":"product_tag-puma","8":"product_tag-puma-89","9":"product_tag-skustuvai","10":"product_shipping_class-light","12":"first","13":"instock","14":"shipping-taxable","15":"purchasable","16":"product-type-variable"},"_links":{"self":[{"href":"https:\/\/jnats.eu\/es\/wp-json\/wp\/v2\/product\/4533","targetHints":{"allow":["GET"]}}],"collection":[{"href":"https:\/\/jnats.eu\/es\/wp-json\/wp\/v2\/product"}],"about":[{"href":"https:\/\/jnats.eu\/es\/wp-json\/wp\/v2\/types\/product"}],"replies":[{"embeddable":true,"href":"https:\/\/jnats.eu\/es\/wp-json\/wp\/v2\/comments?post=4533"}],"wp:featuredmedia":[{"embeddable":true,"href":"https:\/\/jnats.eu\/es\/wp-json\/wp\/v2\/media\/4538"}],"wp:attachment":[{"href":"https:\/\/jnats.eu\/es\/wp-json\/wp\/v2\/media?parent=4533"}],"wp:term":[{"taxonomy":"product_brand","embeddable":true,"href":"https:\/\/jnats.eu\/es\/wp-json\/wp\/v2\/product_brand?post=4533"},{"taxonomy":"product_cat","embeddable":true,"href":"https:\/\/jnats.eu\/es\/wp-json\/wp\/v2\/product_cat?post=4533"},{"taxonomy":"product_tag","embeddable":true,"href":"https:\/\/jnats.eu\/es\/wp-json\/wp\/v2\/product_tag?post=4533"}],"curies":[{"name":"wp","href":"https:\/\/api.w.org\/{rel}","templated":true}]}}