{"id":4594,"date":"2025-05-13T11:05:22","date_gmt":"2025-05-13T08:05:22","guid":{"rendered":"https:\/\/jnats.eu\/?post_type=product&#038;p=4594"},"modified":"2026-03-08T21:17:40","modified_gmt":"2026-03-08T19:17:40","slug":"nos-chobomasa-kamisori-vintaziniai-japoniski-skustuvai","status":"publish","type":"product","link":"https:\/\/jnats.eu\/es\/producto-2\/nos-chobomasa-kamisori-vintaziniai-japoniski-skustuvai\/","title":{"rendered":"NOS Chobomasa kamisori maquinillas de afeitar japonesas de la vendimia"},"content":{"rendered":"<figure class=\"wp-block-embed is-type-video is-provider-youtube wp-block-embed-youtube wp-embed-aspect-16-9 wp-has-aspect-ratio\"><div class=\"wp-block-embed__wrapper\">\n<div class=\"video-container\"><iframe title=\"NOS Chobomasa Kamisori - Navajas japonesas vintage\" width=\"1170\" height=\"658\" src=\"https:\/\/www.youtube.com\/embed\/AiR2JJ7mTRE?feature=oembed\" frameborder=\"0\" allow=\"accelerometer; autoplay; clipboard-write; encrypted-media; gyroscope; picture-in-picture; web-share\" referrerpolicy=\"strict-origin-when-cross-origin\" allowfullscreen><\/iframe><\/div>\n<\/div><\/figure>\n\n\n\n<p>Descubra la verdadera maestr\u00eda del afeitado japon\u00e9s con <strong>NOS Chobomasa Kamisori<\/strong> - aut\u00e9nticas maquinillas de afeitar japonesas vintage hechas a mano. Estas maquinillas son <strong>NOS (Nuevo Stock Antiguo)<\/strong> - Sin usar, conservado en excelente estado, directamente del Jap\u00f3n de mediados del siglo XX.<\/p>\n\n\n\n<p>Cocinado a la manera tradicional <strong>kamisori<\/strong> en forma de cuchillas de afeitar, estas maquinillas destacan <strong>cuchilla asim\u00e9trica<\/strong> y <strong>acero al carbono de alta calidad<\/strong> para un afilado excepcional y un uso duradero. Cada maquinilla captura sutilmente el esp\u00edritu de la antigua artesan\u00eda japonesa y una funcionalidad excepcional.<\/p>\n\n\n\n<p><strong>Caracter\u00edsticas:<\/strong><\/p>\n\n\n\n<ul class=\"wp-block-list\">\n<li>Aut\u00e9ntico japon\u00e9s <strong>kamisori<\/strong> dise\u00f1o<\/li>\n\n\n\n<li>NOS (New Old Stock) - sin usar, vintage<\/li>\n\n\n\n<li>Alta calidad <strong>hoja de acero al carbono<\/strong><\/li>\n\n\n\n<li>Fabricaci\u00f3n artesanal y tradicional en Jap\u00f3n<\/li>\n\n\n\n<li>Para coleccionistas y aficionados al afeitado<\/li>\n<\/ul>\n\n\n\n<p><strong>Observaci\u00f3n:<\/strong> Debido a la antig\u00fcedad del producto y a la naturaleza del trabajo manual, el aspecto de cada maquinilla puede variar ligeramente.<\/p>","protected":false},"excerpt":{"rendered":"<ul>\n<li>Al igual que la espada samur\u00e1i tradicional, la katana, estos Kamisori se forjaron a mano en 2 partes. La parte cortante est\u00e1 hecha de acero con alto contenido en carbono, mientras que la capa de soporte est\u00e1 hecha de un acero m\u00e1s sencillo. La capa de acero es dura, mientras que la estructura m\u00e1s blanda proporciona la resistencia necesaria a la rotura.<\/li>\n<li>Se aprecia algo de descabello. \u00d3xido eliminado con papel de 6 fuentes #2500 y pasta de diamante Venev 7\/5.<\/li>\n<li>Todas las camisolas son ligeramente diferentes porque est\u00e1n hechas a mano.<\/li>\n<li>Peso (aprox.): 33 g.<\/li>\n<li>Longitud total (aprox.): 140 mm<\/li>\n<li>Altura (aprox.): 18 mm<\/li>\n<li>Grosor de la cinta (aprox.): 6 mm<\/li>\n<li>Longitud de la hoja (aprox.): 44 mm<\/li>\n<li>Nueva empu\u00f1adura de goma Tosuke<\/li>\n<li><strong>Nos 1-5 afiladas, Nos 6-7 sin afilar.<\/strong><span data-mce-type=\"bookmark\" style=\"display: inline-block; width: 0px; overflow: hidden; line-height: 0;\" class=\"mce_SELRES_start\"><\/span><\/li>\n<li><strong>Si no ve el art\u00edculo en la lista desplegable, significa que est\u00e1 en oferta.<\/strong><\/li>\n<\/ul>","protected":false},"featured_media":4595,"comment_status":"open","ping_status":"closed","template":"","meta":[],"product_brand":[],"product_cat":[23],"product_tag":[322,25,55],"class_list":{"0":"post-4594","1":"product","2":"type-product","3":"status-publish","4":"has-post-thumbnail","6":"product_cat-razors","7":"product_tag-chobomasa","8":"product_tag-kamisori","9":"product_tag-nos","10":"product_shipping_class-light","12":"first","13":"instock","14":"shipping-taxable","15":"purchasable","16":"product-type-variable"},"_links":{"self":[{"href":"https:\/\/jnats.eu\/es\/wp-json\/wp\/v2\/product\/4594","targetHints":{"allow":["GET"]}}],"collection":[{"href":"https:\/\/jnats.eu\/es\/wp-json\/wp\/v2\/product"}],"about":[{"href":"https:\/\/jnats.eu\/es\/wp-json\/wp\/v2\/types\/product"}],"replies":[{"embeddable":true,"href":"https:\/\/jnats.eu\/es\/wp-json\/wp\/v2\/comments?post=4594"}],"wp:featuredmedia":[{"embeddable":true,"href":"https:\/\/jnats.eu\/es\/wp-json\/wp\/v2\/media\/4595"}],"wp:attachment":[{"href":"https:\/\/jnats.eu\/es\/wp-json\/wp\/v2\/media?parent=4594"}],"wp:term":[{"taxonomy":"product_brand","embeddable":true,"href":"https:\/\/jnats.eu\/es\/wp-json\/wp\/v2\/product_brand?post=4594"},{"taxonomy":"product_cat","embeddable":true,"href":"https:\/\/jnats.eu\/es\/wp-json\/wp\/v2\/product_cat?post=4594"},{"taxonomy":"product_tag","embeddable":true,"href":"https:\/\/jnats.eu\/es\/wp-json\/wp\/v2\/product_tag?post=4594"}],"curies":[{"name":"wp","href":"https:\/\/api.w.org\/{rel}","templated":true}]}}