{"id":4678,"date":"2025-05-24T12:33:23","date_gmt":"2025-05-24T09:33:23","guid":{"rendered":"https:\/\/jnats.eu\/?post_type=product&#038;p=4678"},"modified":"2025-07-05T11:19:22","modified_gmt":"2025-07-05T08:19:22","slug":"yeelong-m390-steel-8-chef-knife-used","status":"publish","type":"product","link":"https:\/\/jnats.eu\/es\/producto-2\/yeelong-m390-steel-8-chef-knife-used\/","title":{"rendered":"Cuchillo Chef Yeelong M390 Acero 8\u2033 (Usado)"},"content":{"rendered":"<figure class=\"wp-block-embed is-type-video is-provider-youtube wp-block-embed-youtube wp-embed-aspect-16-9 wp-has-aspect-ratio\"><div class=\"wp-block-embed__wrapper\">\n<div class=\"video-container\"><iframe title=\"Masamotoyama Asagi Nashiji vs Acero M390\" width=\"1170\" height=\"658\" src=\"https:\/\/www.youtube.com\/embed\/K1-qGuFrjYM?feature=oembed\" frameborder=\"0\" allow=\"accelerometer; autoplay; clipboard-write; encrypted-media; gyroscope; picture-in-picture; web-share\" referrerpolicy=\"strict-origin-when-cross-origin\" allowfullscreen><\/iframe><\/div>\n<\/div><\/figure>\n\n\n\n<p>Actualice su cocina con el <strong>Cuchillo de cocinero Yeelong M390 8\u2033.<\/strong> - Una herramienta de alto rendimiento dise\u00f1ada para cortar con precisi\u00f3n y sin esfuerzo. <strong>Acero inoxidable B\u00f6hler M390<\/strong>Este cuchillo ofrece <strong>retenci\u00f3n de bordes<\/strong>, <strong>resistencia a la corrosi\u00f3n<\/strong>y un filo duradero.<\/p>\n\n\n\n<p>El equilibrio perfecto <strong>Hoja de 8 pulgadas<\/strong> realiza todas las tareas de la cocina con facilidad: cortar carne, picar verduras, picar hierbas y mucho m\u00e1s. Su acabado pulido a\u00f1ade elegancia, mientras que el mango ergon\u00f3mico proporciona un agarre seguro y c\u00f3modo para un uso prolongado.<\/p>\n\n\n\n<p><strong>Caracter\u00edsticas principales:<\/strong><\/p>\n\n\n\n<ul class=\"wp-block-list\">\n<li>\ud83d\udd2a Premium <strong>B\u00f6hler M390 Acero inoxidable<\/strong> Composici\u00f3n qu\u00edmica (media %)C1,90 Si0,70Mn0,30 Cr20,00 Mo1,00 V4,00 W0,60<\/li>\n\n\n\n<li>\ud83d\udccf <strong>Hoja de 8 pulgadas<\/strong> para tareas de cocina vers\u00e1tiles<\/li>\n\n\n\n<li>\ud83d\udc8e Excepcional retenci\u00f3n de bordes y nitidez<\/li>\n\n\n\n<li>\ud83c\udf0a Acabado espejo resistente a la corrosi\u00f3n y al desgaste<\/li>\n\n\n\n<li>\ud83d\udd90\ufe0f Empu\u00f1adura ergon\u00f3mica para mayor control y comodidad<\/li>\n\n\n\n<li>\ud83d\udce6 Ideal para chefs profesionales y cocineros caseros apasionados.<\/li>\n<\/ul>\n\n\n\n<p><strong>Disfrute de un corte profesional en su cocina.<\/strong><\/p>","protected":false},"excerpt":{"rendered":"<p>Calidad superior <strong data-start=\"311\" data-end=\"334\">Cuchillo de cocinero de 8 pulgadas<\/strong> hecho de <strong data-start=\"345\" data-end=\"376\">Acero inoxidable B\u00f6hler M390<\/strong>. Excepcional retenci\u00f3n del filo, resistencia a la corrosi\u00f3n y corte de precisi\u00f3n. Perfecto para chefs profesionales y cocineros caseros apasionados.<\/p>\n<ul>\n<li>Longitud total 335 mm<\/li>\n<li>Cuchilla 200x54x2 mm<\/li>\n<li>Peso 274 g.<\/li>\n<li>Fabricado en China<\/li>\n<\/ul>\n<p>Puedes ver el proceso de afilado en el siguiente v\u00eddeo.<\/p>","protected":false},"featured_media":4681,"comment_status":"open","ping_status":"closed","template":"","meta":[],"product_brand":[],"product_cat":[24],"product_tag":[349],"class_list":{"0":"post-4678","1":"product","2":"type-product","3":"status-publish","4":"has-post-thumbnail","6":"product_cat-knifes","7":"product_tag-m390","8":"product_shipping_class-iprastas","10":"first","11":"outofstock","12":"shipping-taxable","13":"purchasable","14":"product-type-simple"},"_links":{"self":[{"href":"https:\/\/jnats.eu\/es\/wp-json\/wp\/v2\/product\/4678","targetHints":{"allow":["GET"]}}],"collection":[{"href":"https:\/\/jnats.eu\/es\/wp-json\/wp\/v2\/product"}],"about":[{"href":"https:\/\/jnats.eu\/es\/wp-json\/wp\/v2\/types\/product"}],"replies":[{"embeddable":true,"href":"https:\/\/jnats.eu\/es\/wp-json\/wp\/v2\/comments?post=4678"}],"wp:featuredmedia":[{"embeddable":true,"href":"https:\/\/jnats.eu\/es\/wp-json\/wp\/v2\/media\/4681"}],"wp:attachment":[{"href":"https:\/\/jnats.eu\/es\/wp-json\/wp\/v2\/media?parent=4678"}],"wp:term":[{"taxonomy":"product_brand","embeddable":true,"href":"https:\/\/jnats.eu\/es\/wp-json\/wp\/v2\/product_brand?post=4678"},{"taxonomy":"product_cat","embeddable":true,"href":"https:\/\/jnats.eu\/es\/wp-json\/wp\/v2\/product_cat?post=4678"},{"taxonomy":"product_tag","embeddable":true,"href":"https:\/\/jnats.eu\/es\/wp-json\/wp\/v2\/product_tag?post=4678"}],"curies":[{"name":"wp","href":"https:\/\/api.w.org\/{rel}","templated":true}]}}