{"id":4750,"date":"2025-06-13T12:34:12","date_gmt":"2025-06-13T09:34:12","guid":{"rendered":"https:\/\/jnats.eu\/?post_type=product&#038;p=4750"},"modified":"2025-10-25T21:37:45","modified_gmt":"2025-10-25T18:37:45","slug":"komazen-japan-vidutinio-grudetumo-sintetinis-galandinimo-akmuo","status":"publish","type":"product","link":"https:\/\/jnats.eu\/es\/producto-2\/komazen-japan-vidutinio-grudetumo-sintetinis-galandinimo-akmuo\/","title":{"rendered":"Piedra de afilar sint\u00e9tica de grano medio Komazen Japan"},"content":{"rendered":"<p><strong>Komazen Jap\u00f3n<\/strong> Piedra de afilar sint\u00e9tica de marca.<\/p>\n\n\n\n<hr class=\"wp-block-separator has-alpha-channel-opacity\"\/>\n\n\n\n<h3 class=\"wp-block-heading\">\ud83d\udce6 Informaci\u00f3n general:<\/h3>\n\n\n\n<ul class=\"wp-block-list\">\n<li><strong>Fabricante<\/strong>: Komazen Jap\u00f3n<\/li>\n\n\n\n<li><strong>Marcado del producto<\/strong>: \"Piedra de afilar\" \/ \"\u4e2d\u76ee\" (Ch\u016bme) significa <strong>grano medio<\/strong> (japon\u00e9s: \u4e2d\u76ee, ch\u016bme) piedra.<\/li>\n\n\n\n<li><strong>Dimensiones<\/strong>: 200 \u00d7 50 \u00d7 25 mm (indicado en la caja)<\/li>\n<\/ul>\n\n\n\n<hr class=\"wp-block-separator has-alpha-channel-opacity\"\/>\n\n\n\n<h3 class=\"wp-block-heading\">\ud83d\udccc Vaya piedra:<\/h3>\n\n\n\n<p>Esto es <strong>piedra de agua sint\u00e9tica<\/strong>Se utiliza para afilar cuchillos y herramientas. Al llevar la marca \"\u4e2d\u76ee\", su granulometr\u00eda suele ser de alrededor de 1,5 mm. <strong>#1000<\/strong> (tama\u00f1o medio est\u00e1ndar del grano seg\u00fan el sistema japon\u00e9s). Se trata de una elecci\u00f3n excelente:<\/p>\n\n\n\n<ul class=\"wp-block-list\">\n<li>para el afilado diario de cuchillos<\/li>\n\n\n\n<li>eliminar peque\u00f1as irregularidades<\/li>\n\n\n\n<li>dar forma al filo de la cuchilla antes de pasar a piedras m\u00e1s peque\u00f1as (por ejemplo, #3000, #6000)<\/li>\n<\/ul>\n\n\n\n<hr class=\"wp-block-separator has-alpha-channel-opacity\"\/>\n\n\n\n<h3 class=\"wp-block-heading\">\ud83d\udccc Komazen Jap\u00f3n:<\/h3>\n\n\n\n<p>Este es uno de los <strong>Presupuesto<\/strong> Fabricantes japoneses de piedras sint\u00e9ticas. Sus piedras se utilizan a menudo en cocinas, talleres y por aficionados porque ofrecen una buena relaci\u00f3n calidad-precio, pero no son premium como Naniwa o Shapton.<\/p>\n\n\n\n<hr class=\"wp-block-separator has-alpha-channel-opacity\"\/>\n\n\n\n<h3 class=\"wp-block-heading\">\ud83d\udccc Uso:<\/h3>\n\n\n\n<ul class=\"wp-block-list\">\n<li><strong>Antes de usar<\/strong> Se recomienda remojar en agua durante 5-10 minutos.<\/li>\n\n\n\n<li>Utilizar con agua (no en seco, ni con aceite)<\/li>\n\n\n\n<li>Aclarar despu\u00e9s de usar, secar naturalmente (no usar calor)<\/li>\n<\/ul>","protected":false},"excerpt":{"rendered":"<p><!-- wp:list --><\/p>\n<ul class=\"wp-block-list\"><!-- wp:list-item --><\/p>\n<li><strong>Fabricante<\/strong>: Komazen Jap\u00f3n<\/li>\n<p><!-- \/wp:list-item --> <!-- wp:list-item --><\/p>\n<li><strong>Grano medio<\/strong><\/li>\n<p><!-- \/wp:list-item --> <!-- wp:list-item --><\/p>\n<li><strong>Dimensiones<\/strong>200 \u00d7 50 \u00d7 25 mm<\/li>\n<li>Caja ligeramente deslustrada, piedra sin usar<\/li>\n<p><!-- \/wp:list-item --><\/ul>\n<p><!-- \/wp:list --><\/p>","protected":false},"featured_media":4751,"comment_status":"open","ping_status":"closed","template":"","meta":[],"product_brand":[],"product_cat":[290],"product_tag":[356,355],"class_list":{"0":"post-4750","1":"product","2":"type-product","3":"status-publish","4":"has-post-thumbnail","6":"product_cat-whetstones","7":"product_tag-356","8":"product_tag-komazen","9":"product_shipping_class-iprastas","11":"first","12":"outofstock","13":"shipping-taxable","14":"purchasable","15":"product-type-simple"},"_links":{"self":[{"href":"https:\/\/jnats.eu\/es\/wp-json\/wp\/v2\/product\/4750","targetHints":{"allow":["GET"]}}],"collection":[{"href":"https:\/\/jnats.eu\/es\/wp-json\/wp\/v2\/product"}],"about":[{"href":"https:\/\/jnats.eu\/es\/wp-json\/wp\/v2\/types\/product"}],"replies":[{"embeddable":true,"href":"https:\/\/jnats.eu\/es\/wp-json\/wp\/v2\/comments?post=4750"}],"wp:featuredmedia":[{"embeddable":true,"href":"https:\/\/jnats.eu\/es\/wp-json\/wp\/v2\/media\/4751"}],"wp:attachment":[{"href":"https:\/\/jnats.eu\/es\/wp-json\/wp\/v2\/media?parent=4750"}],"wp:term":[{"taxonomy":"product_brand","embeddable":true,"href":"https:\/\/jnats.eu\/es\/wp-json\/wp\/v2\/product_brand?post=4750"},{"taxonomy":"product_cat","embeddable":true,"href":"https:\/\/jnats.eu\/es\/wp-json\/wp\/v2\/product_cat?post=4750"},{"taxonomy":"product_tag","embeddable":true,"href":"https:\/\/jnats.eu\/es\/wp-json\/wp\/v2\/product_tag?post=4750"}],"curies":[{"name":"wp","href":"https:\/\/api.w.org\/{rel}","templated":true}]}}