{"id":479,"date":"2024-03-07T10:23:42","date_gmt":"2024-03-07T08:23:42","guid":{"rendered":"http:\/\/jnats.eu\/?post_type=product&#038;p=479"},"modified":"2024-04-26T09:30:50","modified_gmt":"2024-04-26T06:30:50","slug":"harrison-br-howson-manafacturers-sheffield-inglaterra-maquinilla-de-afeitar-vintage-juego-de-7-dias","status":"publish","type":"product","link":"https:\/\/jnats.eu\/es\/producto-2\/harrison-br-howson-manafacturers-sheffield-inglaterra-maquinilla-de-afeitar-vintage-juego-de-7-dias\/","title":{"rendered":"Harrison Br &amp; Howson Manafacturers Sheffield England Vintage Razors Juego de 7 d\u00edas"},"content":{"rendered":"<p>Harrison Br &amp; Howson es un reconocido fabricante de maquinillas de afeitar de Sheffield, Inglaterra, con una larga trayectoria y reputaci\u00f3n de calidad impecable. Sus maquinillas de afeitar antiguas en el juego de 7 d\u00edas son un producto de valor y estilo excepcionales.<\/p>\n\n\n\n<p>Descripci\u00f3n de este juego de maquinilla de afeitar vintage:<\/p>\n\n\n\n<ul class=\"wp-block-list\">\n<li><strong>Calidad y edad<\/strong>: Cada maquinilla de afeitar de este juego est\u00e1 hecha de acero de alta calidad para brindar durabilidad y un afeitado excelente. Estas maquinillas de afeitar reflejan la excepcional atenci\u00f3n al detalle y la calidad de Harrison Br &amp; Howson.<\/li>\n\n\n\n<li><strong>Dise\u00f1o antiguo<\/strong>: Estas maquinillas de afeitar tienen un dise\u00f1o interesante y \u00fanico que evoca la elegancia de \u00e9pocas pasadas. Sus hojas y mangos pueden ser el complemento perfecto para cualquier estilo masculino.<\/li>\n\n\n\n<li><strong>conjunto de 7 d\u00edas<\/strong>: Este conjunto es una excelente opci\u00f3n para quienes valoran el orden y un estilo de vida organizado. Cada maquinilla de afeitar corresponde a un d\u00eda de la semana, por lo que siempre tendr\u00e1s la herramienta adecuada para afeitarte cada d\u00eda. El acero descansar\u00e1 y podr\u00e1s hacer el proceso de afilado a la vez para todos y olvidarte de \u00e9l durante mucho tiempo. Esto es especialmente cierto si env\u00eda sus navajas a artesanos para que las afilen.<\/li>\n\n\n\n<li><strong>Una gran opci\u00f3n de regalo<\/strong>: Este juego de maquinilla de afeitar tambi\u00e9n puede ser un gran regalo para los hombres que aprecian el estilo cl\u00e1sico y los productos de calidad. Es una opci\u00f3n de regalo \u00fanica y pr\u00e1ctica para cualquier caballero.<\/li>\n<\/ul>\n\n\n\n<p>Las maquinillas de afeitar vintage Harrison Br &amp; Howson del juego de 7 d\u00edas no solo son pr\u00e1cticas herramientas de afeitado, sino tambi\u00e9n un acento elegante en el mundo de la belleza y el estilo masculino.<\/p>\n\n\n\n<figure class=\"wp-block-embed is-type-video is-provider-youtube wp-block-embed-youtube wp-embed-aspect-16-9 wp-has-aspect-ratio\"><div class=\"wp-block-embed__wrapper\">\n<div class=\"video-container\"><iframe title=\"Harrison Br &amp; Howson Manafacturers Sheffield England Vintage Razors Juego de 7 d\u00edas\" width=\"1170\" height=\"658\" src=\"https:\/\/www.youtube.com\/embed\/AhMxzAVzb6Q?feature=oembed\" frameborder=\"0\" allow=\"accelerometer; autoplay; clipboard-write; encrypted-media; gyroscope; picture-in-picture; web-share\" allowfullscreen><\/iframe><\/div>\n<\/div><\/figure>","protected":false},"excerpt":{"rendered":"<ul>\n<li>Harrison Br &amp; Howson Manafacturers Sheffield England Vintage Razors Juego de 7 d\u00edas<\/li>\n<li>Los mangos son de pol\u00edmero.<\/li>\n<li>No usado (NOS - Nuevo stock antiguo)<\/li>\n<li>Buen estado<\/li>\n<li>Hay signos de corrosi\u00f3n.<\/li>\n<li>Sin divisiones ni roturas<\/li>\n<\/ul>","protected":false},"featured_media":1040,"comment_status":"open","ping_status":"closed","template":"","meta":[],"product_brand":[],"product_cat":[23],"product_tag":[112,109,111,110],"class_list":{"0":"post-479","1":"product","2":"type-product","3":"status-publish","4":"has-post-thumbnail","6":"product_cat-razors","7":"product_tag-england","8":"product_tag-harrison-br-howson","9":"product_tag-manafacturers","10":"product_tag-sheffield","11":"product_shipping_class-light","13":"first","14":"instock","15":"sale","16":"shipping-taxable","17":"purchasable","18":"product-type-simple"},"_links":{"self":[{"href":"https:\/\/jnats.eu\/es\/wp-json\/wp\/v2\/product\/479","targetHints":{"allow":["GET"]}}],"collection":[{"href":"https:\/\/jnats.eu\/es\/wp-json\/wp\/v2\/product"}],"about":[{"href":"https:\/\/jnats.eu\/es\/wp-json\/wp\/v2\/types\/product"}],"replies":[{"embeddable":true,"href":"https:\/\/jnats.eu\/es\/wp-json\/wp\/v2\/comments?post=479"}],"wp:featuredmedia":[{"embeddable":true,"href":"https:\/\/jnats.eu\/es\/wp-json\/wp\/v2\/media\/1040"}],"wp:attachment":[{"href":"https:\/\/jnats.eu\/es\/wp-json\/wp\/v2\/media?parent=479"}],"wp:term":[{"taxonomy":"product_brand","embeddable":true,"href":"https:\/\/jnats.eu\/es\/wp-json\/wp\/v2\/product_brand?post=479"},{"taxonomy":"product_cat","embeddable":true,"href":"https:\/\/jnats.eu\/es\/wp-json\/wp\/v2\/product_cat?post=479"},{"taxonomy":"product_tag","embeddable":true,"href":"https:\/\/jnats.eu\/es\/wp-json\/wp\/v2\/product_tag?post=479"}],"curies":[{"name":"wp","href":"https:\/\/api.w.org\/{rel}","templated":true}]}}