{"id":4824,"date":"2025-06-30T08:13:15","date_gmt":"2025-06-30T05:13:15","guid":{"rendered":"https:\/\/jnats.eu\/?post_type=product&#038;p=4824"},"modified":"2025-07-05T11:19:22","modified_gmt":"2025-07-05T08:19:22","slug":"myojinho-aogami-super-gyuto-180-mm-virtuvinis-peilis","status":"publish","type":"product","link":"https:\/\/jnats.eu\/es\/producto-2\/myojinho-aogami-super-gyuto-180-mm-virtuvinis-peilis\/","title":{"rendered":"Cuchillo de cocina My\u014djinho Aogami Super Gyuto de 180 mm"},"content":{"rendered":"<h2 class=\"wp-block-heading\">Descripci\u00f3n del Producto:<\/h2>\n\n\n\n<p><strong>My\u014djinho Aogami Super Gyuto 180 mm<\/strong> \u2013 Cuchillo de cocina japon\u00e9s de alta calidad fabricado con el legendario <strong>Aogami Super (Acero S\u00faper Azul)<\/strong> Acero. Este acero es valorado por su excepcional agudeza, excelente retenci\u00f3n del filo y agradable sensaci\u00f3n de corte.<\/p>\n\n\n\n<p>El cuchillo est\u00e1 completamente sin usar, pero adem\u00e1s <strong>Afilado profesionalmente con una piedra de afilar Morihei de grano 12 000 seminatural de alta gama<\/strong> \u2014 Proporciona un afilado m\u00e1ximo y un filo extremadamente limpio y uniformemente pulido. Este afilado garantiza una calidad de corte ideal y resistencia al desgaste.<\/p>\n\n\n\n<hr class=\"wp-block-separator has-alpha-channel-opacity\"\/>\n\n\n\n<h3 class=\"wp-block-heading\">Caracter\u00edsticas:<\/h3>\n\n\n\n<ul class=\"wp-block-list\">\n<li><strong>Longitud de la hoja:<\/strong> 180 mm<\/li>\n\n\n\n<li><strong>Acero:<\/strong> Aogami Super (Acero Super Azul) con capas exteriores de acero inoxidable<\/li>\n\n\n\n<li><strong>Dureza:<\/strong> ~65\u201366 HRC<\/li>\n\n\n\n<li><strong>Uso:<\/strong> carne, pescado, verduras<\/li>\n\n\n\n<li><strong>Rankena:<\/strong> caoba con tres remaches<\/li>\n\n\n\n<li><strong>Afilado:<\/strong> Afilado con una piedra seminatural Morihei de grano 12.000<\/li>\n\n\n\n<li><strong>\u00c1ngulo de afilado:<\/strong> recomendado 12\u201315\u00b0<\/li>\n\n\n\n<li><strong>Empaquetado en una caja original de estilo japon\u00e9s.<\/strong><\/li>\n<\/ul>\n\n\n\n<hr class=\"wp-block-separator has-alpha-channel-opacity\"\/>\n\n\n\n<h3 class=\"wp-block-heading\">\u00bfPor qu\u00e9 elegir?<\/h3>\n\n\n\n<p>El acero Aogami Super es una de las mejores opciones de acero al carbono japon\u00e9s para cuchillos de cocina.<br>El cuchillo ya esta <strong>Afilado profesionalmente con una piedra Morihei 12.000<\/strong> \u2014 listo para trabajar inmediatamente con m\u00e1xima nitidez.<br>Dise\u00f1o japon\u00e9s elegante y cl\u00e1sico y mango ergon\u00f3mico c\u00f3modo.<\/p>\n\n\n\n<figure class=\"wp-block-embed is-type-video is-provider-youtube wp-block-embed-youtube wp-embed-aspect-16-9 wp-has-aspect-ratio\"><div class=\"wp-block-embed__wrapper\">\n<div class=\"video-container\"><iframe title=\"Prueba de las piedras de afilar Morihei Hishiboshi &quot;\u706b Hi&quot; Fire Series | Afilado de acero Aogami Super y M390\" width=\"1170\" height=\"658\" src=\"https:\/\/www.youtube.com\/embed\/y9GuR0ZJmUQ?start=1849&#038;feature=oembed\" frameborder=\"0\" allow=\"accelerometer; autoplay; clipboard-write; encrypted-media; gyroscope; picture-in-picture; web-share\" referrerpolicy=\"strict-origin-when-cross-origin\" allowfullscreen><\/iframe><\/div>\n<\/div><\/figure>","protected":false},"excerpt":{"rendered":"<p><!-- wp:list --><\/p>\n<ul class=\"wp-block-list\"><!-- wp:list-item --><\/p>\n<li><strong>Dimensiones de la hoja:<\/strong> 180x41x2 mm<\/li>\n<li><strong>Peso: 135g<\/strong><\/li>\n<p><!-- \/wp:list-item --> <!-- wp:list-item --><\/p>\n<li><strong>Acero:<\/strong> Aogami Super (Acero Super Azul) con capas exteriores de acero inoxidable<\/li>\n<p><!-- \/wp:list-item --> <!-- wp:list-item --><\/p>\n<li><strong>Dureza:<\/strong> ~65\u201366 HRC<\/li>\n<p><!-- \/wp:list-item --> <!-- wp:list-item --><\/p>\n<li><strong>Uso:<\/strong> carne, pescado, verduras<\/li>\n<p><!-- \/wp:list-item --> <!-- wp:list-item --><\/p>\n<li><strong>Rankena:<\/strong> caoba con tres remaches<\/li>\n<p><!-- \/wp:list-item --> <!-- wp:list-item --><\/p>\n<li><strong>Afilado:<\/strong> Afilado con una piedra seminatural Morihei de grano 12.000<\/li>\n<p><!-- \/wp:list-item --> <!-- wp:list-item --><\/p>\n<li><strong>\u00c1ngulo de afilado:<\/strong> recomendado 12\u201315\u00b0<\/li>\n<p><!-- \/wp:list-item --> <!-- wp:list-item --><\/p>\n<li><strong>Empaquetado en una caja original de estilo japon\u00e9s.<\/strong><\/li>\n<p><!-- \/wp:list-item --><\/ul>\n<p><!-- \/wp:list --><\/p>","protected":false},"featured_media":4827,"comment_status":"open","ping_status":"closed","template":"","meta":[],"product_brand":[],"product_cat":[24],"product_tag":[360,361,359],"class_list":{"0":"post-4824","1":"product","2":"type-product","3":"status-publish","4":"has-post-thumbnail","6":"product_cat-knifes","7":"product_tag-aogami-super","8":"product_tag-gyuto","9":"product_tag-myojinho","10":"product_shipping_class-iprastas","12":"first","13":"outofstock","14":"shipping-taxable","15":"purchasable","16":"product-type-simple"},"_links":{"self":[{"href":"https:\/\/jnats.eu\/es\/wp-json\/wp\/v2\/product\/4824","targetHints":{"allow":["GET"]}}],"collection":[{"href":"https:\/\/jnats.eu\/es\/wp-json\/wp\/v2\/product"}],"about":[{"href":"https:\/\/jnats.eu\/es\/wp-json\/wp\/v2\/types\/product"}],"replies":[{"embeddable":true,"href":"https:\/\/jnats.eu\/es\/wp-json\/wp\/v2\/comments?post=4824"}],"wp:featuredmedia":[{"embeddable":true,"href":"https:\/\/jnats.eu\/es\/wp-json\/wp\/v2\/media\/4827"}],"wp:attachment":[{"href":"https:\/\/jnats.eu\/es\/wp-json\/wp\/v2\/media?parent=4824"}],"wp:term":[{"taxonomy":"product_brand","embeddable":true,"href":"https:\/\/jnats.eu\/es\/wp-json\/wp\/v2\/product_brand?post=4824"},{"taxonomy":"product_cat","embeddable":true,"href":"https:\/\/jnats.eu\/es\/wp-json\/wp\/v2\/product_cat?post=4824"},{"taxonomy":"product_tag","embeddable":true,"href":"https:\/\/jnats.eu\/es\/wp-json\/wp\/v2\/product_tag?post=4824"}],"curies":[{"name":"wp","href":"https:\/\/api.w.org\/{rel}","templated":true}]}}