{"id":4860,"date":"2025-07-03T12:33:26","date_gmt":"2025-07-03T09:33:26","guid":{"rendered":"https:\/\/jnats.eu\/?post_type=product&#038;p=4860"},"modified":"2025-11-25T13:16:33","modified_gmt":"2025-11-25T11:16:33","slug":"natsuya-japoniskas-naturalus-galandinimo-akmuo-vidutinio-grudetumo","status":"publish","type":"product","link":"https:\/\/jnats.eu\/es\/producto-2\/natsuya-japoniskas-naturalus-galandinimo-akmuo-vidutinio-grudetumo\/","title":{"rendered":"Piedra de afilar natural japonesa Natsuya (grano medio)"},"content":{"rendered":"<p>Natsuya es una piedra de afilar natural japonesa originaria de la regi\u00f3n de Kioto, famosa por sus antiguas minas de piedra. Esta piedra de grano medio (equivalente a aproximadamente 1000-2000) es perfecta para el afilado intermedio de cuchillos, navajas o herramientas de carpinter\u00eda, proporcionando un afilado extremadamente limpio y controlado antes de pasar a piedras m\u00e1s finas.<\/p>\n\n\n\n<figure class=\"wp-block-embed is-type-video is-provider-youtube wp-block-embed-youtube wp-embed-aspect-16-9 wp-has-aspect-ratio\"><div class=\"wp-block-embed__wrapper\">\n<div class=\"video-container\"><iframe title=\"Piedra de afilar japonesa natural Natsuya | Prueba de afilado de grano medio\" width=\"1170\" height=\"658\" src=\"https:\/\/www.youtube.com\/embed\/AG_eMsnn1Wo?feature=oembed\" frameborder=\"0\" allow=\"accelerometer; autoplay; clipboard-write; encrypted-media; gyroscope; picture-in-picture; web-share\" referrerpolicy=\"strict-origin-when-cross-origin\" allowfullscreen><\/iframe><\/div>\n<\/div><\/figure>\n\n\n\n<p><strong>Caracter\u00edsticas:<\/strong><\/p>\n\n\n\n<ul class=\"wp-block-list\">\n<li>Piedra natural de la regi\u00f3n de Kioto<\/li>\n\n\n\n<li>Grano medio (~1000\u20132000 granos)<\/li>\n\n\n\n<li>Adecuado tanto para cuchillos japoneses como occidentales.<\/li>\n\n\n\n<li>Forma r\u00e1pidamente una pasta suave que facilita el afilado.<\/li>\n\n\n\n<li>Abrasividad equilibrada: elimina eficazmente los rayones de la piedra \u00e1spera y comienza a formar un perfil de borde limpio y afilado.<\/li>\n\n\n\n<li>Sensaci\u00f3n suave al afilar, lo que le proporciona un gran control.<\/li>\n<\/ul>\n\n\n\n<p><strong>Uso:<\/strong><br>Se recomienda remojar la piedra brevemente en agua antes de usarla o usarla como piedra h\u00fameda con un suministro constante de agua. Ideal despu\u00e9s del afilado inicial de la hoja y antes del pulido final con una piedra de grano fino.<\/p>","protected":false},"excerpt":{"rendered":"<ul class=\"wp-block-list\">\n<li>Adecuado para el afilado intermedio o final de cuchillos, tijeras, herramientas de carpinter\u00eda y otras.<\/li>\n<li>Tambi\u00e9n puedes conseguir una preparaci\u00f3n decente con un acabado de cachemira.<\/li>\n<li>Grano de aproximadamente 1500 granos<\/li>\n<li>Dureza: Lv 4<\/li>\n<li>Extra\u00edda en canteras a mediados del siglo pasado, esta piedra de \u00e9poca se caracteriza por su buena velocidad y suavidad.<\/li>\n<li>Marca Sun Tiger The Matsuga CO. LTD<\/li>\n<li>Un lado est\u00e1 alisado y listo para trabajar.<\/li>\n<li><strong>Pod\u00e9is ver el trabajo en el v\u00eddeo que figura a continuaci\u00f3n.<\/strong><\/li>\n<\/ul>\n<ol>\n<li>Dimensiones: 217x63x781 mm Peso: 2400 g<\/li>\n<li>Dimensiones: 203x68x77 mm Peso: 2600 g<\/li>\n<li>Dimensiones: 211x69x78 mm Peso: 2700 g<\/li>\n<\/ol>","protected":false},"featured_media":4870,"comment_status":"open","ping_status":"closed","template":"","meta":[],"product_brand":[],"product_cat":[22],"product_tag":[300,364],"class_list":{"0":"post-4860","1":"product","2":"type-product","3":"status-publish","4":"has-post-thumbnail","6":"product_cat-jnats","7":"product_tag-medium","8":"product_tag-natsuya","9":"product_shipping_class-iprastas","11":"first","12":"instock","13":"shipping-taxable","14":"purchasable","15":"product-type-variable"},"_links":{"self":[{"href":"https:\/\/jnats.eu\/es\/wp-json\/wp\/v2\/product\/4860","targetHints":{"allow":["GET"]}}],"collection":[{"href":"https:\/\/jnats.eu\/es\/wp-json\/wp\/v2\/product"}],"about":[{"href":"https:\/\/jnats.eu\/es\/wp-json\/wp\/v2\/types\/product"}],"replies":[{"embeddable":true,"href":"https:\/\/jnats.eu\/es\/wp-json\/wp\/v2\/comments?post=4860"}],"wp:featuredmedia":[{"embeddable":true,"href":"https:\/\/jnats.eu\/es\/wp-json\/wp\/v2\/media\/4870"}],"wp:attachment":[{"href":"https:\/\/jnats.eu\/es\/wp-json\/wp\/v2\/media?parent=4860"}],"wp:term":[{"taxonomy":"product_brand","embeddable":true,"href":"https:\/\/jnats.eu\/es\/wp-json\/wp\/v2\/product_brand?post=4860"},{"taxonomy":"product_cat","embeddable":true,"href":"https:\/\/jnats.eu\/es\/wp-json\/wp\/v2\/product_cat?post=4860"},{"taxonomy":"product_tag","embeddable":true,"href":"https:\/\/jnats.eu\/es\/wp-json\/wp\/v2\/product_tag?post=4860"}],"curies":[{"name":"wp","href":"https:\/\/api.w.org\/{rel}","templated":true}]}}