{"id":4877,"date":"2025-07-04T10:57:29","date_gmt":"2025-07-04T07:57:29","guid":{"rendered":"https:\/\/jnats.eu\/?post_type=product&#038;p=4877"},"modified":"2026-04-07T17:08:21","modified_gmt":"2026-04-07T14:08:21","slug":"wakasa-tamurayama-japonijos-grozio-meistru-rekomenduojamas-akmuo-skustuvams","status":"publish","type":"product","link":"https:\/\/jnats.eu\/es\/producto-2\/wakasa-tamurayama-japonijos-grozio-meistru-rekomenduojamas-akmuo-skustuvams\/","title":{"rendered":"Wakasa Tamurayama | Piedra de afeitar recomendada por los maestros de belleza japoneses"},"content":{"rendered":"<p>Wakasa Tamurayama es una piedra natural japonesa de acabado extremadamente rara y muy apreciada, originaria de la hist\u00f3rica regi\u00f3n de Tamurayama, en la prefectura de Fukui, cerca de la famosa bah\u00eda de Wakasa. Esta piedra se ha utilizado durante mucho tiempo para afilar kamisori y navajas de afeitar de lujo tradicionales japonesas, y su calidad de afilado y pureza se comparan con las legendarias piedras Maruka Kyoto.<\/p>\n\n\n\n<figure class=\"wp-block-embed is-type-video is-provider-youtube wp-block-embed-youtube wp-embed-aspect-16-9 wp-has-aspect-ratio\"><div class=\"wp-block-embed__wrapper\">\n<div class=\"video-container\"><iframe title=\"Wakasa Tamurayama Asagi Piedra de afilar japonesa natural Kamisori Prueba de bru\u00f1ido\" width=\"1170\" height=\"658\" src=\"https:\/\/www.youtube.com\/embed\/2GslS7RdqPA?feature=oembed\" frameborder=\"0\" allow=\"accelerometer; autoplay; clipboard-write; encrypted-media; gyroscope; picture-in-picture; web-share\" referrerpolicy=\"strict-origin-when-cross-origin\" allowfullscreen><\/iframe><\/div>\n<\/div><\/figure>\n\n\n\n<p><strong>\u00bfPor qu\u00e9 elegir Wakasa Tamurayama?<\/strong><br>\u2705 <strong>Calidad y rapidez del trabajo<\/strong> \u2013 Esta piedra se distingue por un pulido extremadamente uniforme, suave y al mismo tiempo relativamente r\u00e1pido, que elimina eficazmente irregularidades de tama\u00f1o microm\u00e9trico en el metal sin dejar rayones.<br>\u2705 <strong>Respuesta y sensaci\u00f3n<\/strong> La sensaci\u00f3n de trabajo es muy similar a la de las piedras Maruka cl\u00e1sicas: suaves, delicadas y con una agradable sensaci\u00f3n que permite un control ideal de la presi\u00f3n y el resultado del afilado. No necesita escofina, ya que la piedra libera su propia suspensi\u00f3n.<br>\u2705 <strong>Altamente valorado en Jap\u00f3n<\/strong> \u2013 Wakasa Tamurayama es una de las pocas piedras naturales que cuenta con las puntuaciones m\u00e1s altas <strong>Asociaci\u00f3n Japonesa de Peluqueros y Profesionales de la Belleza<\/strong>, recomendado para el acabado profesional de navajas y herramientas extremadamente afiladas.<\/p>\n\n\n\n<p><strong>Uso recomendado:<\/strong><\/p>\n\n\n\n<ul class=\"wp-block-list\">\n<li>Para navajas de afeitar (camissori, navajas de afeitar rectas)<\/li>\n\n\n\n<li>Para el acabado final de cuchillos sobre piedra natural.<\/li>\n\n\n\n<li>Para herramientas que requieren hojas extremadamente limpias<\/li>\n<\/ul>\n\n\n\n<p><strong>Caracter\u00edsticas:<\/strong><\/p>\n\n\n\n<ul class=\"wp-block-list\">\n<li>Grano: alto (equivalente a ~12 000\u201315 000 en la escala sint\u00e9tica)<\/li>\n\n\n\n<li>Dureza: media-alta<\/li>\n\n\n\n<li>Estructura de la superficie: extremadamente lisa, sin inclusiones.<\/li>\n\n\n\n<li>Velocidad de pulido: bastante r\u00e1pida para una piedra de acabado de este nivel.<\/li>\n<\/ul>\n\n\n\n<p><strong>Observaci\u00f3n:<\/strong> Cada piedra de Wakasa Tamurayama se prueba a mano para garantizar su calidad e integridad, lo que la convierte no solo en una herramienta, sino tambi\u00e9n en una inversi\u00f3n con valor duradero para los maestros del trabajo con metales y del afeitado.<\/p>","protected":false},"excerpt":{"rendered":"<p><strong>Dimensiones y peso aproximado:<\/strong><\/p>\n<ol>\n<li>218x76x25 mm, 1140 gramos.<\/li>\n<li>224x77x30 mm, 1420 gramos.<\/li>\n<li><strong>218 x 77 x 31 mm, 1425 g. Est\u00e1 pegado, por lo que no lo recomendamos para navajas. Otras herramientas no tendr\u00e1n problema si no se introduce la hendidura perpendicularmente ni se presiona con fuerza.<\/strong><\/li>\n<li>216x76x25 mm, 1260 gramos.<\/li>\n<li>218x77x30 mm, 1310 gramos.<\/li>\n<li>217x76x33 mm, 1510 gramos.<\/li>\n<li>212x82x28 mm, 1320 gramos.<\/li>\n<li>218x78x31 mm, 1450 gramos.<\/li>\n<\/ol>","protected":false},"featured_media":4878,"comment_status":"open","ping_status":"closed","template":"","meta":[],"product_brand":[],"product_cat":[22],"product_tag":[365,344,61],"class_list":{"0":"post-4877","1":"product","2":"type-product","3":"status-publish","4":"has-post-thumbnail","6":"product_cat-jnats","7":"product_tag-naturalus-akmuo","8":"product_tag-tamurayama","9":"product_tag-wakasa","10":"product_shipping_class-iprastas","12":"first","13":"instock","14":"shipping-taxable","15":"purchasable","16":"product-type-variable"},"_links":{"self":[{"href":"https:\/\/jnats.eu\/es\/wp-json\/wp\/v2\/product\/4877","targetHints":{"allow":["GET"]}}],"collection":[{"href":"https:\/\/jnats.eu\/es\/wp-json\/wp\/v2\/product"}],"about":[{"href":"https:\/\/jnats.eu\/es\/wp-json\/wp\/v2\/types\/product"}],"replies":[{"embeddable":true,"href":"https:\/\/jnats.eu\/es\/wp-json\/wp\/v2\/comments?post=4877"}],"wp:featuredmedia":[{"embeddable":true,"href":"https:\/\/jnats.eu\/es\/wp-json\/wp\/v2\/media\/4878"}],"wp:attachment":[{"href":"https:\/\/jnats.eu\/es\/wp-json\/wp\/v2\/media?parent=4877"}],"wp:term":[{"taxonomy":"product_brand","embeddable":true,"href":"https:\/\/jnats.eu\/es\/wp-json\/wp\/v2\/product_brand?post=4877"},{"taxonomy":"product_cat","embeddable":true,"href":"https:\/\/jnats.eu\/es\/wp-json\/wp\/v2\/product_cat?post=4877"},{"taxonomy":"product_tag","embeddable":true,"href":"https:\/\/jnats.eu\/es\/wp-json\/wp\/v2\/product_tag?post=4877"}],"curies":[{"name":"wp","href":"https:\/\/api.w.org\/{rel}","templated":true}]}}