{"id":492,"date":"2024-03-07T10:55:29","date_gmt":"2024-03-07T08:55:29","guid":{"rendered":"http:\/\/jnats.eu\/?post_type=product&#038;p=492"},"modified":"2024-08-01T13:36:33","modified_gmt":"2024-08-01T10:36:33","slug":"heljestrand-eskiltuna-suecia-vintage-razor-set-de-7-dias","status":"publish","type":"product","link":"https:\/\/jnats.eu\/es\/producto-2\/heljestrand-eskiltuna-suecia-vintage-razor-set-de-7-dias\/","title":{"rendered":"Heljestrand Eskiltuna Suecia Vintage Razors Juego de 7 d\u00edas"},"content":{"rendered":"<p>El juego de afeitadora Heljestrand Eskiltuna Suecia de 7 d\u00edas encarna la artesan\u00eda y la sofisticaci\u00f3n y ofrece una experiencia de afeitado lujosa arraigada en la herencia y la calidad. <\/p>\n\n\n\n<p>Heljestrand Eskiltuna Suecia set de maquinilla de afeitar de 7 d\u00edas<\/p>\n\n\n\n<p>Libera el ep\u00edtome de la elegancia y precisi\u00f3n atemporales con el kit de afeitado de 7 d\u00edas Heljestrand Eskiltuna Suecia. Elaboradas en las renombradas forjas de Eskilstuna, Suecia, famosas por su tradici\u00f3n centenaria de fina orfebrer\u00eda, cada pieza de este conjunto refleja una artesan\u00eda y una atenci\u00f3n al detalle incomparables.<\/p>\n\n\n\n<p>Artesan\u00eda excepcional:<br>Cada maquinilla de afeitar de este juego est\u00e1 cuidadosamente elaborada con acero inoxidable de la m\u00e1s alta calidad para garantizar un filo duradero y un rendimiento superior. Las hojas est\u00e1n perfectamente afiladas para un afeitado suave y c\u00f3modo en cada pasada.<\/p>\n\n\n\n<p>Elegancia vintage:<br>Adornadas con dise\u00f1os cl\u00e1sicos y detalles intrincados, estas navajas de afeitar rezuman encanto y sofisticaci\u00f3n vintage. Desde los c\u00f3modos mangos hasta las hojas dise\u00f1adas con precisi\u00f3n, cada elemento habla de la rica herencia y el exquisito arte que es sin\u00f3nimo de Heljestrand.<\/p>\n\n\n\n<p>Comodidad de 7 d\u00edas:<br>Dise\u00f1ado para el caballero moderno que aprecia el estilo y la funcionalidad, este juego incluye siete maquinillas de afeitar, cada una dedicada a un d\u00eda espec\u00edfico de la semana. Acepta con gusto el ritual de mantenimiento sabiendo que tienes la herramienta perfecta para cada ocasi\u00f3n.<\/p>\n\n\n\n<p>Entrega de lujo:<br>Presentado en una caja elegante y sofisticada, el kit de afeitado de 7 d\u00edas Heljestrand Eskiltuna Suecia es el complemento perfecto para cualquier colecci\u00f3n atractiva. Ya sea un regalo personal o un regalo atento para un caballero exigente, este juego encarna lujo y sofisticaci\u00f3n.<\/p>\n\n\n\n<p>Mejora tu experiencia de afeitado:<br>Disfrute del arte del afeitado con el kit de afeitado de 7 d\u00edas Heljestrand Eskiltuna Suecia y experimente el encanto atemporal de la artesan\u00eda sueca. Lleva tu rutina de cuidado a nuevas alturas de sofisticaci\u00f3n y estilo con esta exclusiva colecci\u00f3n de maquinillas de afeitar.<\/p>\n\n\n\n<p>El kit de afeitado de 7 d\u00edas de Heljestrand Eskiltuna Sweden es algo m\u00e1s que un accesorio para el cuidado del cuerpo y el rostro: es un s\u00edmbolo de gusto refinado y calidad sin concesiones, destinado a ser apreciado durante generaciones.<\/p>\n\n\n\n<figure class=\"wp-block-embed is-type-video is-provider-youtube wp-block-embed-youtube wp-embed-aspect-16-9 wp-has-aspect-ratio\"><div class=\"wp-block-embed__wrapper\">\n<div class=\"video-container\"><iframe title=\"Heljestrand Eskiltuna Suecia Vintage Razors Juego de 7 d\u00edas\" width=\"1170\" height=\"658\" src=\"https:\/\/www.youtube.com\/embed\/oYVb2hrp-h0?feature=oembed\" frameborder=\"0\" allow=\"accelerometer; autoplay; clipboard-write; encrypted-media; gyroscope; picture-in-picture; web-share\" allowfullscreen><\/iframe><\/div>\n<\/div><\/figure>","protected":false},"excerpt":{"rendered":"<ul>\n<li>Heljestrand Eskiltuna Suecia Vintage Razors Juego de 7 d\u00edas<\/li>\n<li><strong>El sueco es probablemente el acero inoxidable m\u00e1s afilado que se encuentra en las maquinillas de afeitar.<\/strong><\/li>\n<li>Los mangos son de pol\u00edmero.<\/li>\n<li>No usado (NOS - Nuevo stock antiguo)<\/li>\n<li>Buen estado<\/li>\n<li>Hay signos de corrosi\u00f3n.<\/li>\n<li>Sin divisiones ni roturas<\/li>\n<li>Dimensiones de la hoja: 70 x 17 mm<\/li>\n<\/ul>","protected":false},"featured_media":1071,"comment_status":"open","ping_status":"closed","template":"","meta":[],"product_brand":[],"product_cat":[23],"product_tag":[114,113,115],"class_list":{"0":"post-492","1":"product","2":"type-product","3":"status-publish","4":"has-post-thumbnail","6":"product_cat-razors","7":"product_tag-eskiltuna","8":"product_tag-heljestrand","9":"product_tag-sweden","10":"product_shipping_class-light","12":"first","13":"outofstock","14":"sale","15":"shipping-taxable","16":"purchasable","17":"product-type-simple"},"_links":{"self":[{"href":"https:\/\/jnats.eu\/es\/wp-json\/wp\/v2\/product\/492","targetHints":{"allow":["GET"]}}],"collection":[{"href":"https:\/\/jnats.eu\/es\/wp-json\/wp\/v2\/product"}],"about":[{"href":"https:\/\/jnats.eu\/es\/wp-json\/wp\/v2\/types\/product"}],"replies":[{"embeddable":true,"href":"https:\/\/jnats.eu\/es\/wp-json\/wp\/v2\/comments?post=492"}],"wp:featuredmedia":[{"embeddable":true,"href":"https:\/\/jnats.eu\/es\/wp-json\/wp\/v2\/media\/1071"}],"wp:attachment":[{"href":"https:\/\/jnats.eu\/es\/wp-json\/wp\/v2\/media?parent=492"}],"wp:term":[{"taxonomy":"product_brand","embeddable":true,"href":"https:\/\/jnats.eu\/es\/wp-json\/wp\/v2\/product_brand?post=492"},{"taxonomy":"product_cat","embeddable":true,"href":"https:\/\/jnats.eu\/es\/wp-json\/wp\/v2\/product_cat?post=492"},{"taxonomy":"product_tag","embeddable":true,"href":"https:\/\/jnats.eu\/es\/wp-json\/wp\/v2\/product_tag?post=492"}],"curies":[{"name":"wp","href":"https:\/\/api.w.org\/{rel}","templated":true}]}}