{"id":4924,"date":"2025-07-10T13:51:53","date_gmt":"2025-07-10T10:51:53","guid":{"rendered":"https:\/\/jnats.eu\/?post_type=product&#038;p=4924"},"modified":"2026-02-12T13:15:19","modified_gmt":"2026-02-12T11:15:19","slug":"hideki-ir-chobomasa-kamisori-vintaziniai-japoniski-skustuvai-naudoti","status":"publish","type":"product","link":"https:\/\/jnats.eu\/es\/producto-2\/hideki-ir-chobomasa-kamisori-vintaziniai-japoniski-skustuvai-naudoti\/","title":{"rendered":"Maquinillas de afeitar japonesas antiguas Kamisori de Hideki y Chobomasa (usadas)"},"content":{"rendered":"<p>Descubra la verdadera maestr\u00eda del afeitado japon\u00e9s con&nbsp;<strong>NOS Chobomasa Kamisori<\/strong>&nbsp;Navajas japonesas vintage aut\u00e9nticas y hechas a mano. Estas navajas son usadas y se conservan en excelentes condiciones, directamente del Jap\u00f3n de mediados del siglo XX.<\/p>\n\n\n\n<figure class=\"wp-block-embed is-type-video is-provider-youtube wp-block-embed-youtube wp-embed-aspect-16-9 wp-has-aspect-ratio\"><div class=\"wp-block-embed__wrapper\">\n<div class=\"video-container\"><iframe title=\"Maquinillas de afeitar japonesas antiguas Kamisori de Hideki y Chobomasa (usadas)\" width=\"1170\" height=\"658\" src=\"https:\/\/www.youtube.com\/embed\/_KzEqBvL-7M?feature=oembed\" frameborder=\"0\" allow=\"accelerometer; autoplay; clipboard-write; encrypted-media; gyroscope; picture-in-picture; web-share\" referrerpolicy=\"strict-origin-when-cross-origin\" allowfullscreen><\/iframe><\/div>\n<\/div><\/figure>\n\n\n\n<p>Cocinado a la manera tradicional\u00a0<strong>kamisori<\/strong>\u00a0en forma de cuchillas de afeitar, estas maquinillas destacan\u00a0<strong>cuchilla asim\u00e9trica<\/strong>\u00a0y\u00a0<strong>acero al carbono de alta calidad<\/strong>, garantizando un afilado excepcional y una larga duraci\u00f3n. Cada navaja transmite sutilmente el esp\u00edritu de la antigua artesan\u00eda japonesa y una funcionalidad excepcional.<\/p>\n\n\n\n<p><strong>Caracter\u00edsticas:<\/strong><\/p>\n\n\n\n<ul class=\"wp-block-list\">\n<li>Aut\u00e9ntico japon\u00e9s&nbsp;<strong>kamisori<\/strong>&nbsp;dise\u00f1o<\/li>\n\n\n\n<li>Usado, vintage<\/li>\n\n\n\n<li>Alta calidad&nbsp;<strong>hoja de acero al carbono<\/strong><\/li>\n\n\n\n<li>Fabricaci\u00f3n artesanal y tradicional en Jap\u00f3n<\/li>\n\n\n\n<li>Para coleccionistas y aficionados al afeitado<\/li>\n<\/ul>\n\n\n\n<p><strong>1\u00ba y 2\u00ba desde la izquierda:<\/strong><\/p>\n\n\n\n<ul class=\"wp-block-list\">\n<li>\u4e0a\u6e6f (Kamiyu)<\/li>\n\n\n\n<li>\u79c0\u8f1d (Hideki o Sh\u016bk\u014d, seg\u00fan la lectura)<\/li>\n<\/ul>\n\n\n\n<p><strong>Traducci\u00f3n:<\/strong><\/p>\n\n\n\n<ul class=\"wp-block-list\">\n<li><strong>\u4e0a\u6e6f (Kamiyu)<\/strong> \u2013 Lo m\u00e1s probable es que se trate de marcas o lugares\/nombres falsificados.<\/li>\n\n\n\n<li><strong>\u79c0\u8f1d<\/strong> \u2014 el nombre o marca del maestro.<\/li>\n<\/ul>\n\n\n\n<p><strong>Conclusi\u00f3n:<\/strong> Los dos primeros kamisori fueron hechos por el mismo herrero Hideki. <strong>\u79c0\u8f1d<\/strong>, marca <strong>Kamiya<\/strong>.<\/p>\n\n\n\n<p>Todos los dem\u00e1s <strong>Chobomasa Kamisori<\/strong><\/p>","protected":false},"excerpt":{"rendered":"<ul>\n<li>Al igual que la espada samur\u00e1i tradicional, la katana, estos Kamisori se forjaron a mano en 2 partes. La parte cortante est\u00e1 hecha de acero con alto contenido en carbono, mientras que la capa de soporte est\u00e1 hecha de un acero m\u00e1s sencillo. La capa de acero es dura, mientras que la estructura m\u00e1s blanda proporciona la resistencia necesaria a la rotura.<\/li>\n<li>Todas las camisolas son ligeramente diferentes porque est\u00e1n hechas a mano.<\/li>\n<li>Peso (aprox.): 35 g., <strong>1 y 2: 45 gr.\u00a0<\/strong><\/li>\n<li>Longitud total (aprox.): 145 mm, <strong>1 y 2: 150 mm.\u00a0<\/strong><\/li>\n<li>Altura (aprox.): 18 mm, <strong>1 y 2: 21 mm.\u00a0<\/strong><\/li>\n<li>Grosor de la cinta (aprox.): 6 mm<\/li>\n<li>Longitud de la hoja (aprox.): 44 mm, <strong>1 y 2: 47 mm.\u00a0<\/strong><\/li>\n<li>El mango est\u00e1 hecho de cart\u00f3n envuelto con cordel.<\/li>\n<li><strong>Si no ve el art\u00edculo en la lista desplegable, significa que est\u00e1 en oferta.<\/strong><\/li>\n<\/ul>","protected":false},"featured_media":4925,"comment_status":"open","ping_status":"closed","template":"","meta":[],"product_brand":[],"product_cat":[23],"product_tag":[322,25],"class_list":{"0":"post-4924","1":"product","2":"type-product","3":"status-publish","4":"has-post-thumbnail","6":"product_cat-razors","7":"product_tag-chobomasa","8":"product_tag-kamisori","9":"product_shipping_class-light","11":"first","12":"outofstock","13":"shipping-taxable","14":"product-type-variable"},"_links":{"self":[{"href":"https:\/\/jnats.eu\/es\/wp-json\/wp\/v2\/product\/4924","targetHints":{"allow":["GET"]}}],"collection":[{"href":"https:\/\/jnats.eu\/es\/wp-json\/wp\/v2\/product"}],"about":[{"href":"https:\/\/jnats.eu\/es\/wp-json\/wp\/v2\/types\/product"}],"replies":[{"embeddable":true,"href":"https:\/\/jnats.eu\/es\/wp-json\/wp\/v2\/comments?post=4924"}],"wp:featuredmedia":[{"embeddable":true,"href":"https:\/\/jnats.eu\/es\/wp-json\/wp\/v2\/media\/4925"}],"wp:attachment":[{"href":"https:\/\/jnats.eu\/es\/wp-json\/wp\/v2\/media?parent=4924"}],"wp:term":[{"taxonomy":"product_brand","embeddable":true,"href":"https:\/\/jnats.eu\/es\/wp-json\/wp\/v2\/product_brand?post=4924"},{"taxonomy":"product_cat","embeddable":true,"href":"https:\/\/jnats.eu\/es\/wp-json\/wp\/v2\/product_cat?post=4924"},{"taxonomy":"product_tag","embeddable":true,"href":"https:\/\/jnats.eu\/es\/wp-json\/wp\/v2\/product_tag?post=4924"}],"curies":[{"name":"wp","href":"https:\/\/api.w.org\/{rel}","templated":true}]}}